{"id":5043,"date":"2026-01-25T16:30:55","date_gmt":"2026-01-25T15:30:55","guid":{"rendered":"https:\/\/parapharmacieenligne.ma\/?post_type=product&#038;p=5043"},"modified":"2026-01-25T16:33:23","modified_gmt":"2026-01-25T15:33:23","slug":"srv-topialyse-barriere-50ml","status":"publish","type":"product","link":"https:\/\/parapharmacieenligne.ma\/en\/product\/srv-topialyse-barriere-50ml\/","title":{"rendered":"SRV TOPIALYSE Barri\u00e8re 50ML"},"content":{"rendered":"<div aria-labelledby=\"tab-title-description\" class=\"woocommerce-Tabs-panel woocommerce-Tabs-panel--description panel entry-content wc-tab\" id=\"tab-description\" role=\"tabpanel\" style=\"\">\n<h2>Description<\/h2>\n<p>Topialyse Cr\u00e8me Barri\u00e8re pour les mains, le visage et le corps prot\u00e8ge les peaux atopiques des agressions m\u00e9caniques ou chimiques dues aux d\u00e9tergents.<\/p>\n<p>Pour les peaux s\u00e8ches \u00e0 tendance atopique.<\/p>\n<p>Zones r\u00e9actives, irrit\u00e9es et localis\u00e9es: mains, visage, corps.<\/p>\n<p>Enfants et adultes.<\/p>\n<div class=\"product product--template\" data-enable-history-state=\"true\" data-section-id=\"\" data-section-type=\"product\">\n<div class=\"container\">\n<div class=\"product__content\">\n<div class=\"product__tab expanded\" data-drawer-container=\"\">\n<div class=\"product__tab-content\" data-drawer-content=\"\">\n<p>Utiliser quotidiennement sur les zones localis\u00e9es irrit\u00e9es (mains, visage, corps, plis) et \u00e0 chaque fois que le besoin s\u2019en fait sentir.<\/p>\n<p>Appliquer le matin pour une protection tout au long de la journ\u00e9e et le soir pour une action r\u00e9paratrice optimis\u00e9e.<\/p>\n<\/p><\/div>\n<\/p><\/div>\n<\/p><\/div>\n<\/p><\/div>\n<\/p><\/div>\n<div class=\"section section--products\">\n<div class=\"container\">\n<div class=\"section__header\"><\/div>\n<\/p><\/div>\n<\/p><\/div>\n<\/p><\/div>","protected":false},"excerpt":{"rendered":"<p>Highlights:Cr\u00e8me r\u00e9paratrice anti-grattage, anti-irritations.50ml \u2013 Topialyse Cr\u00e8me Barri\u00e8re pour les mains, le visage et le corps prot\u00e8ge les peaux atopiques des agressions m\u00e9caniques ou chimiques dues aux d\u00e9tergents.<\/p>","protected":false},"featured_media":5103,"comment_status":"open","ping_status":"closed","template":"","meta":[],"product_cat":[85],"product_tag":[],"yith_product_brand":[99],"class_list":{"0":"post-5043","1":"product","2":"type-product","3":"status-publish","4":"has-post-thumbnail","6":"product_cat-soins-corps","7":"yith_product_brand-svr","9":"first","10":"instock","11":"sale","12":"shipping-taxable","13":"purchasable","14":"product-type-simple"},"_links":{"self":[{"href":"https:\/\/parapharmacieenligne.ma\/en\/wp-json\/wp\/v2\/product\/5043","targetHints":{"allow":["GET"]}}],"collection":[{"href":"https:\/\/parapharmacieenligne.ma\/en\/wp-json\/wp\/v2\/product"}],"about":[{"href":"https:\/\/parapharmacieenligne.ma\/en\/wp-json\/wp\/v2\/types\/product"}],"replies":[{"embeddable":true,"href":"https:\/\/parapharmacieenligne.ma\/en\/wp-json\/wp\/v2\/comments?post=5043"}],"version-history":[{"count":1,"href":"https:\/\/parapharmacieenligne.ma\/en\/wp-json\/wp\/v2\/product\/5043\/revisions"}],"predecessor-version":[{"id":5104,"href":"https:\/\/parapharmacieenligne.ma\/en\/wp-json\/wp\/v2\/product\/5043\/revisions\/5104"}],"wp:featuredmedia":[{"embeddable":true,"href":"https:\/\/parapharmacieenligne.ma\/en\/wp-json\/wp\/v2\/media\/5103"}],"wp:attachment":[{"href":"https:\/\/parapharmacieenligne.ma\/en\/wp-json\/wp\/v2\/media?parent=5043"}],"wp:term":[{"taxonomy":"product_cat","embeddable":true,"href":"https:\/\/parapharmacieenligne.ma\/en\/wp-json\/wp\/v2\/product_cat?post=5043"},{"taxonomy":"product_tag","embeddable":true,"href":"https:\/\/parapharmacieenligne.ma\/en\/wp-json\/wp\/v2\/product_tag?post=5043"},{"taxonomy":"yith_product_brand","embeddable":true,"href":"https:\/\/parapharmacieenligne.ma\/en\/wp-json\/wp\/v2\/yith_product_brand?post=5043"}],"curies":[{"name":"wp","href":"https:\/\/api.w.org\/{rel}","templated":true}]}}