{"id":5050,"date":"2026-01-25T16:31:22","date_gmt":"2026-01-25T15:31:22","guid":{"rendered":"https:\/\/parapharmacieenligne.ma\/?post_type=product&#038;p=5050"},"modified":"2026-01-25T16:33:26","modified_gmt":"2026-01-25T15:33:26","slug":"topialyse-palpebral-cc-medium-spf20-7g","status":"publish","type":"product","link":"https:\/\/parapharmacieenligne.ma\/en\/product\/topialyse-palpebral-cc-medium-spf20-7g\/","title":{"rendered":"TOPIALYSE Palp\u00e9bral CC medium spf20 7g"},"content":{"rendered":"<div aria-labelledby=\"tab-title-description\" class=\"woocommerce-Tabs-panel woocommerce-Tabs-panel--description panel entry-content wc-tab\" id=\"tab-description\" role=\"tabpanel\" style=\"\">\n<h2>Description<\/h2>\n<p>Pour les paupi\u00e8res et contours des yeux sensibles, secs, irrit\u00e9s qui marquent : cernes, poches\u2026<\/p>\n<p>TOPIALYSE PALPEBRAL CC allie la couvrance d\u2019un anti-cernes tenue <strong>12H<\/strong><sup>(1)<\/sup> \u00e0 l\u2019efficacit\u00e9 d\u2019un soin apaisant et hydratant <strong>12H<\/strong><sup>(2)<\/sup>, tout en prot\u00e9geant cette zone fragile des m\u00e9faits des UV. En un seul geste, le regard est repos\u00e9, unifi\u00e9, il s\u2019\u00e9veille.<\/p>\n<p>Son embout offre une application cibl\u00e9e &amp; effet froid anti-poches qui dure jusqu\u2019\u00e0 <strong>12H<\/strong><sup>(3)<\/sup> apr\u00e8s application.<\/p>\n<\/p>\n<p>1. Appliquer le produit avec l\u2019embout en exer\u00e7ant 3 points de pressions, pour activer la microcirculation et agir sur les cernes.<\/p>\n<\/p>\n<p>2. Avec l\u2019embout, effectuer un mouvement lissant de l\u2019int\u00e9rieur de l\u2019\u0153il vers l\u2019ext\u00e9rieur de l\u2019\u0153il afin de lisser les rides et ridules et d\u2019att\u00e9nuer les poches.<\/p>\n<\/p>\n<p>3. Tapoter du bout des doigts pour faire p\u00e9n\u00e9trer le produit.<\/p>\n<\/p>\n<\/p><\/div>","protected":false},"excerpt":{"rendered":"<p>Highlights:Cr\u00e8me anti-cernes anti-irritations, longue tenue paupi\u00e8res et contours des yeux sensibles, secs, irrit\u00e9s \u2013 cernes et poches<\/p>","protected":false},"featured_media":5105,"comment_status":"open","ping_status":"closed","template":"","meta":[],"product_cat":[83],"product_tag":[],"yith_product_brand":[99],"class_list":{"0":"post-5050","1":"product","2":"type-product","3":"status-publish","4":"has-post-thumbnail","6":"product_cat-soins-visage","7":"yith_product_brand-svr","9":"first","10":"instock","11":"sale","12":"shipping-taxable","13":"purchasable","14":"product-type-simple"},"_links":{"self":[{"href":"https:\/\/parapharmacieenligne.ma\/en\/wp-json\/wp\/v2\/product\/5050","targetHints":{"allow":["GET"]}}],"collection":[{"href":"https:\/\/parapharmacieenligne.ma\/en\/wp-json\/wp\/v2\/product"}],"about":[{"href":"https:\/\/parapharmacieenligne.ma\/en\/wp-json\/wp\/v2\/types\/product"}],"replies":[{"embeddable":true,"href":"https:\/\/parapharmacieenligne.ma\/en\/wp-json\/wp\/v2\/comments?post=5050"}],"version-history":[{"count":1,"href":"https:\/\/parapharmacieenligne.ma\/en\/wp-json\/wp\/v2\/product\/5050\/revisions"}],"predecessor-version":[{"id":5106,"href":"https:\/\/parapharmacieenligne.ma\/en\/wp-json\/wp\/v2\/product\/5050\/revisions\/5106"}],"wp:featuredmedia":[{"embeddable":true,"href":"https:\/\/parapharmacieenligne.ma\/en\/wp-json\/wp\/v2\/media\/5105"}],"wp:attachment":[{"href":"https:\/\/parapharmacieenligne.ma\/en\/wp-json\/wp\/v2\/media?parent=5050"}],"wp:term":[{"taxonomy":"product_cat","embeddable":true,"href":"https:\/\/parapharmacieenligne.ma\/en\/wp-json\/wp\/v2\/product_cat?post=5050"},{"taxonomy":"product_tag","embeddable":true,"href":"https:\/\/parapharmacieenligne.ma\/en\/wp-json\/wp\/v2\/product_tag?post=5050"},{"taxonomy":"yith_product_brand","embeddable":true,"href":"https:\/\/parapharmacieenligne.ma\/en\/wp-json\/wp\/v2\/yith_product_brand?post=5050"}],"curies":[{"name":"wp","href":"https:\/\/api.w.org\/{rel}","templated":true}]}}