{"id":5631,"date":"2026-01-25T19:25:38","date_gmt":"2026-01-25T18:25:38","guid":{"rendered":"https:\/\/parapharmacieenligne.ma\/?post_type=product&#038;p=5631"},"modified":"2026-01-25T19:26:17","modified_gmt":"2026-01-25T18:26:17","slug":"dcp-hairloss-lotion-capillaire-hommes-200ml","status":"publish","type":"product","link":"https:\/\/parapharmacieenligne.ma\/en\/product\/dcp-hairloss-lotion-capillaire-hommes-200ml\/","title":{"rendered":"DCP HAIRLOSS LOTION CAPILLAIRE HOMMES 200ml"},"content":{"rendered":"<div aria-labelledby=\"tab-title-description\" class=\"woocommerce-Tabs-panel woocommerce-Tabs-panel--description panel entry-content wc-tab\" id=\"tab-description\" role=\"tabpanel\" style=\"\">\n<h2>Description<\/h2>\n<p><strong>Indications :<\/strong><br \/>\n \u2013 Fortifie les cheveux<br \/>\n \u2013 Aide \u00e0 ralentir la chute des cheveux<br \/>\n \u2013 Stimule profond\u00e9ment la repousse des cheveux<br \/>\n \u2013 Revitalise le cuir chevelu et le tonifie sans le dess\u00e9cher<br \/>\n \u2013 Indiqu\u00e9 pour tous types de cheveux et plus sp\u00e9cialement : cheveux cassants et ab\u00eem\u00e9s<br \/>\n \u2013 Respecte l\u2019\u00e9quilibre du cuir chevelu<\/p>\n<p><b>Conseils d\u2019utilisation :<\/b><\/p>\n<p>Quotidiennement, appliquer DCP HAIRLOSS lotion.<br \/>\n R\u00e9partir sur le cuir chevelu.<br \/>\n Frictionner l\u00e9g\u00e8rement du bout des doigts.<br \/>\n S\u00e9cher les cheveux puis coiffer.<br \/>\n En protocole, utiliser DCP HAIRLOSS lotion avec DCP HAIRLOSS Shampoing.<\/p>\n<\/p><\/div>","protected":false},"excerpt":{"rendered":"<p>Highlights:DCP HAIRLOSS lotion stimule profond\u00e9ment la croissance des cheveux<\/p>","protected":false},"featured_media":5669,"comment_status":"open","ping_status":"closed","template":"","meta":[],"product_cat":[84],"product_tag":[],"yith_product_brand":[102],"class_list":{"0":"post-5631","1":"product","2":"type-product","3":"status-publish","4":"has-post-thumbnail","6":"product_cat-soins-cheveux","7":"yith_product_brand-dcp","9":"first","10":"instock","11":"sale","12":"shipping-taxable","13":"purchasable","14":"product-type-simple"},"_links":{"self":[{"href":"https:\/\/parapharmacieenligne.ma\/en\/wp-json\/wp\/v2\/product\/5631","targetHints":{"allow":["GET"]}}],"collection":[{"href":"https:\/\/parapharmacieenligne.ma\/en\/wp-json\/wp\/v2\/product"}],"about":[{"href":"https:\/\/parapharmacieenligne.ma\/en\/wp-json\/wp\/v2\/types\/product"}],"replies":[{"embeddable":true,"href":"https:\/\/parapharmacieenligne.ma\/en\/wp-json\/wp\/v2\/comments?post=5631"}],"version-history":[{"count":1,"href":"https:\/\/parapharmacieenligne.ma\/en\/wp-json\/wp\/v2\/product\/5631\/revisions"}],"predecessor-version":[{"id":5670,"href":"https:\/\/parapharmacieenligne.ma\/en\/wp-json\/wp\/v2\/product\/5631\/revisions\/5670"}],"wp:featuredmedia":[{"embeddable":true,"href":"https:\/\/parapharmacieenligne.ma\/en\/wp-json\/wp\/v2\/media\/5669"}],"wp:attachment":[{"href":"https:\/\/parapharmacieenligne.ma\/en\/wp-json\/wp\/v2\/media?parent=5631"}],"wp:term":[{"taxonomy":"product_cat","embeddable":true,"href":"https:\/\/parapharmacieenligne.ma\/en\/wp-json\/wp\/v2\/product_cat?post=5631"},{"taxonomy":"product_tag","embeddable":true,"href":"https:\/\/parapharmacieenligne.ma\/en\/wp-json\/wp\/v2\/product_tag?post=5631"},{"taxonomy":"yith_product_brand","embeddable":true,"href":"https:\/\/parapharmacieenligne.ma\/en\/wp-json\/wp\/v2\/yith_product_brand?post=5631"}],"curies":[{"name":"wp","href":"https:\/\/api.w.org\/{rel}","templated":true}]}}