{"id":5639,"date":"2026-01-25T19:25:40","date_gmt":"2026-01-25T18:25:40","guid":{"rendered":"https:\/\/parapharmacieenligne.ma\/?post_type=product&#038;p=5639"},"modified":"2026-01-25T19:26:41","modified_gmt":"2026-01-25T18:26:41","slug":"dcp-hairloss-shampoing-femmes-500ml","status":"publish","type":"product","link":"https:\/\/parapharmacieenligne.ma\/en\/product\/dcp-hairloss-shampoing-femmes-500ml\/","title":{"rendered":"DCP HAIRLOSS SHAMPOING FEMMES 500ml"},"content":{"rendered":"<div aria-labelledby=\"tab-title-description\" class=\"woocommerce-Tabs-panel woocommerce-Tabs-panel--description panel entry-content wc-tab\" id=\"tab-description\" role=\"tabpanel\" style=\"\">\n<h2>Description<\/h2>\n<p><strong>Indications :<\/strong><br \/>\n \u2013 Lutte contre le vieillissement folliculaire<br \/>\n \u2013 Prot\u00e8ge contre la chute des cheveux<br \/>\n \u2013 Stimule la repousse des cheveux<br \/>\n \u2013 Indiqu\u00e9 pour tous types de cheveux et plus sp\u00e9cialement : cheveux cassants et ab\u00eem\u00e9s<br \/>\n \u2013 Fortifie la racine et la pointe<br \/>\n \u2013 Nettoie tout en douceur sans dess\u00e9cher : nettoie les cheveux en douceur sans les dess\u00e9cher et facilite le coiffage<br \/>\n \u2013 Respecte l\u2019\u00e9quilibre du cuir chevelu<\/p>\n<p>Conseils d\u2019utilisation :<\/p>\n<p>Appliquer sur les cheveux mouill\u00e9s, bien masser, rincer, renouveler si besoin.<br \/>\n Rincer \u00e0 nouveau et s\u00e9cher les cheveux.<\/p>\n<\/p><\/div>","protected":false},"excerpt":{"rendered":"<p>Highlights:DCP HAIRLOSS SHAMPOING cible les principales causes de la chute des cheveux de l\u2019alop\u00e9cie<\/p>","protected":false},"featured_media":5685,"comment_status":"open","ping_status":"closed","template":"","meta":[],"product_cat":[84],"product_tag":[],"yith_product_brand":[102],"class_list":{"0":"post-5639","1":"product","2":"type-product","3":"status-publish","4":"has-post-thumbnail","6":"product_cat-soins-cheveux","7":"yith_product_brand-dcp","9":"first","10":"instock","11":"sale","12":"shipping-taxable","13":"purchasable","14":"product-type-simple"},"_links":{"self":[{"href":"https:\/\/parapharmacieenligne.ma\/en\/wp-json\/wp\/v2\/product\/5639","targetHints":{"allow":["GET"]}}],"collection":[{"href":"https:\/\/parapharmacieenligne.ma\/en\/wp-json\/wp\/v2\/product"}],"about":[{"href":"https:\/\/parapharmacieenligne.ma\/en\/wp-json\/wp\/v2\/types\/product"}],"replies":[{"embeddable":true,"href":"https:\/\/parapharmacieenligne.ma\/en\/wp-json\/wp\/v2\/comments?post=5639"}],"version-history":[{"count":1,"href":"https:\/\/parapharmacieenligne.ma\/en\/wp-json\/wp\/v2\/product\/5639\/revisions"}],"predecessor-version":[{"id":5686,"href":"https:\/\/parapharmacieenligne.ma\/en\/wp-json\/wp\/v2\/product\/5639\/revisions\/5686"}],"wp:featuredmedia":[{"embeddable":true,"href":"https:\/\/parapharmacieenligne.ma\/en\/wp-json\/wp\/v2\/media\/5685"}],"wp:attachment":[{"href":"https:\/\/parapharmacieenligne.ma\/en\/wp-json\/wp\/v2\/media?parent=5639"}],"wp:term":[{"taxonomy":"product_cat","embeddable":true,"href":"https:\/\/parapharmacieenligne.ma\/en\/wp-json\/wp\/v2\/product_cat?post=5639"},{"taxonomy":"product_tag","embeddable":true,"href":"https:\/\/parapharmacieenligne.ma\/en\/wp-json\/wp\/v2\/product_tag?post=5639"},{"taxonomy":"yith_product_brand","embeddable":true,"href":"https:\/\/parapharmacieenligne.ma\/en\/wp-json\/wp\/v2\/yith_product_brand?post=5639"}],"curies":[{"name":"wp","href":"https:\/\/api.w.org\/{rel}","templated":true}]}}