{"id":5648,"date":"2026-01-25T19:25:42","date_gmt":"2026-01-25T18:25:42","guid":{"rendered":"https:\/\/parapharmacieenligne.ma\/?post_type=product&#038;p=5648"},"modified":"2026-01-25T19:27:15","modified_gmt":"2026-01-25T18:27:15","slug":"dcp-hairloss-masque-capillaire-200ml","status":"publish","type":"product","link":"https:\/\/parapharmacieenligne.ma\/en\/product\/dcp-hairloss-masque-capillaire-200ml\/","title":{"rendered":"DCP HAIRLOSS MASQUE CAPILLAIRE 200mL"},"content":{"rendered":"<div aria-labelledby=\"tab-title-description\" class=\"woocommerce-Tabs-panel woocommerce-Tabs-panel--description panel entry-content wc-tab\" id=\"tab-description\" role=\"tabpanel\" style=\"\">\n<h2>Description<\/h2>\n<p><strong>Indications :<\/strong><\/p>\n<p>\u2013 Fortifie les cheveux et les rend plus r\u00e9sistants et volumineux gr\u00e2ce \u00e0 une combinaison sp\u00e9ciale \u00e0 base Extrait d\u2019ortie piquante, l\u2019Huile d\u2019argan, l\u2019huile d\u2019avocat et le beurre de karit\u00e9<br \/>\n \u2013 Stimule la repousse des cheveux<br \/>\n \u2013 R\u00e9g\u00e9n\u00e9ratrice et nourrit intens\u00e9ment vos cheveux<br \/>\n \u2013 R\u00e9gule le s\u00e9bum pour les cheveux gras et apaise les \u00e9tats pelliculaires<br \/>\n \u2013 Extrait d\u2019orti piquante : Fortifiant naturel, riche en sels min\u00e9raux et oligo-\u00e9l\u00e9ments (soufre, zinc, cuivre\u2026), apaisante<\/p>\n<p><strong>CONSEILS D\u2019UTILISATION :<\/strong><\/p>\n<p>Appliquer sur les cheveux mouill\u00e9s, bien masser, rincer, renouveler si besoin.<br \/>\n Rincer \u00e0 nouveau et s\u00e9cher les cheveux.<\/p>\n<\/p><\/div>","protected":false},"excerpt":{"rendered":"<p>Highlights:Masque capillaire Soin fortifiant et revitalisant intensif des cheveux ab\u00eem\u00e9s.<\/p>","protected":false},"featured_media":5703,"comment_status":"open","ping_status":"closed","template":"","meta":[],"product_cat":[84],"product_tag":[],"yith_product_brand":[102],"class_list":{"0":"post-5648","1":"product","2":"type-product","3":"status-publish","4":"has-post-thumbnail","6":"product_cat-soins-cheveux","7":"yith_product_brand-dcp","9":"first","10":"instock","11":"sale","12":"shipping-taxable","13":"purchasable","14":"product-type-simple"},"_links":{"self":[{"href":"https:\/\/parapharmacieenligne.ma\/en\/wp-json\/wp\/v2\/product\/5648","targetHints":{"allow":["GET"]}}],"collection":[{"href":"https:\/\/parapharmacieenligne.ma\/en\/wp-json\/wp\/v2\/product"}],"about":[{"href":"https:\/\/parapharmacieenligne.ma\/en\/wp-json\/wp\/v2\/types\/product"}],"replies":[{"embeddable":true,"href":"https:\/\/parapharmacieenligne.ma\/en\/wp-json\/wp\/v2\/comments?post=5648"}],"version-history":[{"count":1,"href":"https:\/\/parapharmacieenligne.ma\/en\/wp-json\/wp\/v2\/product\/5648\/revisions"}],"predecessor-version":[{"id":5704,"href":"https:\/\/parapharmacieenligne.ma\/en\/wp-json\/wp\/v2\/product\/5648\/revisions\/5704"}],"wp:featuredmedia":[{"embeddable":true,"href":"https:\/\/parapharmacieenligne.ma\/en\/wp-json\/wp\/v2\/media\/5703"}],"wp:attachment":[{"href":"https:\/\/parapharmacieenligne.ma\/en\/wp-json\/wp\/v2\/media?parent=5648"}],"wp:term":[{"taxonomy":"product_cat","embeddable":true,"href":"https:\/\/parapharmacieenligne.ma\/en\/wp-json\/wp\/v2\/product_cat?post=5648"},{"taxonomy":"product_tag","embeddable":true,"href":"https:\/\/parapharmacieenligne.ma\/en\/wp-json\/wp\/v2\/product_tag?post=5648"},{"taxonomy":"yith_product_brand","embeddable":true,"href":"https:\/\/parapharmacieenligne.ma\/en\/wp-json\/wp\/v2\/yith_product_brand?post=5648"}],"curies":[{"name":"wp","href":"https:\/\/api.w.org\/{rel}","templated":true}]}}