{"id":6217,"date":"2026-01-25T20:27:59","date_gmt":"2026-01-25T19:27:59","guid":{"rendered":"https:\/\/parapharmacieenligne.ma\/?post_type=product&#038;p=6217"},"modified":"2026-01-25T20:28:23","modified_gmt":"2026-01-25T19:28:23","slug":"erayba-gamma-next-coloration-7-10-blond-cendre","status":"publish","type":"product","link":"https:\/\/parapharmacieenligne.ma\/en\/product\/erayba-gamma-next-coloration-7-10-blond-cendre\/","title":{"rendered":"Erayba Gamma Next Coloration 7\/10 Blond Cendre"},"content":{"rendered":"<div aria-labelledby=\"tab-title-description\" class=\"woocommerce-Tabs-panel woocommerce-Tabs-panel--description panel entry-content wc-tab\" id=\"tab-description\" role=\"tabpanel\" style=\"\">\n<h2>Description<\/h2>\n<p>Une formule enrichie en pigments v\u00e9g\u00e9taux s\u00e9lectionn\u00e9s et fabriqu\u00e9s en Espagne, issus de plantes tinctoriales pour apporter des reflets naturels et lumineux.<\/p>\n<p>La coloration ERAYBA GAMMA NEXT colore naturellement la fibre pour assurer un r\u00e9sultat couleur intense, naturels et nuanc\u00e9 de reflets lumineux.<\/p>\n<p>Des huiles de Macadamia et Vitamice C, un duo d\u2019huiles pr\u00e9cieuses qui magnifient la couleur.<\/p>\n<p>Deux huiles 100% d\u2019origine v\u00e9g\u00e9tale qui agissent comme de v\u00e9ritable boosters de brillance. Riche en prot\u00e9ine !<\/p>\n<p>Test\u00e9 sous contr\u00f4le dermatologique.<\/p>\n<p>Une formule facile \u00e0 appliquer gr\u00e2ce \u00e0 sa texture gel.<\/p>\n<p>La cr\u00e8me colorante ne contient ni ammoniaque, ni silicones.<\/p>\n<p>SANS PPD<\/p>\n<p><strong>Conseils d\u2019utilisation:<\/strong><\/p>\n<p>Appliquez le m\u00e9lange m\u00e8che par m\u00e8che, des racines jusqu\u2019aux pointes. Muni de vos gants, r\u00e9partissez uniform\u00e9ment la couleur. Laisser agir : attendre 30 minutes que le colorant agisse !<\/p>\n<\/p><\/div>","protected":false},"excerpt":{"rendered":"<p>Highlights:La coloration ERAYBA GAMMA NEXT colore naturellement la fibre pour assurer un r\u00e9sultat couleur intense, naturels et nuanc\u00e9 de reflets lumineux.<\/p>","protected":false},"featured_media":6247,"comment_status":"open","ping_status":"closed","template":"","meta":[],"product_cat":[84],"product_tag":[],"yith_product_brand":[107],"class_list":{"0":"post-6217","1":"product","2":"type-product","3":"status-publish","4":"has-post-thumbnail","6":"product_cat-soins-cheveux","7":"yith_product_brand-erayba","9":"first","10":"instock","11":"sale","12":"shipping-taxable","13":"purchasable","14":"product-type-simple"},"_links":{"self":[{"href":"https:\/\/parapharmacieenligne.ma\/en\/wp-json\/wp\/v2\/product\/6217","targetHints":{"allow":["GET"]}}],"collection":[{"href":"https:\/\/parapharmacieenligne.ma\/en\/wp-json\/wp\/v2\/product"}],"about":[{"href":"https:\/\/parapharmacieenligne.ma\/en\/wp-json\/wp\/v2\/types\/product"}],"replies":[{"embeddable":true,"href":"https:\/\/parapharmacieenligne.ma\/en\/wp-json\/wp\/v2\/comments?post=6217"}],"version-history":[{"count":1,"href":"https:\/\/parapharmacieenligne.ma\/en\/wp-json\/wp\/v2\/product\/6217\/revisions"}],"predecessor-version":[{"id":6248,"href":"https:\/\/parapharmacieenligne.ma\/en\/wp-json\/wp\/v2\/product\/6217\/revisions\/6248"}],"wp:featuredmedia":[{"embeddable":true,"href":"https:\/\/parapharmacieenligne.ma\/en\/wp-json\/wp\/v2\/media\/6247"}],"wp:attachment":[{"href":"https:\/\/parapharmacieenligne.ma\/en\/wp-json\/wp\/v2\/media?parent=6217"}],"wp:term":[{"taxonomy":"product_cat","embeddable":true,"href":"https:\/\/parapharmacieenligne.ma\/en\/wp-json\/wp\/v2\/product_cat?post=6217"},{"taxonomy":"product_tag","embeddable":true,"href":"https:\/\/parapharmacieenligne.ma\/en\/wp-json\/wp\/v2\/product_tag?post=6217"},{"taxonomy":"yith_product_brand","embeddable":true,"href":"https:\/\/parapharmacieenligne.ma\/en\/wp-json\/wp\/v2\/yith_product_brand?post=6217"}],"curies":[{"name":"wp","href":"https:\/\/api.w.org\/{rel}","templated":true}]}}