{"id":6222,"date":"2026-01-25T20:28:01","date_gmt":"2026-01-25T19:28:01","guid":{"rendered":"https:\/\/parapharmacieenligne.ma\/?post_type=product&#038;p=6222"},"modified":"2026-01-25T20:28:37","modified_gmt":"2026-01-25T19:28:37","slug":"erayba-s50-style-active-sea-jelly-spray-150ml","status":"publish","type":"product","link":"https:\/\/parapharmacieenligne.ma\/en\/product\/erayba-s50-style-active-sea-jelly-spray-150ml\/","title":{"rendered":"Erayba S50 Style Active Sea Jelly Spray 150ml"},"content":{"rendered":"<div aria-labelledby=\"tab-title-description\" class=\"woocommerce-Tabs-panel woocommerce-Tabs-panel--description panel entry-content wc-tab\" id=\"tab-description\" role=\"tabpanel\" style=\"\">\n<h2>Description<\/h2>\n<div class=\"flex-1 overflow-hidden\">\n<div class=\"react-scroll-to-bottom--css-rrybm-79elbk h-full\">\n<div class=\"react-scroll-to-bottom--css-rrybm-1n7m0yu\">\n<div>\n<div class=\"flex flex-col text-sm pb-9\">\n<div class=\"w-full text-token-text-primary\" data-testid=\"conversation-turn-3\" dir=\"auto\">\n<div class=\"px-4 py-2 justify-center text-base md:gap-6 m-auto\">\n<div class=\"flex flex-1 text-base mx-auto gap-3 juice:gap-4 juice:md:gap-6 md:px-5 lg:px-1 xl:px-5 md:max-w-3xl lg:max-w-[40rem] xl:max-w-[48rem] group final-completion\">\n<div class=\"relative flex w-full flex-col agent-turn\">\n<div class=\"flex-col gap-1 md:gap-3\">\n<div class=\"flex flex-grow flex-col max-w-full\">\n<div class=\"min-h-[20px] text-message flex flex-col items-start gap-3 whitespace-pre-wrap break-words [.text-message+&amp;]:mt-5 overflow-x-auto\" data-message-author-role=\"assistant\" data-message-id=\"1e128b08-f104-4ad8-bdc3-fec8191899f6\" dir=\"auto\">\n<div class=\"markdown prose w-full break-words dark:prose-invert light\">\n<p>Le Erayba S50 Style Active Sea Jelly Spray est un spray coiffant innovant qui donne \u00e0 vos cheveux un aspect naturellement textur\u00e9 avec un effet plage d\u00e9contract\u00e9. Voici une description d\u00e9taill\u00e9e de ce produit :<\/p>\n<p>Le Erayba S50 Style Active Sea Jelly Spray est formul\u00e9 avec des ingr\u00e9dients sp\u00e9ciaux qui cr\u00e9ent des vagues douces et un volume l\u00e9ger pour un look de plage sans effort. Ce spray ajoute de la texture et du corps aux cheveux fins, plats ou lisses, leur donnant un aspect plus dynamique et volumineux.<\/p>\n<p>Les principaux avantages de ce produit sont :<\/p>\n<ul>\n<li>Texture de plage : Il cr\u00e9e des vagues souples et naturelles, simulant l\u2019effet textur\u00e9 et d\u00e9contract\u00e9 des cheveux apr\u00e8s une journ\u00e9e \u00e0 la plage.<\/li>\n<li>Volume l\u00e9ger : Il ajoute du volume sans alourdir les cheveux, id\u00e9al pour les cheveux fins ou plats qui ont besoin de plus de corps.<\/li>\n<li>Contr\u00f4le flexible : Il offre une tenue l\u00e9g\u00e8re et flexible, permettant de remodeler et de retexturer les cheveux tout au long de la journ\u00e9e.<\/li>\n<\/ul>\n<p>Pour l\u2019utiliser, vaporisez uniform\u00e9ment le Erayba S50 Style Active Sea Jelly Spray sur les cheveux humides ou secs. Froissez ou p\u00e9trissez l\u00e9g\u00e8rement les cheveux avec vos doigts pour r\u00e9partir le produit et cr\u00e9er des vagues naturelles. Laissez s\u00e9cher \u00e0 l\u2019air libre ou utilisez un s\u00e8che-cheveux avec diffuseur pour accentuer le volume et la texture.<\/p>\n<p>Le Erayba S50 Style Active Sea Jelly Spray convient \u00e0 tous les types de cheveux et peut \u00eatre utilis\u00e9 pour obtenir un look d\u00e9contract\u00e9 et naturellement textur\u00e9. Il ne laisse pas de r\u00e9sidus collants et son parfum l\u00e9ger laisse une sensation de fra\u00eecheur.<\/p>\n<p>Ce produit est parfait pour ceux qui recherchent un style sans effort avec une texture de plage et un volume l\u00e9ger, tout en b\u00e9n\u00e9ficiant d\u2019une tenue flexible qui dure toute la journ\u00e9e.<\/p>\n<\/p><\/div>\n<\/p><\/div>\n<\/p><\/div>\n<\/p><\/div>\n<\/p><\/div>\n<\/p><\/div>\n<\/p><\/div>\n<\/p><\/div>\n<\/p><\/div>\n<\/p><\/div>\n<\/p><\/div>\n<\/p><\/div>\n<\/p><\/div>\n<\/p><\/div>\n","protected":false},"excerpt":{"rendered":"<p>Highlights:La Gel\u00e9e de Mer Texturisante Style Active S50 Sea Jelly de Erayba est le produit id\u00e9al pour obtenir un look de plage d\u00e9contract\u00e9<\/p>","protected":false},"featured_media":6257,"comment_status":"open","ping_status":"closed","template":"","meta":[],"product_cat":[84],"product_tag":[],"yith_product_brand":[107],"class_list":{"0":"post-6222","1":"product","2":"type-product","3":"status-publish","4":"has-post-thumbnail","6":"product_cat-soins-cheveux","7":"yith_product_brand-erayba","9":"first","10":"instock","11":"sale","12":"shipping-taxable","13":"purchasable","14":"product-type-simple"},"_links":{"self":[{"href":"https:\/\/parapharmacieenligne.ma\/en\/wp-json\/wp\/v2\/product\/6222","targetHints":{"allow":["GET"]}}],"collection":[{"href":"https:\/\/parapharmacieenligne.ma\/en\/wp-json\/wp\/v2\/product"}],"about":[{"href":"https:\/\/parapharmacieenligne.ma\/en\/wp-json\/wp\/v2\/types\/product"}],"replies":[{"embeddable":true,"href":"https:\/\/parapharmacieenligne.ma\/en\/wp-json\/wp\/v2\/comments?post=6222"}],"version-history":[{"count":1,"href":"https:\/\/parapharmacieenligne.ma\/en\/wp-json\/wp\/v2\/product\/6222\/revisions"}],"predecessor-version":[{"id":6258,"href":"https:\/\/parapharmacieenligne.ma\/en\/wp-json\/wp\/v2\/product\/6222\/revisions\/6258"}],"wp:featuredmedia":[{"embeddable":true,"href":"https:\/\/parapharmacieenligne.ma\/en\/wp-json\/wp\/v2\/media\/6257"}],"wp:attachment":[{"href":"https:\/\/parapharmacieenligne.ma\/en\/wp-json\/wp\/v2\/media?parent=6222"}],"wp:term":[{"taxonomy":"product_cat","embeddable":true,"href":"https:\/\/parapharmacieenligne.ma\/en\/wp-json\/wp\/v2\/product_cat?post=6222"},{"taxonomy":"product_tag","embeddable":true,"href":"https:\/\/parapharmacieenligne.ma\/en\/wp-json\/wp\/v2\/product_tag?post=6222"},{"taxonomy":"yith_product_brand","embeddable":true,"href":"https:\/\/parapharmacieenligne.ma\/en\/wp-json\/wp\/v2\/yith_product_brand?post=6222"}],"curies":[{"name":"wp","href":"https:\/\/api.w.org\/{rel}","templated":true}]}}