{"id":6230,"date":"2026-01-25T20:28:15","date_gmt":"2026-01-25T19:28:15","guid":{"rendered":"https:\/\/parapharmacieenligne.ma\/?post_type=product&#038;p=6230"},"modified":"2026-01-25T20:29:20","modified_gmt":"2026-01-25T19:29:20","slug":"erayba-gamma-next-coloration-5-12-chatain-clair-cendre-irise-coloration-hydratante-permanente","status":"publish","type":"product","link":"https:\/\/parapharmacieenligne.ma\/en\/product\/erayba-gamma-next-coloration-5-12-chatain-clair-cendre-irise-coloration-hydratante-permanente\/","title":{"rendered":"Erayba Gamma Next Coloration 5\/12 chatain clair cendre irise Coloration Hydratante Permanente"},"content":{"rendered":"<div aria-labelledby=\"tab-title-description\" class=\"woocommerce-Tabs-panel woocommerce-Tabs-panel--description panel entry-content wc-tab\" id=\"tab-description\" role=\"tabpanel\" style=\"\">\n<h2>Description<\/h2>\n<p class=\"cvGsUA direction-ltr align-center para-style-body\"><span class=\"OYPEnA text-decoration-none text-strikethrough-none\">Une formule enrichie en pigments v\u00e9g\u00e9taux s\u00e9lectionn\u00e9s et fabriqu\u00e9s en Espagne, issus de plantes tinctoriales pour apporter des reflets naturels et lumineux.<\/span><\/p>\n<p class=\"cvGsUA direction-ltr align-center para-style-body\"><span class=\"OYPEnA text-decoration-none text-strikethrough-none\">La coloration ERAYBA GAMMA NEXT colore naturellement la fibre pour assurer un r\u00e9sultat couleur intense, naturels et nuanc\u00e9 de reflets lumineux.<\/span><\/p>\n<p class=\"cvGsUA direction-ltr align-center para-style-body\"><span class=\"OYPEnA text-decoration-none text-strikethrough-none\">Des huiles de Macadamia et Vitamice C, un duo d\u2019huiles pr\u00e9cieuses qui magnifient la couleur.<\/span><\/p>\n<p class=\"cvGsUA direction-ltr align-center para-style-body\"><span class=\"OYPEnA text-decoration-none text-strikethrough-none\">Deux huiles 100% d\u2019origine v\u00e9g\u00e9tale qui agissent comme de v\u00e9ritable boosters de brillance. <\/span><span class=\"OYPEnA text-decoration-none text-strikethrough-none\">Riche en prot\u00e9ine !<\/span><\/p>\n<p class=\"cvGsUA direction-ltr align-center para-style-body\"><span class=\"OYPEnA text-decoration-none text-strikethrough-none\">Test\u00e9 sous contr\u00f4le dermatologique.<\/span><\/p>\n<p class=\"cvGsUA direction-ltr align-center para-style-body\"><span class=\"OYPEnA text-decoration-none text-strikethrough-none\">Une formule facile \u00e0 appliquer gr\u00e2ce \u00e0 sa texture gel.<\/span><\/p>\n<p class=\"cvGsUA direction-ltr align-center para-style-body\"><span class=\"OYPEnA text-decoration-none text-strikethrough-none\">La cr\u00e8me colorante ne contient ni ammoniaque, ni silicones.<\/span><\/p>\n<p><strong>ACTIFS :<\/strong><\/p>\n<p>Phytok\u00e9ratine\u00ae<br \/>\n VibraRiche\u00ae<br \/>\n Huile de Macadamia<br \/>\n Huile de graine de Medowfoam<br \/>\n M\u00e9lange : 1 + 1,5<\/p>\n<p><strong>Bienfaits :<\/strong><br \/>\n Des cheveux doux et tr\u00e8s hydrat\u00e9s, r\u00e9par\u00e9s et prot\u00e9g\u00e9s. Cheveux nourris et revitalis\u00e9s. Action anti-\u00e2ge.<\/p>\n<p>Am\u00e9lioration de l\u2019\u00e9clat, de la brillance et de la durabilit\u00e9 de la couleur. Meilleur conditionnement, douceur accrue et d\u00e9m\u00ealage.<\/p>\n<p>Cheveux prot\u00e9g\u00e9s, restaur\u00e9s et revitalis\u00e9s. Toucher doux et soyeux. Am\u00e9liore la brillance et renforce les cheveux.<\/p>\n<p>Favorise la p\u00e9n\u00e9tration de la couleur dans le cheveu sans ab\u00eemer la fibre. Am\u00e9liore le d\u00e9p\u00f4t et l\u2019intensit\u00e9 de la couleur.<\/p>\n<p><strong>Cette bo\u00eete contient :<\/strong><br \/>\n Cr\u00e8me coloration permanente 100 ML<br \/>\n Cr\u00e8me activatrice de couleur 150 ML<br \/>\n Shampoing color care 10 ML<br \/>\n Mask color care 10 ML<br \/>\n Gant d\u2019application<\/p>\n<p><strong>Mode d\u2019utilisation :<\/strong><br \/>\n Appliquez le m\u00e9lange m\u00e8che par m\u00e8che, des racines jusqu\u2019aux pointes. Muni de vos gants, r\u00e9partissez uniform\u00e9ment la couleur. Laisser agir : attendre 30 minutes que le colorant agisse !<\/p>\n<\/p><\/div>","protected":false},"excerpt":{"rendered":"<p>Highlights:Taille du produit : 100 ml e 3.4 fl oz + Shampoing 10ML + Mask 10ML<\/p>","protected":false},"featured_media":6286,"comment_status":"open","ping_status":"closed","template":"","meta":[],"product_cat":[84],"product_tag":[],"yith_product_brand":[107],"class_list":{"0":"post-6230","1":"product","2":"type-product","3":"status-publish","4":"has-post-thumbnail","6":"product_cat-soins-cheveux","7":"yith_product_brand-erayba","9":"first","10":"instock","11":"sale","12":"shipping-taxable","13":"purchasable","14":"product-type-simple"},"_links":{"self":[{"href":"https:\/\/parapharmacieenligne.ma\/en\/wp-json\/wp\/v2\/product\/6230","targetHints":{"allow":["GET"]}}],"collection":[{"href":"https:\/\/parapharmacieenligne.ma\/en\/wp-json\/wp\/v2\/product"}],"about":[{"href":"https:\/\/parapharmacieenligne.ma\/en\/wp-json\/wp\/v2\/types\/product"}],"replies":[{"embeddable":true,"href":"https:\/\/parapharmacieenligne.ma\/en\/wp-json\/wp\/v2\/comments?post=6230"}],"version-history":[{"count":1,"href":"https:\/\/parapharmacieenligne.ma\/en\/wp-json\/wp\/v2\/product\/6230\/revisions"}],"predecessor-version":[{"id":6287,"href":"https:\/\/parapharmacieenligne.ma\/en\/wp-json\/wp\/v2\/product\/6230\/revisions\/6287"}],"wp:featuredmedia":[{"embeddable":true,"href":"https:\/\/parapharmacieenligne.ma\/en\/wp-json\/wp\/v2\/media\/6286"}],"wp:attachment":[{"href":"https:\/\/parapharmacieenligne.ma\/en\/wp-json\/wp\/v2\/media?parent=6230"}],"wp:term":[{"taxonomy":"product_cat","embeddable":true,"href":"https:\/\/parapharmacieenligne.ma\/en\/wp-json\/wp\/v2\/product_cat?post=6230"},{"taxonomy":"product_tag","embeddable":true,"href":"https:\/\/parapharmacieenligne.ma\/en\/wp-json\/wp\/v2\/product_tag?post=6230"},{"taxonomy":"yith_product_brand","embeddable":true,"href":"https:\/\/parapharmacieenligne.ma\/en\/wp-json\/wp\/v2\/yith_product_brand?post=6230"}],"curies":[{"name":"wp","href":"https:\/\/api.w.org\/{rel}","templated":true}]}}