{"id":6236,"date":"2026-01-25T20:28:18","date_gmt":"2026-01-25T19:28:18","guid":{"rendered":"https:\/\/parapharmacieenligne.ma\/?post_type=product&#038;p=6236"},"modified":"2026-01-25T20:29:36","modified_gmt":"2026-01-25T19:29:36","slug":"erayba-abh-color-care-shampooing-250ml","status":"publish","type":"product","link":"https:\/\/parapharmacieenligne.ma\/en\/product\/erayba-abh-color-care-shampooing-250ml\/","title":{"rendered":"Erayba Abh Color Care Shampooing 250ml"},"content":{"rendered":"<div aria-labelledby=\"tab-title-description\" class=\"woocommerce-Tabs-panel woocommerce-Tabs-panel--description panel entry-content wc-tab\" id=\"tab-description\" role=\"tabpanel\" style=\"\">\n<h2>Description<\/h2>\n<p>Shampooing protecteur de couleur, v\u00e9g\u00e9talien et riche en ingr\u00e9dients naturels.<br \/>\n Surtout pour les cheveux color\u00e9s.<br \/>\n Nettoie en douceur les cheveux, scelle la cuticule gr\u00e2ce \u00e0 son pH acide, obtenant une couleur plus durable.<br \/>\n Prolonge et maintient les qualit\u00e9s de la couleur.<br \/>\n Effet rajeunissant antioxydant.<br \/>\n Apporte hydratation, brillance et douceur aux cheveux.<\/p>\n<p><strong>INGR\u00c9DIENTS ACTIFS:<\/strong><br \/>\n Prot\u00e9ines de bl\u00e9, de ma\u00efs et de soja.<br \/>\n Extraits de fleurs d\u2019hibiscus.<br \/>\n Graines de tournesol.<\/p>\n<p><strong>MODE D\u2019EMPLOI:<\/strong><br \/>\n Appliquer sur cheveux mouill\u00e9s avec un massage doux.<br \/>\n Laisser agir 1 ou 2 minutes.<br \/>\n \u00c9vacuer.<\/p>\n<\/p><\/div>","protected":false},"excerpt":{"rendered":"<p>Highlights:Shampooing protecteur de couleur, v\u00e9g\u00e9talien et riche en ingr\u00e9dients naturels.<\/p>","protected":false},"featured_media":6298,"comment_status":"open","ping_status":"closed","template":"","meta":[],"product_cat":[84],"product_tag":[],"yith_product_brand":[107],"class_list":{"0":"post-6236","1":"product","2":"type-product","3":"status-publish","4":"has-post-thumbnail","6":"product_cat-soins-cheveux","7":"yith_product_brand-erayba","9":"first","10":"instock","11":"sale","12":"shipping-taxable","13":"purchasable","14":"product-type-simple"},"_links":{"self":[{"href":"https:\/\/parapharmacieenligne.ma\/en\/wp-json\/wp\/v2\/product\/6236","targetHints":{"allow":["GET"]}}],"collection":[{"href":"https:\/\/parapharmacieenligne.ma\/en\/wp-json\/wp\/v2\/product"}],"about":[{"href":"https:\/\/parapharmacieenligne.ma\/en\/wp-json\/wp\/v2\/types\/product"}],"replies":[{"embeddable":true,"href":"https:\/\/parapharmacieenligne.ma\/en\/wp-json\/wp\/v2\/comments?post=6236"}],"version-history":[{"count":1,"href":"https:\/\/parapharmacieenligne.ma\/en\/wp-json\/wp\/v2\/product\/6236\/revisions"}],"predecessor-version":[{"id":6299,"href":"https:\/\/parapharmacieenligne.ma\/en\/wp-json\/wp\/v2\/product\/6236\/revisions\/6299"}],"wp:featuredmedia":[{"embeddable":true,"href":"https:\/\/parapharmacieenligne.ma\/en\/wp-json\/wp\/v2\/media\/6298"}],"wp:attachment":[{"href":"https:\/\/parapharmacieenligne.ma\/en\/wp-json\/wp\/v2\/media?parent=6236"}],"wp:term":[{"taxonomy":"product_cat","embeddable":true,"href":"https:\/\/parapharmacieenligne.ma\/en\/wp-json\/wp\/v2\/product_cat?post=6236"},{"taxonomy":"product_tag","embeddable":true,"href":"https:\/\/parapharmacieenligne.ma\/en\/wp-json\/wp\/v2\/product_tag?post=6236"},{"taxonomy":"yith_product_brand","embeddable":true,"href":"https:\/\/parapharmacieenligne.ma\/en\/wp-json\/wp\/v2\/yith_product_brand?post=6236"}],"curies":[{"name":"wp","href":"https:\/\/api.w.org\/{rel}","templated":true}]}}