{"id":6237,"date":"2026-01-25T20:28:19","date_gmt":"2026-01-25T19:28:19","guid":{"rendered":"https:\/\/parapharmacieenligne.ma\/?post_type=product&#038;p=6237"},"modified":"2026-01-25T20:29:44","modified_gmt":"2026-01-25T19:29:44","slug":"erayba-abh-color-care-conditioner-leave-in-200ml","status":"publish","type":"product","link":"https:\/\/parapharmacieenligne.ma\/en\/product\/erayba-abh-color-care-conditioner-leave-in-200ml\/","title":{"rendered":"Erayba Abh Color Care Conditioner Leave-in 200ml"},"content":{"rendered":"<div aria-labelledby=\"tab-title-description\" class=\"woocommerce-Tabs-panel woocommerce-Tabs-panel--description panel entry-content wc-tab\" id=\"tab-description\" role=\"tabpanel\" style=\"\">\n<h2>Description<\/h2>\n<div class=\"woocommerce-Tabs-panel woocommerce-Tabs-panel--description panel entry-content wc-tab\" id=\"tab-description\" style=\"display: none;\">\n<div class=\"wc-tab-inner\">\n<div class=\"\">\n<p>Apr\u00e8s-shampooing protecteur de couleur sans rin\u00e7age, vegan et riche en ingr\u00e9dients naturels.<br \/>\n Surtout pour les cheveux color\u00e9s.<br \/>\n Le scellant \u00e0 cuticules au PH acide permet d\u2019obtenir une couleur plus durable.<br \/>\n Prolonge et maintient les qualit\u00e9s de la couleur.<br \/>\n Action antioxydante instantan\u00e9e, nutrition et brillance.<br \/>\n D\u00e9m\u00eale, apporte de la douceur et facilite le peignage.<br \/>\n Contient un filtre de protection UV.<\/p>\n<p><strong>INGR\u00c9DIENTS ACTIFS :<\/strong><br \/>\n Prot\u00e9ines de bl\u00e9, de ma\u00efs et de soja.<br \/>\n Extraits de fleurs d\u2019hibiscus et de romarin.<br \/>\n huile de graines de tournesol<\/p>\n<p><strong>MODE D\u2019EMPLOI :<\/strong><br \/>\n Bien agiter avant utilisation.<br \/>\n Vaporiser sur cheveux humides ou secs.<br \/>\n Peigne.<br \/>\n Ne pr\u00e9cisez pas.<\/p>\n<\/p><\/div>\n<\/p><\/div>\n<\/p><\/div>\n<\/p><\/div>","protected":false},"excerpt":{"rendered":"<p>Highlights:Apr\u00e8s-shampooing protecteur de couleur sans rin\u00e7age, vegan et riche en ingr\u00e9dients naturels.<\/p>","protected":false},"featured_media":6307,"comment_status":"open","ping_status":"closed","template":"","meta":[],"product_cat":[84],"product_tag":[],"yith_product_brand":[107],"class_list":{"0":"post-6237","1":"product","2":"type-product","3":"status-publish","4":"has-post-thumbnail","6":"product_cat-soins-cheveux","7":"yith_product_brand-erayba","9":"first","10":"instock","11":"sale","12":"shipping-taxable","13":"purchasable","14":"product-type-simple"},"_links":{"self":[{"href":"https:\/\/parapharmacieenligne.ma\/en\/wp-json\/wp\/v2\/product\/6237","targetHints":{"allow":["GET"]}}],"collection":[{"href":"https:\/\/parapharmacieenligne.ma\/en\/wp-json\/wp\/v2\/product"}],"about":[{"href":"https:\/\/parapharmacieenligne.ma\/en\/wp-json\/wp\/v2\/types\/product"}],"replies":[{"embeddable":true,"href":"https:\/\/parapharmacieenligne.ma\/en\/wp-json\/wp\/v2\/comments?post=6237"}],"version-history":[{"count":1,"href":"https:\/\/parapharmacieenligne.ma\/en\/wp-json\/wp\/v2\/product\/6237\/revisions"}],"predecessor-version":[{"id":6308,"href":"https:\/\/parapharmacieenligne.ma\/en\/wp-json\/wp\/v2\/product\/6237\/revisions\/6308"}],"wp:featuredmedia":[{"embeddable":true,"href":"https:\/\/parapharmacieenligne.ma\/en\/wp-json\/wp\/v2\/media\/6307"}],"wp:attachment":[{"href":"https:\/\/parapharmacieenligne.ma\/en\/wp-json\/wp\/v2\/media?parent=6237"}],"wp:term":[{"taxonomy":"product_cat","embeddable":true,"href":"https:\/\/parapharmacieenligne.ma\/en\/wp-json\/wp\/v2\/product_cat?post=6237"},{"taxonomy":"product_tag","embeddable":true,"href":"https:\/\/parapharmacieenligne.ma\/en\/wp-json\/wp\/v2\/product_tag?post=6237"},{"taxonomy":"yith_product_brand","embeddable":true,"href":"https:\/\/parapharmacieenligne.ma\/en\/wp-json\/wp\/v2\/yith_product_brand?post=6237"}],"curies":[{"name":"wp","href":"https:\/\/api.w.org\/{rel}","templated":true}]}}