{"id":6238,"date":"2026-01-25T20:28:19","date_gmt":"2026-01-25T19:28:19","guid":{"rendered":"https:\/\/parapharmacieenligne.ma\/?post_type=product&#038;p=6238"},"modified":"2026-01-25T20:29:46","modified_gmt":"2026-01-25T19:29:46","slug":"erayba-abh-silver-shampooing-no-yellow-250ml","status":"publish","type":"product","link":"https:\/\/parapharmacieenligne.ma\/en\/product\/erayba-abh-silver-shampooing-no-yellow-250ml\/","title":{"rendered":"Erayba Abh Silver Shampooing No Yellow 250ml"},"content":{"rendered":"<div aria-labelledby=\"tab-title-description\" class=\"woocommerce-Tabs-panel woocommerce-Tabs-panel--description panel entry-content wc-tab\" id=\"tab-description\" role=\"tabpanel\" style=\"\">\n<h2>Description<\/h2>\n<p>Surtout pour les cheveux blonds, les m\u00e8ches et les cheveux blancs. Nettoie en douceur, \u00e9limine les tons jaunes et pr\u00e9vient les tons chauds ind\u00e9sirables. Effet rajeunissant anti-oxydant. Apporte hydratation, brillance et douceur aux cheveux.<\/p>\n<p>86% D\u2019ORIGINE NATURELLE<br \/>\n 100% V\u00c9G\u00c9TALIEN<br \/>\n *INGR\u00c9DIENTS ACTIFS<br \/>\n Prot\u00e9ines de fruits d\u2019a\u00e7a\u00ef, de bl\u00e9, de ma\u00efs et de soja, extraits de fleur d\u2019hibiscus et de romarin, huile de graines de tournesol<br \/>\n *LIBRE DE<br \/>\n Sulfate, Sel, Paraben, Huile Min\u00e9rale, Silicone<br \/>\n *PARFUM HYPOALLERG\u00c9NIQUE<br \/>\n Pamplemousse, Notes de Fleurs Tropicales<br \/>\n *SANS CRUAUT\u00c9<\/p>\n<p>Appliquer sur cheveux mouill\u00e9s en massant doucement, laisser agir 1 ou 2 minutes et rincer.<\/p>\n<\/p><\/div>","protected":false},"excerpt":{"rendered":"<p>Highlights:Shampooing tonifiant, vegan et riche en ingr\u00e9dients naturels.<\/p>","protected":false},"featured_media":6309,"comment_status":"open","ping_status":"closed","template":"","meta":[],"product_cat":[84],"product_tag":[],"yith_product_brand":[107],"class_list":{"0":"post-6238","1":"product","2":"type-product","3":"status-publish","4":"has-post-thumbnail","6":"product_cat-soins-cheveux","7":"yith_product_brand-erayba","9":"first","10":"instock","11":"sale","12":"shipping-taxable","13":"purchasable","14":"product-type-simple"},"_links":{"self":[{"href":"https:\/\/parapharmacieenligne.ma\/en\/wp-json\/wp\/v2\/product\/6238","targetHints":{"allow":["GET"]}}],"collection":[{"href":"https:\/\/parapharmacieenligne.ma\/en\/wp-json\/wp\/v2\/product"}],"about":[{"href":"https:\/\/parapharmacieenligne.ma\/en\/wp-json\/wp\/v2\/types\/product"}],"replies":[{"embeddable":true,"href":"https:\/\/parapharmacieenligne.ma\/en\/wp-json\/wp\/v2\/comments?post=6238"}],"version-history":[{"count":1,"href":"https:\/\/parapharmacieenligne.ma\/en\/wp-json\/wp\/v2\/product\/6238\/revisions"}],"predecessor-version":[{"id":6310,"href":"https:\/\/parapharmacieenligne.ma\/en\/wp-json\/wp\/v2\/product\/6238\/revisions\/6310"}],"wp:featuredmedia":[{"embeddable":true,"href":"https:\/\/parapharmacieenligne.ma\/en\/wp-json\/wp\/v2\/media\/6309"}],"wp:attachment":[{"href":"https:\/\/parapharmacieenligne.ma\/en\/wp-json\/wp\/v2\/media?parent=6238"}],"wp:term":[{"taxonomy":"product_cat","embeddable":true,"href":"https:\/\/parapharmacieenligne.ma\/en\/wp-json\/wp\/v2\/product_cat?post=6238"},{"taxonomy":"product_tag","embeddable":true,"href":"https:\/\/parapharmacieenligne.ma\/en\/wp-json\/wp\/v2\/product_tag?post=6238"},{"taxonomy":"yith_product_brand","embeddable":true,"href":"https:\/\/parapharmacieenligne.ma\/en\/wp-json\/wp\/v2\/yith_product_brand?post=6238"}],"curies":[{"name":"wp","href":"https:\/\/api.w.org\/{rel}","templated":true}]}}