{"id":6239,"date":"2026-01-25T20:28:19","date_gmt":"2026-01-25T19:28:19","guid":{"rendered":"https:\/\/parapharmacieenligne.ma\/?post_type=product&#038;p=6239"},"modified":"2026-01-25T20:29:48","modified_gmt":"2026-01-25T19:29:48","slug":"erayba-abh-silver-mask-no-yellow-250ml","status":"publish","type":"product","link":"https:\/\/parapharmacieenligne.ma\/en\/product\/erayba-abh-silver-mask-no-yellow-250ml\/","title":{"rendered":"Erayba ABH Silver Mask No Yellow 250ml"},"content":{"rendered":"<div aria-labelledby=\"tab-title-description\" class=\"woocommerce-Tabs-panel woocommerce-Tabs-panel--description panel entry-content wc-tab\" id=\"tab-description\" role=\"tabpanel\" style=\"\">\n<h2>Description<\/h2>\n<p>Surtout pour les cheveux blonds, les m\u00e8ches et les cheveux blancs. Supprime les tons jaunes et \u00e9vite les tons chauds ind\u00e9sirables. Redonne brillance et luminosit\u00e9. Conditionne et hydrate les cheveux. D\u00e9m\u00eale et r\u00e9pare la fibre capillaire. Effet rajeunissant anti-oxydant.<\/p>\n<p>97% D\u2019ORIGINE NATURELLE<br \/>\n 100% V\u00c9G\u00c9TALIEN<br \/>\n *INGR\u00c9DIENTS ACTIFS<br \/>\n Prot\u00e9ines de bl\u00e9, de ma\u00efs et de soja, fleur d\u2019hibiscus, extraits de graines de tournesol et de romarin, beurre de karit\u00e9, fruit de myrica<br \/>\n *LIBRE DE<br \/>\n Sel, Paraben, Huile Min\u00e9rale, Silicone<br \/>\n *PARFUM HYPOALLERG\u00c9NIQUE<br \/>\n Pamplemousse, Notes de Fleurs Tropicales<br \/>\n *SANS CRUAUT\u00c9<\/p>\n<p>Appliquer uniform\u00e9ment sur les cheveux en massant doucement. Laisser agir quelques minutes et rincer.<\/p>\n<\/p>\n<\/p><\/div>","protected":false},"excerpt":{"rendered":"<p>Highlights:Masque tonifiant et \u00e9claircissant, vegan et riche en ingr\u00e9dients naturels.<\/p>","protected":false},"featured_media":6311,"comment_status":"open","ping_status":"closed","template":"","meta":[],"product_cat":[84],"product_tag":[],"yith_product_brand":[107],"class_list":{"0":"post-6239","1":"product","2":"type-product","3":"status-publish","4":"has-post-thumbnail","6":"product_cat-soins-cheveux","7":"yith_product_brand-erayba","9":"first","10":"instock","11":"sale","12":"shipping-taxable","13":"purchasable","14":"product-type-simple"},"_links":{"self":[{"href":"https:\/\/parapharmacieenligne.ma\/en\/wp-json\/wp\/v2\/product\/6239","targetHints":{"allow":["GET"]}}],"collection":[{"href":"https:\/\/parapharmacieenligne.ma\/en\/wp-json\/wp\/v2\/product"}],"about":[{"href":"https:\/\/parapharmacieenligne.ma\/en\/wp-json\/wp\/v2\/types\/product"}],"replies":[{"embeddable":true,"href":"https:\/\/parapharmacieenligne.ma\/en\/wp-json\/wp\/v2\/comments?post=6239"}],"version-history":[{"count":1,"href":"https:\/\/parapharmacieenligne.ma\/en\/wp-json\/wp\/v2\/product\/6239\/revisions"}],"predecessor-version":[{"id":6312,"href":"https:\/\/parapharmacieenligne.ma\/en\/wp-json\/wp\/v2\/product\/6239\/revisions\/6312"}],"wp:featuredmedia":[{"embeddable":true,"href":"https:\/\/parapharmacieenligne.ma\/en\/wp-json\/wp\/v2\/media\/6311"}],"wp:attachment":[{"href":"https:\/\/parapharmacieenligne.ma\/en\/wp-json\/wp\/v2\/media?parent=6239"}],"wp:term":[{"taxonomy":"product_cat","embeddable":true,"href":"https:\/\/parapharmacieenligne.ma\/en\/wp-json\/wp\/v2\/product_cat?post=6239"},{"taxonomy":"product_tag","embeddable":true,"href":"https:\/\/parapharmacieenligne.ma\/en\/wp-json\/wp\/v2\/product_tag?post=6239"},{"taxonomy":"yith_product_brand","embeddable":true,"href":"https:\/\/parapharmacieenligne.ma\/en\/wp-json\/wp\/v2\/yith_product_brand?post=6239"}],"curies":[{"name":"wp","href":"https:\/\/api.w.org\/{rel}","templated":true}]}}