{"id":6240,"date":"2026-01-25T20:28:19","date_gmt":"2026-01-25T19:28:19","guid":{"rendered":"https:\/\/parapharmacieenligne.ma\/?post_type=product&#038;p=6240"},"modified":"2026-01-25T20:29:50","modified_gmt":"2026-01-25T19:29:50","slug":"erayba-abh-detox-refresh-shampooing-250ml","status":"publish","type":"product","link":"https:\/\/parapharmacieenligne.ma\/en\/product\/erayba-abh-detox-refresh-shampooing-250ml\/","title":{"rendered":"Erayba Abh Detox Refresh Shampooing 250ml"},"content":{"rendered":"<div aria-labelledby=\"tab-title-description\" class=\"woocommerce-Tabs-panel woocommerce-Tabs-panel--description panel entry-content wc-tab\" id=\"tab-description\" role=\"tabpanel\" style=\"\">\n<h2>Description<\/h2>\n<p>Shampooing v\u00e9g\u00e9talien riche en ingr\u00e9dients naturels.<\/p>\n<p>Tous types de cheveux.<\/p>\n<p>Nettoie en douceur et rafra\u00eechit les cheveux et le cuir chevelu. Effet purifiant anti-oxydant \u00e9limine les impuret\u00e9s. Apporte hydratation, brillance naturelle et vitalit\u00e9 aux cheveux. Cheveux doux et sains hydrat\u00e9s.<\/p>\n<p>86% D\u2019ORIGINE NATURELLE<br \/>\n 100% V\u00c9G\u00c9TALIEN<br \/>\n *INGR\u00c9DIENTS ACTIFS<br \/>\n Aloe Vera, menthe poivr\u00e9e, th\u00e9 vert, extrait d\u2019artichaut<br \/>\n *LIBRE DE<br \/>\n sulfate, Sel, Paraben, Huile Min\u00e9rale, Silicone<br \/>\n *PARFUM HYPOALLERG\u00c9NIQUE<br \/>\n Kiwi &amp; Concombre, Essence de Jazmin frais<br \/>\n *SANS CRUAUT\u00c9<\/p>\n<p>Appliquer sur cheveux mouill\u00e9s en massant doucement, laisser agir 1 ou 2 minutes et rincer.<\/p>\n<\/p><\/div>","protected":false},"excerpt":{"rendered":"<p>Highlights:hampooing v\u00e9g\u00e9talien riche en ingr\u00e9dients naturels.Tous types de cheveux<\/p>","protected":false},"featured_media":6313,"comment_status":"open","ping_status":"closed","template":"","meta":[],"product_cat":[84],"product_tag":[],"yith_product_brand":[107],"class_list":{"0":"post-6240","1":"product","2":"type-product","3":"status-publish","4":"has-post-thumbnail","6":"product_cat-soins-cheveux","7":"yith_product_brand-erayba","9":"first","10":"instock","11":"sale","12":"shipping-taxable","13":"purchasable","14":"product-type-simple"},"_links":{"self":[{"href":"https:\/\/parapharmacieenligne.ma\/en\/wp-json\/wp\/v2\/product\/6240","targetHints":{"allow":["GET"]}}],"collection":[{"href":"https:\/\/parapharmacieenligne.ma\/en\/wp-json\/wp\/v2\/product"}],"about":[{"href":"https:\/\/parapharmacieenligne.ma\/en\/wp-json\/wp\/v2\/types\/product"}],"replies":[{"embeddable":true,"href":"https:\/\/parapharmacieenligne.ma\/en\/wp-json\/wp\/v2\/comments?post=6240"}],"version-history":[{"count":1,"href":"https:\/\/parapharmacieenligne.ma\/en\/wp-json\/wp\/v2\/product\/6240\/revisions"}],"predecessor-version":[{"id":6314,"href":"https:\/\/parapharmacieenligne.ma\/en\/wp-json\/wp\/v2\/product\/6240\/revisions\/6314"}],"wp:featuredmedia":[{"embeddable":true,"href":"https:\/\/parapharmacieenligne.ma\/en\/wp-json\/wp\/v2\/media\/6313"}],"wp:attachment":[{"href":"https:\/\/parapharmacieenligne.ma\/en\/wp-json\/wp\/v2\/media?parent=6240"}],"wp:term":[{"taxonomy":"product_cat","embeddable":true,"href":"https:\/\/parapharmacieenligne.ma\/en\/wp-json\/wp\/v2\/product_cat?post=6240"},{"taxonomy":"product_tag","embeddable":true,"href":"https:\/\/parapharmacieenligne.ma\/en\/wp-json\/wp\/v2\/product_tag?post=6240"},{"taxonomy":"yith_product_brand","embeddable":true,"href":"https:\/\/parapharmacieenligne.ma\/en\/wp-json\/wp\/v2\/yith_product_brand?post=6240"}],"curies":[{"name":"wp","href":"https:\/\/api.w.org\/{rel}","templated":true}]}}