{"id":6242,"date":"2026-01-25T20:28:20","date_gmt":"2026-01-25T19:28:20","guid":{"rendered":"https:\/\/parapharmacieenligne.ma\/?post_type=product&#038;p=6242"},"modified":"2026-01-25T20:29:54","modified_gmt":"2026-01-25T19:29:54","slug":"erayba-abh-color-care-mask-250ml","status":"publish","type":"product","link":"https:\/\/parapharmacieenligne.ma\/en\/product\/erayba-abh-color-care-mask-250ml\/","title":{"rendered":"Erayba Abh Color Care Mask 250ml"},"content":{"rendered":"<div aria-labelledby=\"tab-title-description\" class=\"woocommerce-Tabs-panel woocommerce-Tabs-panel--description panel entry-content wc-tab\" id=\"tab-description\" role=\"tabpanel\" style=\"\">\n<h2>Description<\/h2>\n<p>Masque capillaire protecteur de couleur, v\u00e9g\u00e9talien et riche en ingr\u00e9dients naturels. Surtout pour les cheveux color\u00e9s. Nettoie en douceur les cheveux, scelle la cuticule gr\u00e2ce \u00e0 son pH acide favorisant une couleur plus durable. Prolonge et maintient les qualit\u00e9s de couleur. Effet rajeunissant anti-oxydant. Apporte hydratation, brillance et douceur aux cheveux.<\/p>\n<p>97% D\u2019ORIGINE NATURELLE<br \/>\n 100% V\u00c9G\u00c9TALIEN<br \/>\n *INGR\u00c9DIENTS ACTIFS<br \/>\n Prot\u00e9ines de bl\u00e9 et de ma\u00efs et de soja, extraits de fleurs d\u2019hibiscus et de graines de tournesol et de romarin, beurre de karit\u00e9, fruit de Myrica<br \/>\n *LIBRE DE<br \/>\n Sel, Paraben, Huile Min\u00e9rale, Silicone<br \/>\n *PARFUM HYPOALLERG\u00c9NIQUE<br \/>\n Musc Blanc, Notes de Framboise &amp; Bergamote<br \/>\n *SANS CRUAUT\u00c9<\/p>\n<p>Appliquer sur cheveux mouill\u00e9s en massant doucement, laisser agir 1 ou 2 minutes et rincer.<\/p>\n<\/p><\/div>","protected":false},"excerpt":{"rendered":"<p>Highlights:Masque capillaire protecteur de couleur,<\/p>","protected":false},"featured_media":6317,"comment_status":"open","ping_status":"closed","template":"","meta":[],"product_cat":[84],"product_tag":[],"yith_product_brand":[107],"class_list":{"0":"post-6242","1":"product","2":"type-product","3":"status-publish","4":"has-post-thumbnail","6":"product_cat-soins-cheveux","7":"yith_product_brand-erayba","9":"first","10":"instock","11":"sale","12":"shipping-taxable","13":"purchasable","14":"product-type-simple"},"_links":{"self":[{"href":"https:\/\/parapharmacieenligne.ma\/en\/wp-json\/wp\/v2\/product\/6242","targetHints":{"allow":["GET"]}}],"collection":[{"href":"https:\/\/parapharmacieenligne.ma\/en\/wp-json\/wp\/v2\/product"}],"about":[{"href":"https:\/\/parapharmacieenligne.ma\/en\/wp-json\/wp\/v2\/types\/product"}],"replies":[{"embeddable":true,"href":"https:\/\/parapharmacieenligne.ma\/en\/wp-json\/wp\/v2\/comments?post=6242"}],"version-history":[{"count":1,"href":"https:\/\/parapharmacieenligne.ma\/en\/wp-json\/wp\/v2\/product\/6242\/revisions"}],"predecessor-version":[{"id":6318,"href":"https:\/\/parapharmacieenligne.ma\/en\/wp-json\/wp\/v2\/product\/6242\/revisions\/6318"}],"wp:featuredmedia":[{"embeddable":true,"href":"https:\/\/parapharmacieenligne.ma\/en\/wp-json\/wp\/v2\/media\/6317"}],"wp:attachment":[{"href":"https:\/\/parapharmacieenligne.ma\/en\/wp-json\/wp\/v2\/media?parent=6242"}],"wp:term":[{"taxonomy":"product_cat","embeddable":true,"href":"https:\/\/parapharmacieenligne.ma\/en\/wp-json\/wp\/v2\/product_cat?post=6242"},{"taxonomy":"product_tag","embeddable":true,"href":"https:\/\/parapharmacieenligne.ma\/en\/wp-json\/wp\/v2\/product_tag?post=6242"},{"taxonomy":"yith_product_brand","embeddable":true,"href":"https:\/\/parapharmacieenligne.ma\/en\/wp-json\/wp\/v2\/yith_product_brand?post=6242"}],"curies":[{"name":"wp","href":"https:\/\/api.w.org\/{rel}","templated":true}]}}