{"id":6243,"date":"2026-01-25T20:28:20","date_gmt":"2026-01-25T19:28:20","guid":{"rendered":"https:\/\/parapharmacieenligne.ma\/?post_type=product&#038;p=6243"},"modified":"2026-01-25T20:29:56","modified_gmt":"2026-01-25T19:29:56","slug":"erayba-hydraker-k15-argan-mystic-oil-50ml","status":"publish","type":"product","link":"https:\/\/parapharmacieenligne.ma\/en\/product\/erayba-hydraker-k15-argan-mystic-oil-50ml\/","title":{"rendered":"Erayba Hydraker K15 Argan mystic oil 50ml"},"content":{"rendered":"<div aria-labelledby=\"tab-title-description\" class=\"woocommerce-Tabs-panel woocommerce-Tabs-panel--description panel entry-content wc-tab\" id=\"tab-description\" role=\"tabpanel\" style=\"\">\n<h2>Description<\/h2>\n<p><span>Dans la collection de la marque espagnole Erayba, il existe un merveilleux rem\u00e8de pour leur pr\u00e9vention et leur r\u00e9cup\u00e9ration, qui vous \u00e9tonnera par ses propri\u00e9t\u00e9s cicatrisantes et nourrissantes. L\u2019huile d\u2019argan est un \u00e9lixir aromatique exquis \u00e0 base d\u2019extraits de plantes et d\u2019huiles naturelles. Il s\u2019agit d\u2019un produit tr\u00e8s doux, qui se r\u00e9partit agr\u00e9ablement sur les cheveux, apportant un soin doux et soign\u00e9. Le produit contient un puissant complexe hydratant qui peut \u00ab gu\u00e9rir \u00bb compl\u00e8tement les cheveux secs.<\/span><\/p>\n<p><span>L\u2019huile mystique d\u2019argan Erayba HydraKer K15 est id\u00e9ale pour les soins pr\u00e9ventifs de tous les types de cheveux. Sa formule nourrissante rendra vos boucles \u00e9tonnamment soyeuses, douces et ob\u00e9issantes.<\/span><\/p>\n<p><strong><span>Composition :<\/span><\/strong> <img alt=\"\" decoding=\"async\" ><span> <\/span><\/p>\n<p><span>Huile d\u2019argan, huile de racine de cyp\u00e9rus, huile de graines de magnorium, parfum hypoallerg\u00e9nique \u2013 ne contient pas de sels, de parab\u00e8nes ni de sulfates<\/span><\/p>\n<p><span id=\"ctrlcopy\"><\/span><strong><span>Mode d\u2019emploi :<\/span><\/strong><span> <\/span><\/p>\n<p><span>appliquer une noisette d\u2019\u00e9lixir sur cheveux mouill\u00e9s ou secs essor\u00e9s du milieu jusqu\u2019aux pointes, peigner. Ne pas laver.<\/span><\/p>\n<\/p><\/div>","protected":false},"excerpt":{"rendered":"<p>Highlights:Le produit contient un puissant complexe hydratant qui peut \u00ab gu\u00e9rir \u00bb compl\u00e8tement les cheveux secs.<\/p>","protected":false},"featured_media":6319,"comment_status":"open","ping_status":"closed","template":"","meta":[],"product_cat":[84],"product_tag":[],"yith_product_brand":[107],"class_list":{"0":"post-6243","1":"product","2":"type-product","3":"status-publish","4":"has-post-thumbnail","6":"product_cat-soins-cheveux","7":"yith_product_brand-erayba","9":"first","10":"instock","11":"sale","12":"shipping-taxable","13":"purchasable","14":"product-type-simple"},"_links":{"self":[{"href":"https:\/\/parapharmacieenligne.ma\/en\/wp-json\/wp\/v2\/product\/6243","targetHints":{"allow":["GET"]}}],"collection":[{"href":"https:\/\/parapharmacieenligne.ma\/en\/wp-json\/wp\/v2\/product"}],"about":[{"href":"https:\/\/parapharmacieenligne.ma\/en\/wp-json\/wp\/v2\/types\/product"}],"replies":[{"embeddable":true,"href":"https:\/\/parapharmacieenligne.ma\/en\/wp-json\/wp\/v2\/comments?post=6243"}],"version-history":[{"count":1,"href":"https:\/\/parapharmacieenligne.ma\/en\/wp-json\/wp\/v2\/product\/6243\/revisions"}],"predecessor-version":[{"id":6320,"href":"https:\/\/parapharmacieenligne.ma\/en\/wp-json\/wp\/v2\/product\/6243\/revisions\/6320"}],"wp:featuredmedia":[{"embeddable":true,"href":"https:\/\/parapharmacieenligne.ma\/en\/wp-json\/wp\/v2\/media\/6319"}],"wp:attachment":[{"href":"https:\/\/parapharmacieenligne.ma\/en\/wp-json\/wp\/v2\/media?parent=6243"}],"wp:term":[{"taxonomy":"product_cat","embeddable":true,"href":"https:\/\/parapharmacieenligne.ma\/en\/wp-json\/wp\/v2\/product_cat?post=6243"},{"taxonomy":"product_tag","embeddable":true,"href":"https:\/\/parapharmacieenligne.ma\/en\/wp-json\/wp\/v2\/product_tag?post=6243"},{"taxonomy":"yith_product_brand","embeddable":true,"href":"https:\/\/parapharmacieenligne.ma\/en\/wp-json\/wp\/v2\/yith_product_brand?post=6243"}],"curies":[{"name":"wp","href":"https:\/\/api.w.org\/{rel}","templated":true}]}}