{"id":6261,"date":"2026-01-25T20:28:45","date_gmt":"2026-01-25T19:28:45","guid":{"rendered":"https:\/\/parapharmacieenligne.ma\/?post_type=product&#038;p=6261"},"modified":"2026-01-25T20:30:15","modified_gmt":"2026-01-25T19:30:15","slug":"erayba-biome-b18-bio-2-phases-200ml","status":"publish","type":"product","link":"https:\/\/parapharmacieenligne.ma\/en\/product\/erayba-biome-b18-bio-2-phases-200ml\/","title":{"rendered":"Erayba BIOme B18 bio 2 Phases 200ml"},"content":{"rendered":"<div aria-labelledby=\"tab-title-description\" class=\"woocommerce-Tabs-panel woocommerce-Tabs-panel--description panel entry-content wc-tab\" id=\"tab-description\" role=\"tabpanel\" style=\"\">\n<h2>Description<\/h2>\n<p>ERAYBA BIOME B18 BIO 2 PHASE 200ML est un produit qui Prend soin de la sant\u00e9 de vos cheveux avec des ingr\u00e9dients actifs biologiques \u00e0 base d\u2019huiles botaniques de noix de coco, de macadamia et de quinoa<br \/>\n Contient des ingr\u00e9dients qui emp\u00eachent les rayons UV<br \/>\n Recommand\u00e9 pour tous les types de cheveux<\/p>\n<h4 class=\"s8gg2 _2UIKs\"><strong>Composants :<\/strong><\/h4>\n<ul>\n<li>Aloe vera<\/li>\n<li>Huile de Macademia<\/li>\n<li>Huile de coco<\/li>\n<li>Quinoa<\/li>\n<li>Sans sel et sans paraben<\/li>\n<li>Parfum hypoallerg\u00e9nique<\/li>\n<li>Conservateurs naturels<\/li>\n<\/ul>\n<h4 class=\"WncCi\"><strong>Mode d\u2019emploi :<\/strong><\/h4>\n<div class=\"WncCi\"><\/div>\n<p>Tout d\u2019abord Agitez avant d\u2019utiliser.<\/p>\n<p>Ensuite Pulv\u00e9risez sur les cheveux humides et finalement peignez.<\/p>\n<p>Ne pas rincer.<\/p>\n<\/p><\/div>","protected":false},"excerpt":{"rendered":"<p>Highlights:Laisser agir apr\u00e8s-shampooing aux actifs naturels. Pour cheveux secs ou ab\u00eem\u00e9s. Contient un filtre de protection UV.<\/p>","protected":false},"featured_media":6335,"comment_status":"open","ping_status":"closed","template":"","meta":[],"product_cat":[84],"product_tag":[],"yith_product_brand":[107],"class_list":{"0":"post-6261","1":"product","2":"type-product","3":"status-publish","4":"has-post-thumbnail","6":"product_cat-soins-cheveux","7":"yith_product_brand-erayba","9":"first","10":"instock","11":"sale","12":"shipping-taxable","13":"purchasable","14":"product-type-simple"},"_links":{"self":[{"href":"https:\/\/parapharmacieenligne.ma\/en\/wp-json\/wp\/v2\/product\/6261","targetHints":{"allow":["GET"]}}],"collection":[{"href":"https:\/\/parapharmacieenligne.ma\/en\/wp-json\/wp\/v2\/product"}],"about":[{"href":"https:\/\/parapharmacieenligne.ma\/en\/wp-json\/wp\/v2\/types\/product"}],"replies":[{"embeddable":true,"href":"https:\/\/parapharmacieenligne.ma\/en\/wp-json\/wp\/v2\/comments?post=6261"}],"version-history":[{"count":1,"href":"https:\/\/parapharmacieenligne.ma\/en\/wp-json\/wp\/v2\/product\/6261\/revisions"}],"predecessor-version":[{"id":6336,"href":"https:\/\/parapharmacieenligne.ma\/en\/wp-json\/wp\/v2\/product\/6261\/revisions\/6336"}],"wp:featuredmedia":[{"embeddable":true,"href":"https:\/\/parapharmacieenligne.ma\/en\/wp-json\/wp\/v2\/media\/6335"}],"wp:attachment":[{"href":"https:\/\/parapharmacieenligne.ma\/en\/wp-json\/wp\/v2\/media?parent=6261"}],"wp:term":[{"taxonomy":"product_cat","embeddable":true,"href":"https:\/\/parapharmacieenligne.ma\/en\/wp-json\/wp\/v2\/product_cat?post=6261"},{"taxonomy":"product_tag","embeddable":true,"href":"https:\/\/parapharmacieenligne.ma\/en\/wp-json\/wp\/v2\/product_tag?post=6261"},{"taxonomy":"yith_product_brand","embeddable":true,"href":"https:\/\/parapharmacieenligne.ma\/en\/wp-json\/wp\/v2\/yith_product_brand?post=6261"}],"curies":[{"name":"wp","href":"https:\/\/api.w.org\/{rel}","templated":true}]}}