{"id":6262,"date":"2026-01-25T20:28:46","date_gmt":"2026-01-25T19:28:46","guid":{"rendered":"https:\/\/parapharmacieenligne.ma\/?post_type=product&#038;p=6262"},"modified":"2026-01-25T20:30:18","modified_gmt":"2026-01-25T19:30:18","slug":"erayba-naturactive-conditionneur-n16-collastin-intense-250ml","status":"publish","type":"product","link":"https:\/\/parapharmacieenligne.ma\/en\/product\/erayba-naturactive-conditionneur-n16-collastin-intense-250ml\/","title":{"rendered":"ERAYBA NATURACTIVE CONDITIONNEUR N16 COLLASTIN INTENSE 250ML"},"content":{"rendered":"<div aria-labelledby=\"tab-title-description\" class=\"woocommerce-Tabs-panel woocommerce-Tabs-panel--description panel entry-content wc-tab\" id=\"tab-description\" role=\"tabpanel\" style=\"\">\n<h2>Description<\/h2>\n<p style=\"font-weight: 400;\">Conditionneur Intense \u00e0 base de collag\u00e8ne et d\u2019\u00e9lastine. Nutrition et hydratation profondent. Pour cheveux fins, ab\u00eem\u00e9s ou cassants. Les cheveux retrouvent leur \u00e9quilibre naturel : vigueur, souplesse, hydratation et brillance. Facilite imm\u00e9diatement le coiffage.<\/p>\n<p style=\"font-weight: 400;\"><b><strong>Conseils d\u2019Utilisation :<\/strong><\/b><\/p>\n<p style=\"font-weight: 400;\">Laver et essorer les cheveux \u00e0 la serviette. Appliquer en r\u00e9partissant bien le produit sur toute la chevelure et faire de l\u00e9gers massages.<\/p>\n<\/p><\/div>","protected":false},"excerpt":{"rendered":"<p>Highlights:Conditionneur Intense \u00e0 base de collag\u00e8ne et d\u2019\u00e9lastine. Nutrition et hydratation profondent. Pour cheveux fins, ab\u00eem\u00e9s ou cassants. Les cheveux retrouvent leur \u00e9quilibre naturel : vigueur, souplesse, hydratation et brillance. Facilite imm\u00e9diatement le coiffage.<\/p>","protected":false},"featured_media":6337,"comment_status":"open","ping_status":"closed","template":"","meta":[],"product_cat":[84],"product_tag":[],"yith_product_brand":[107],"class_list":{"0":"post-6262","1":"product","2":"type-product","3":"status-publish","4":"has-post-thumbnail","6":"product_cat-soins-cheveux","7":"yith_product_brand-erayba","9":"first","10":"instock","11":"sale","12":"shipping-taxable","13":"purchasable","14":"product-type-simple"},"_links":{"self":[{"href":"https:\/\/parapharmacieenligne.ma\/en\/wp-json\/wp\/v2\/product\/6262","targetHints":{"allow":["GET"]}}],"collection":[{"href":"https:\/\/parapharmacieenligne.ma\/en\/wp-json\/wp\/v2\/product"}],"about":[{"href":"https:\/\/parapharmacieenligne.ma\/en\/wp-json\/wp\/v2\/types\/product"}],"replies":[{"embeddable":true,"href":"https:\/\/parapharmacieenligne.ma\/en\/wp-json\/wp\/v2\/comments?post=6262"}],"version-history":[{"count":1,"href":"https:\/\/parapharmacieenligne.ma\/en\/wp-json\/wp\/v2\/product\/6262\/revisions"}],"predecessor-version":[{"id":6338,"href":"https:\/\/parapharmacieenligne.ma\/en\/wp-json\/wp\/v2\/product\/6262\/revisions\/6338"}],"wp:featuredmedia":[{"embeddable":true,"href":"https:\/\/parapharmacieenligne.ma\/en\/wp-json\/wp\/v2\/media\/6337"}],"wp:attachment":[{"href":"https:\/\/parapharmacieenligne.ma\/en\/wp-json\/wp\/v2\/media?parent=6262"}],"wp:term":[{"taxonomy":"product_cat","embeddable":true,"href":"https:\/\/parapharmacieenligne.ma\/en\/wp-json\/wp\/v2\/product_cat?post=6262"},{"taxonomy":"product_tag","embeddable":true,"href":"https:\/\/parapharmacieenligne.ma\/en\/wp-json\/wp\/v2\/product_tag?post=6262"},{"taxonomy":"yith_product_brand","embeddable":true,"href":"https:\/\/parapharmacieenligne.ma\/en\/wp-json\/wp\/v2\/yith_product_brand?post=6262"}],"curies":[{"name":"wp","href":"https:\/\/api.w.org\/{rel}","templated":true}]}}