{"id":6281,"date":"2026-01-25T20:29:14","date_gmt":"2026-01-25T19:29:14","guid":{"rendered":"https:\/\/parapharmacieenligne.ma\/?post_type=product&#038;p=6281"},"modified":"2026-01-25T20:30:39","modified_gmt":"2026-01-25T19:30:39","slug":"erayba-nutriactive-n10-collastin-mask-250ml","status":"publish","type":"product","link":"https:\/\/parapharmacieenligne.ma\/en\/product\/erayba-nutriactive-n10-collastin-mask-250ml\/","title":{"rendered":"Erayba Nutriactive N10 collastin mask 250ml"},"content":{"rendered":"<div aria-labelledby=\"tab-title-description\" class=\"woocommerce-Tabs-panel woocommerce-Tabs-panel--description panel entry-content wc-tab\" id=\"tab-description\" role=\"tabpanel\" style=\"\">\n<h2>Description<\/h2>\n<p>Erayba est une cosm\u00e9tique capillaire professionnelle qui est produite \u00e0 Barcelone (Espagne) depuis plus de 30 ans et est repr\u00e9sent\u00e9e dans plus de 50 pays \u00e0 travers le monde. Pour la production de ses produits, Erayba utilise les derni\u00e8res technologies, des ingr\u00e9dients naturels et des d\u00e9veloppements innovants de son propre laboratoire.<\/p>\n<p>Tous les produits de cette s\u00e9rie ne contiennent pas de parab\u00e8nes, sels, sulfates. Contient de l\u2019acide hyaluronique: r\u00e9tablit un \u00e9quilibre sain aux cheveux, nettoie la fibre capillaire et le cuir chevelu.<\/p>\n<p>Le masque Erayba Nutriactive EN10 avec collag\u00e8ne et \u00e9lastine nourrit en profondeur et hydrate les cheveux, renforce et hydrate les cheveux, les rendant sains, doux et brillants, ce qui facilite le coiffage des cheveux.<\/p>\n<\/p><\/div>","protected":false},"excerpt":{"rendered":"<p>Highlights:Erayba est une cosm\u00e9tique capillaire professionnelle qui est produite \u00e0 Barcelone (Espagne) depuis plus de 30 ans et est repr\u00e9sent\u00e9e dans plus de 50 pays \u00e0 travers le monde. Pour la production de ses produits, Erayba utilise les derni\u00e8res technologies, des ingr\u00e9dients naturels et des d\u00e9veloppements innovants de son propre laboratoire.<\/p>","protected":false},"featured_media":6351,"comment_status":"open","ping_status":"closed","template":"","meta":[],"product_cat":[84],"product_tag":[],"yith_product_brand":[107],"class_list":{"0":"post-6281","1":"product","2":"type-product","3":"status-publish","4":"has-post-thumbnail","6":"product_cat-soins-cheveux","7":"yith_product_brand-erayba","9":"first","10":"instock","11":"sale","12":"shipping-taxable","13":"purchasable","14":"product-type-simple"},"_links":{"self":[{"href":"https:\/\/parapharmacieenligne.ma\/en\/wp-json\/wp\/v2\/product\/6281","targetHints":{"allow":["GET"]}}],"collection":[{"href":"https:\/\/parapharmacieenligne.ma\/en\/wp-json\/wp\/v2\/product"}],"about":[{"href":"https:\/\/parapharmacieenligne.ma\/en\/wp-json\/wp\/v2\/types\/product"}],"replies":[{"embeddable":true,"href":"https:\/\/parapharmacieenligne.ma\/en\/wp-json\/wp\/v2\/comments?post=6281"}],"version-history":[{"count":1,"href":"https:\/\/parapharmacieenligne.ma\/en\/wp-json\/wp\/v2\/product\/6281\/revisions"}],"predecessor-version":[{"id":6352,"href":"https:\/\/parapharmacieenligne.ma\/en\/wp-json\/wp\/v2\/product\/6281\/revisions\/6352"}],"wp:featuredmedia":[{"embeddable":true,"href":"https:\/\/parapharmacieenligne.ma\/en\/wp-json\/wp\/v2\/media\/6351"}],"wp:attachment":[{"href":"https:\/\/parapharmacieenligne.ma\/en\/wp-json\/wp\/v2\/media?parent=6281"}],"wp:term":[{"taxonomy":"product_cat","embeddable":true,"href":"https:\/\/parapharmacieenligne.ma\/en\/wp-json\/wp\/v2\/product_cat?post=6281"},{"taxonomy":"product_tag","embeddable":true,"href":"https:\/\/parapharmacieenligne.ma\/en\/wp-json\/wp\/v2\/product_tag?post=6281"},{"taxonomy":"yith_product_brand","embeddable":true,"href":"https:\/\/parapharmacieenligne.ma\/en\/wp-json\/wp\/v2\/yith_product_brand?post=6281"}],"curies":[{"name":"wp","href":"https:\/\/api.w.org\/{rel}","templated":true}]}}