{"id":6303,"date":"2026-01-25T20:29:40","date_gmt":"2026-01-25T19:29:40","guid":{"rendered":"https:\/\/parapharmacieenligne.ma\/?post_type=product&#038;p=6303"},"modified":"2026-01-25T20:31:01","modified_gmt":"2026-01-25T19:31:01","slug":"erayba-biome-b11-bio-repair-shot-100ml","status":"publish","type":"product","link":"https:\/\/parapharmacieenligne.ma\/en\/product\/erayba-biome-b11-bio-repair-shot-100ml\/","title":{"rendered":"Erayba Biome B11 bio repair shot 100ml"},"content":{"rendered":"<div aria-labelledby=\"tab-title-description\" class=\"woocommerce-Tabs-panel woocommerce-Tabs-panel--description panel entry-content wc-tab\" id=\"tab-description\" role=\"tabpanel\" style=\"\">\n<h2>Description<\/h2>\n<section id=\"comp-k2lph0o9\">\n<div class=\"_3BQmz\" data-testid=\"columns\">\n<div class=\"_1HpZ_\" id=\"comp-k2lph0o91\">\n<div class=\"_3_wbk\" id=\"bgLayers_comp-k2lph0o91\"><\/div>\n<\/p><\/div>\n<\/p><\/div>\n<\/section>\n<div id=\"TPAMultiSection_k2lp5k7p\">\n<div class=\"TPAMultiSection_k2lp5k7p\">\n<div class=\"_1TImB layout__classic isDesktop\" data-hook=\"product-page\" data-layout-name=\"classic\">\n<article class=\"_30ZY-\">\n<div class=\"_12vNY\">\n<section class=\"_2h_HC\">\n<div class=\"_1YUti fggS- cell\">\n<div class=\"_1CW1W\" data-hook=\"product-gallery-root\">\n<div class=\"_2KJbB _3K7fh _2s5IE\" data-hook=\"product-gallery-composite\">\n<div data-hook=\"modal-gallery-on-dom\"><\/div>\n<div class=\"_2jcLf _6rUS _1Ng7f modal-zoom-icon\" data-hook=\"main-media-container\">\n<div class=\"_1cyvw\" data-hook=\"main-media\">\n<div class=\"slick-slider _3TeXy main-media-slick-hook slick-initialized\">\n<div class=\"slick-list\">\n<div class=\"slick-track\">\n<div aria-hidden=\"false\" class=\"slick-slide slick-active slick-current\" data-index=\"0\">\n<div class=\"main-media-image-wrapper-hook\" data-hook=\"main-media-image-wrapper\">\n<div class=\"_3j9OG media-wrapper-hook V-iTp\" id=\"get-image-item-id\">\n<div class=\"_1oSdp _1Tjgd\" data-hook=\"product-image-item\">Traitement double action r\u00e9parateur et densificateur avec ingr\u00e9dients actifs naturels, texture et cheveux r\u00e9par\u00e9s et plus \u00e9pais. Anti-pollution. Cheveux sains avec corps et vitalit\u00e9. Sans rin\u00e7age. Sp\u00e9cial pour cheveux fins, ab\u00eem\u00e9s ou viellis.<\/div>\n<\/p><\/div>\n<div data-hook=\"product-image-item\"><strong><strong>Conseils d\u2019Utilisation : <\/strong> <\/strong><\/div>\n<div data-hook=\"product-image-item\">\n<div id=\"TPAMultiSection_k2lp5k7p\">\n<div class=\"TPAMultiSection_k2lp5k7p\">\n<div class=\"_1TImB layout__classic isDesktop\" data-hook=\"product-page\" data-layout-name=\"classic\">\n<article class=\"_30ZY-\">\n<div class=\"_12vNY\">\n<section class=\"_2h_HC\">\n<div class=\"_3EQWi fggS- cell\">\n<div dir=\"ltr\">\n<div aria-hidden=\"false\" class=\"rah-static rah-static--height-auto\">\n<div>\n<div class=\"_1yvxJ fggS- cell\">\n<div class=\"WncCi\" data-hook=\"info-section-description\">\n<p>Pulv\u00e9riser sur cheveux humides des racines vers les pointes et peigner. Ne pas rincer.<\/p>\n<\/p><\/div>\n<\/p><\/div>\n<\/p><\/div>\n<\/p><\/div>\n<\/p><\/div>\n<\/p><\/div>\n<div class=\"_2lJ_V fggS- cell\">\n<div class=\"_1cpNm\" data-hook=\"social-sharing\"><\/div>\n<\/p><\/div>\n<\/section><\/div>\n<div class=\"fggS- cell\">\n<div data-hook=\"bottom-placeholder\"><\/div>\n<\/p><\/div>\n<\/article><\/div>\n<\/p><\/div>\n<\/p><\/div>\n<\/p><\/div>\n<\/p><\/div>\n<\/p><\/div>\n<\/p><\/div>\n<\/p><\/div>\n<\/p><\/div>\n<\/p><\/div>\n<\/p><\/div>\n<\/p><\/div>\n<\/p><\/div>\n<\/p><\/div>\n<\/section><\/div>\n<\/article><\/div>\n<\/p><\/div>\n<\/p><\/div>\n<\/p><\/div>","protected":false},"excerpt":{"rendered":"<p>Highlights:COMPL\u00c9MENT ID\u00c9AL DES SOINS ANTI-CHUTE.UN BAIN D\u2019\u00c9NERGIE, V\u00c9RITABLE SOURCE DE BEAUT\u00c9 ET DE VIGUEUR, DESTIN\u00c9 AUX CHEVEUX FINS, FRAGILES ET SANS VOLUME.<\/p>","protected":false},"featured_media":6367,"comment_status":"open","ping_status":"closed","template":"","meta":[],"product_cat":[84],"product_tag":[],"yith_product_brand":[107],"class_list":{"0":"post-6303","1":"product","2":"type-product","3":"status-publish","4":"has-post-thumbnail","6":"product_cat-soins-cheveux","7":"yith_product_brand-erayba","9":"first","10":"instock","11":"sale","12":"shipping-taxable","13":"purchasable","14":"product-type-simple"},"_links":{"self":[{"href":"https:\/\/parapharmacieenligne.ma\/en\/wp-json\/wp\/v2\/product\/6303","targetHints":{"allow":["GET"]}}],"collection":[{"href":"https:\/\/parapharmacieenligne.ma\/en\/wp-json\/wp\/v2\/product"}],"about":[{"href":"https:\/\/parapharmacieenligne.ma\/en\/wp-json\/wp\/v2\/types\/product"}],"replies":[{"embeddable":true,"href":"https:\/\/parapharmacieenligne.ma\/en\/wp-json\/wp\/v2\/comments?post=6303"}],"version-history":[{"count":1,"href":"https:\/\/parapharmacieenligne.ma\/en\/wp-json\/wp\/v2\/product\/6303\/revisions"}],"predecessor-version":[{"id":6368,"href":"https:\/\/parapharmacieenligne.ma\/en\/wp-json\/wp\/v2\/product\/6303\/revisions\/6368"}],"wp:featuredmedia":[{"embeddable":true,"href":"https:\/\/parapharmacieenligne.ma\/en\/wp-json\/wp\/v2\/media\/6367"}],"wp:attachment":[{"href":"https:\/\/parapharmacieenligne.ma\/en\/wp-json\/wp\/v2\/media?parent=6303"}],"wp:term":[{"taxonomy":"product_cat","embeddable":true,"href":"https:\/\/parapharmacieenligne.ma\/en\/wp-json\/wp\/v2\/product_cat?post=6303"},{"taxonomy":"product_tag","embeddable":true,"href":"https:\/\/parapharmacieenligne.ma\/en\/wp-json\/wp\/v2\/product_tag?post=6303"},{"taxonomy":"yith_product_brand","embeddable":true,"href":"https:\/\/parapharmacieenligne.ma\/en\/wp-json\/wp\/v2\/yith_product_brand?post=6303"}],"curies":[{"name":"wp","href":"https:\/\/api.w.org\/{rel}","templated":true}]}}