{"id":6304,"date":"2026-01-25T20:29:41","date_gmt":"2026-01-25T19:29:41","guid":{"rendered":"https:\/\/parapharmacieenligne.ma\/?post_type=product&#038;p=6304"},"modified":"2026-01-25T20:31:03","modified_gmt":"2026-01-25T19:31:03","slug":"erayba-biome-b10-bio-mask-200ml","status":"publish","type":"product","link":"https:\/\/parapharmacieenligne.ma\/en\/product\/erayba-biome-b10-bio-mask-200ml\/","title":{"rendered":"Erayba Biome B10 bio Mask 200ml"},"content":{"rendered":"<div aria-labelledby=\"tab-title-description\" class=\"woocommerce-Tabs-panel woocommerce-Tabs-panel--description panel entry-content wc-tab\" id=\"tab-description\" role=\"tabpanel\" style=\"\">\n<h2>Description<\/h2>\n<p>Masque organique avec des ingr\u00e9dients actifs naturels. Pour tous types de cheveux. Effet antioxydant et rajeunissant, qui apporte hydratation et vitalit\u00e9 aux cheveux, lui donnant un aspect brillant et doux.<\/p>\n<p><strong><strong>Conseils d\u2019Utilisation : <\/strong> <\/strong><\/p>\n<p>Laver et s\u00e9cher les cheveux avec une serviette. Appliquer en r\u00e9partissant sur toute la chevelure et masser d\u00e9licatement. Laisser agir quelques minutes puis rincer.<\/p>\n<p><strong>Composantes :<\/strong><\/p>\n<ul>\n<li>Aloe vera<\/li>\n<li>Huile de Macademia<\/li>\n<li>Huile de coco<\/li>\n<li>Quinoa<\/li>\n<li>Sans sel et sans paraben<\/li>\n<li>Parfum hypoallerg\u00e9nique<\/li>\n<li>Conservateurs naturels<\/li>\n<\/ul><\/div>","protected":false},"excerpt":{"rendered":"<p>Highlights:BioKap Nutricolor Delicato + propose d\u00e9sormais 4 nuances sans aucune ph\u00e9nyl\u00e8nediamine. Les colorations conviennent aux cuirs chevelus les plus sensibles, les ingr\u00e9dients v\u00e9g\u00e9taux permettent de nourrir et r\u00e9parer les cheveux pendant l\u2019application de la couleur. Les cheveux blancs sont couverts d\u00e8s la premi\u00e8re application.<\/p>","protected":false},"featured_media":6369,"comment_status":"open","ping_status":"closed","template":"","meta":[],"product_cat":[84],"product_tag":[],"yith_product_brand":[107],"class_list":{"0":"post-6304","1":"product","2":"type-product","3":"status-publish","4":"has-post-thumbnail","6":"product_cat-soins-cheveux","7":"yith_product_brand-erayba","9":"first","10":"instock","11":"sale","12":"shipping-taxable","13":"purchasable","14":"product-type-simple"},"_links":{"self":[{"href":"https:\/\/parapharmacieenligne.ma\/en\/wp-json\/wp\/v2\/product\/6304","targetHints":{"allow":["GET"]}}],"collection":[{"href":"https:\/\/parapharmacieenligne.ma\/en\/wp-json\/wp\/v2\/product"}],"about":[{"href":"https:\/\/parapharmacieenligne.ma\/en\/wp-json\/wp\/v2\/types\/product"}],"replies":[{"embeddable":true,"href":"https:\/\/parapharmacieenligne.ma\/en\/wp-json\/wp\/v2\/comments?post=6304"}],"version-history":[{"count":1,"href":"https:\/\/parapharmacieenligne.ma\/en\/wp-json\/wp\/v2\/product\/6304\/revisions"}],"predecessor-version":[{"id":6370,"href":"https:\/\/parapharmacieenligne.ma\/en\/wp-json\/wp\/v2\/product\/6304\/revisions\/6370"}],"wp:featuredmedia":[{"embeddable":true,"href":"https:\/\/parapharmacieenligne.ma\/en\/wp-json\/wp\/v2\/media\/6369"}],"wp:attachment":[{"href":"https:\/\/parapharmacieenligne.ma\/en\/wp-json\/wp\/v2\/media?parent=6304"}],"wp:term":[{"taxonomy":"product_cat","embeddable":true,"href":"https:\/\/parapharmacieenligne.ma\/en\/wp-json\/wp\/v2\/product_cat?post=6304"},{"taxonomy":"product_tag","embeddable":true,"href":"https:\/\/parapharmacieenligne.ma\/en\/wp-json\/wp\/v2\/product_tag?post=6304"},{"taxonomy":"yith_product_brand","embeddable":true,"href":"https:\/\/parapharmacieenligne.ma\/en\/wp-json\/wp\/v2\/yith_product_brand?post=6304"}],"curies":[{"name":"wp","href":"https:\/\/api.w.org\/{rel}","templated":true}]}}