{"id":6306,"date":"2026-01-25T20:29:41","date_gmt":"2026-01-25T19:29:41","guid":{"rendered":"https:\/\/parapharmacieenligne.ma\/?post_type=product&#038;p=6306"},"modified":"2026-01-25T20:31:10","modified_gmt":"2026-01-25T19:31:10","slug":"erayba-biome-b12-bio-shampooing-250ml","status":"publish","type":"product","link":"https:\/\/parapharmacieenligne.ma\/en\/product\/erayba-biome-b12-bio-shampooing-250ml\/","title":{"rendered":"Erayba BIOme B12 Bio Shampooing 250ml"},"content":{"rendered":"<div aria-labelledby=\"tab-title-description\" class=\"woocommerce-Tabs-panel woocommerce-Tabs-panel--description panel entry-content wc-tab\" id=\"tab-description\" role=\"tabpanel\" style=\"\">\n<h2>Description<\/h2>\n<section class=\"_2h_HC\">\n<div class=\"_1FTz3 fggS- cell\">\n<section class=\"_2RbVQ\" data-hook=\"description-wrapper\">\n<div class=\"_3nbVj\">\n<div class=\"_3cRjW\" data-hook=\"content-wrapper\">\n<p>Shampooing organic avec ingr\u00e9dients actifs naturels. Pour tous types de cheveux. Effet antioxydant et rajeunissant, qui apporte hydratation et vitalit\u00e9 au cheveu, lui donnant un aspec sain, brillant et doux.<\/p>\n<p><strong>Composantes :<\/strong><\/p>\n<ul>\n<li>Aloe vera<\/li>\n<li>Huile de Macademia<\/li>\n<li>Huile de coco<\/li>\n<li>Quinoa<\/li>\n<li>Sans sel et sans paraben<\/li>\n<li>Parfum hypoallerg\u00e9nique<\/li>\n<li>Conservateurs naturels<\/li>\n<\/ul><\/div>\n<p><strong><strong>Conseils d\u2019Utilisation : <\/strong> <\/strong><\/p>\n<div id=\"TPAMultiSection_k2lp5k7p\">\n<div class=\"TPAMultiSection_k2lp5k7p\">\n<div class=\"_1TImB layout__classic isDesktop\" data-hook=\"product-page\" data-layout-name=\"classic\">\n<article class=\"_30ZY-\">\n<div class=\"_12vNY\">\n<section class=\"_2h_HC\">\n<div class=\"_3EQWi fggS- cell\">\n<div dir=\"ltr\">\n<div aria-hidden=\"false\" class=\"rah-static rah-static--height-auto\">\n<div>\n<div class=\"_1yvxJ fggS- cell\">\n<div class=\"WncCi\" data-hook=\"info-section-description\">\n<p>Appliquer sur cheveux mouill\u00e9s \u00e0 l\u2019aide d\u2019un l\u00e9ger massage. Laisser agir 1 ou 2 minutes et rincer.<\/p>\n<\/p><\/div>\n<\/p><\/div>\n<\/p><\/div>\n<\/p><\/div>\n<\/p><\/div>\n<\/p><\/div>\n<div class=\"_2lJ_V fggS- cell\">\n<div class=\"_1cpNm\" data-hook=\"social-sharing\"><\/div>\n<\/p><\/div>\n<\/section><\/div>\n<div class=\"fggS- cell\">\n<div data-hook=\"bottom-placeholder\"><\/div>\n<\/p><\/div>\n<\/article><\/div>\n<\/p><\/div>\n<\/p><\/div>\n<\/p><\/div>\n<\/section><\/div>\n<\/section>\n<section class=\"_2h_HC\">\n<div class=\"fggS- cell\"><\/div>\n<\/section><\/div>","protected":false},"excerpt":{"rendered":"<p>Highlights:La coloration BioKap Nutricolor, votre partenaire pour la beaut\u00e9 et la coloration des cheveux. Sa formulation exclusive en ingr\u00e9dients v\u00e9g\u00e9taux nourrit et r\u00e9pare les cheveux pendant la coloration. BioKap Nutricolor couvre parfaitement les cheveux blancs et est tr\u00e8s bien tol\u00e9r\u00e9e.<\/p>","protected":false},"featured_media":6373,"comment_status":"open","ping_status":"closed","template":"","meta":[],"product_cat":[84],"product_tag":[],"yith_product_brand":[107],"class_list":{"0":"post-6306","1":"product","2":"type-product","3":"status-publish","4":"has-post-thumbnail","6":"product_cat-soins-cheveux","7":"yith_product_brand-erayba","9":"first","10":"instock","11":"sale","12":"shipping-taxable","13":"purchasable","14":"product-type-simple"},"_links":{"self":[{"href":"https:\/\/parapharmacieenligne.ma\/en\/wp-json\/wp\/v2\/product\/6306","targetHints":{"allow":["GET"]}}],"collection":[{"href":"https:\/\/parapharmacieenligne.ma\/en\/wp-json\/wp\/v2\/product"}],"about":[{"href":"https:\/\/parapharmacieenligne.ma\/en\/wp-json\/wp\/v2\/types\/product"}],"replies":[{"embeddable":true,"href":"https:\/\/parapharmacieenligne.ma\/en\/wp-json\/wp\/v2\/comments?post=6306"}],"version-history":[{"count":1,"href":"https:\/\/parapharmacieenligne.ma\/en\/wp-json\/wp\/v2\/product\/6306\/revisions"}],"predecessor-version":[{"id":6374,"href":"https:\/\/parapharmacieenligne.ma\/en\/wp-json\/wp\/v2\/product\/6306\/revisions\/6374"}],"wp:featuredmedia":[{"embeddable":true,"href":"https:\/\/parapharmacieenligne.ma\/en\/wp-json\/wp\/v2\/media\/6373"}],"wp:attachment":[{"href":"https:\/\/parapharmacieenligne.ma\/en\/wp-json\/wp\/v2\/media?parent=6306"}],"wp:term":[{"taxonomy":"product_cat","embeddable":true,"href":"https:\/\/parapharmacieenligne.ma\/en\/wp-json\/wp\/v2\/product_cat?post=6306"},{"taxonomy":"product_tag","embeddable":true,"href":"https:\/\/parapharmacieenligne.ma\/en\/wp-json\/wp\/v2\/product_tag?post=6306"},{"taxonomy":"yith_product_brand","embeddable":true,"href":"https:\/\/parapharmacieenligne.ma\/en\/wp-json\/wp\/v2\/yith_product_brand?post=6306"}],"curies":[{"name":"wp","href":"https:\/\/api.w.org\/{rel}","templated":true}]}}