{"id":6331,"date":"2026-01-25T20:30:12","date_gmt":"2026-01-25T19:30:12","guid":{"rendered":"https:\/\/parapharmacieenligne.ma\/?post_type=product&#038;p=6331"},"modified":"2026-01-25T20:31:26","modified_gmt":"2026-01-25T19:31:26","slug":"erayba-nutriactive-n10-collastin-mask-1000-ml","status":"publish","type":"product","link":"https:\/\/parapharmacieenligne.ma\/en\/product\/erayba-nutriactive-n10-collastin-mask-1000-ml\/","title":{"rendered":"Erayba Nutriactive N10 collastin mask 1000 ml"},"content":{"rendered":"<div aria-labelledby=\"tab-title-description\" class=\"woocommerce-Tabs-panel woocommerce-Tabs-panel--description panel entry-content wc-tab\" id=\"tab-description\" role=\"tabpanel\" style=\"\">\n<h2>Description<\/h2>\n<section class=\"_2h_HC\">\n<div class=\"_1FTz3 fggS- cell\">\n<section class=\"_2RbVQ\" data-hook=\"description-wrapper\">\n<div class=\"_3nbVj\">\n<div class=\"_3cRjW\" data-hook=\"content-wrapper\">\n<p>Masque \u00e0 nutrition intense pour cheveux secs et ab\u00eem\u00e9s \u00e0 base de collag\u00e8ne et \u00e9lastine d\u2019origine marine. Nutrition et hydratation profondes. les cheveux retrouvent leur \u00e9quilibre naturel : vigueure, souplesse, hydratation et brillance. Facilite imm\u00e9diatement le coiffage.<\/p>\n<p><strong>Composantes<\/strong><br \/>\n Sans sel, parabens, sulfates<\/p>\n<p>Collag\u00e8ne hydrolys\u00e9<\/p>\n<p>Elastine hydrolys\u00e9e<\/p>\n<p>Parfum hypoallerg\u00e9nique<\/p>\n<p>Beurre de karit\u00e9<\/p>\n<p>Huile de graines de limnanthes<\/p>\n<p><strong>Mode d\u2019emploi<\/strong><br \/>\n Laver et essorer les cheveux \u00e0 la serviette. Appliquer en r\u00e9partissant bien le produit sur toute la chevelure et faire de l\u00e9gers massages. Laisser agir pendant quelques minutes puis rincer<\/p>\n<\/p><\/div>\n<\/p><\/div>\n<\/section><\/div>\n<\/section><\/div>","protected":false},"excerpt":{"rendered":"<p>Highlights:Des cheveux plus forts, plus beaux<\/p>","protected":false},"featured_media":6383,"comment_status":"open","ping_status":"closed","template":"","meta":[],"product_cat":[84],"product_tag":[],"yith_product_brand":[107],"class_list":{"0":"post-6331","1":"product","2":"type-product","3":"status-publish","4":"has-post-thumbnail","6":"product_cat-soins-cheveux","7":"yith_product_brand-erayba","9":"first","10":"instock","11":"sale","12":"shipping-taxable","13":"purchasable","14":"product-type-simple"},"_links":{"self":[{"href":"https:\/\/parapharmacieenligne.ma\/en\/wp-json\/wp\/v2\/product\/6331","targetHints":{"allow":["GET"]}}],"collection":[{"href":"https:\/\/parapharmacieenligne.ma\/en\/wp-json\/wp\/v2\/product"}],"about":[{"href":"https:\/\/parapharmacieenligne.ma\/en\/wp-json\/wp\/v2\/types\/product"}],"replies":[{"embeddable":true,"href":"https:\/\/parapharmacieenligne.ma\/en\/wp-json\/wp\/v2\/comments?post=6331"}],"version-history":[{"count":1,"href":"https:\/\/parapharmacieenligne.ma\/en\/wp-json\/wp\/v2\/product\/6331\/revisions"}],"predecessor-version":[{"id":6384,"href":"https:\/\/parapharmacieenligne.ma\/en\/wp-json\/wp\/v2\/product\/6331\/revisions\/6384"}],"wp:featuredmedia":[{"embeddable":true,"href":"https:\/\/parapharmacieenligne.ma\/en\/wp-json\/wp\/v2\/media\/6383"}],"wp:attachment":[{"href":"https:\/\/parapharmacieenligne.ma\/en\/wp-json\/wp\/v2\/media?parent=6331"}],"wp:term":[{"taxonomy":"product_cat","embeddable":true,"href":"https:\/\/parapharmacieenligne.ma\/en\/wp-json\/wp\/v2\/product_cat?post=6331"},{"taxonomy":"product_tag","embeddable":true,"href":"https:\/\/parapharmacieenligne.ma\/en\/wp-json\/wp\/v2\/product_tag?post=6331"},{"taxonomy":"yith_product_brand","embeddable":true,"href":"https:\/\/parapharmacieenligne.ma\/en\/wp-json\/wp\/v2\/yith_product_brand?post=6331"}],"curies":[{"name":"wp","href":"https:\/\/api.w.org\/{rel}","templated":true}]}}