{"id":6460,"date":"2026-01-25T20:52:16","date_gmt":"2026-01-25T19:52:16","guid":{"rendered":"https:\/\/parapharmacieenligne.ma\/?post_type=product&#038;p=6460"},"modified":"2026-01-25T20:52:28","modified_gmt":"2026-01-25T19:52:28","slug":"roge-cavailles-mousse-de-douche-nectar-de-vanille-200ml","status":"publish","type":"product","link":"https:\/\/parapharmacieenligne.ma\/en\/product\/roge-cavailles-mousse-de-douche-nectar-de-vanille-200ml\/","title":{"rendered":"Roge Cavailles Mousse de Douche Nectar de Vanille 200ml"},"content":{"rendered":"<div aria-labelledby=\"tab-title-description\" class=\"woocommerce-Tabs-panel woocommerce-Tabs-panel--description panel entry-content wc-tab\" id=\"tab-description\" role=\"tabpanel\" style=\"\">\n<h2>Description<\/h2>\n<p>Au contact de l\u2019eau, sa texture se transforme en une mousse ultra-onctueuse et enveloppante pour d\u00e9licatement nettoyer les peaux sensibles. Une seule pression suffit pour recouvrir le corps d\u2019un nuage de douceur. Son parfum chaud et sucr\u00e9 fait voyager les sens. Avec du surgras v\u00e9g\u00e9tal pro-r\u00e9g\u00e9n\u00e9rant\u00ae, sa formule, sans savon, aide \u00e0 pr\u00e9server le film hydrolipidique et ainsi son processus naturel de r\u00e9g\u00e9n\u00e9ration.<\/p>\n<div class=\"accordion collapse show\">\n<div class=\"accordion-header\">\n<h3 class=\"mb-0\">Ce produit est-il adapt\u00e9 \u00e0 votre peau<\/h3>\n<\/p><\/div>\n<div class=\"accordion-body\">\n<div class=\"wysiwyg\">\n<p>Id\u00e9al pour les peaux sensibles de toute la famille : petits et grands d\u00e8s 3 ans.<\/p>\n<\/p><\/div>\n<\/p><\/div>\n<\/p><\/div>\n<div class=\"accordion collapse show\">\n<div class=\"accordion-header\">\n<h3 class=\"mb-0\">Conseils d\u2019utilisation<\/h3>\n<\/p><\/div>\n<div class=\"accordion-body\">\n<div class=\"wysiwyg\">\n<p>Sous la douche, appuyer sur le diffuseur pour lib\u00e9rer une noix de gel cr\u00e9meux. Sur votre peau pr\u00e9alablement mouill\u00e9e, faites mousser, rincer et s\u00e9cher d\u00e9licatement.<\/p>\n<\/p><\/div>\n<\/p><\/div>\n<\/p><\/div>\n<\/p><\/div>","protected":false},"excerpt":{"rendered":"<p>Highlights:La mousse de douche au parfum Original Nectar de vanille renferme le secret d\u2019une exp\u00e9rience sensorielle unique.<\/p>","protected":false},"featured_media":6491,"comment_status":"open","ping_status":"closed","template":"","meta":[],"product_cat":[85],"product_tag":[],"yith_product_brand":[109],"class_list":{"0":"post-6460","1":"product","2":"type-product","3":"status-publish","4":"has-post-thumbnail","6":"product_cat-soins-corps","7":"yith_product_brand-roge-cavailles","9":"first","10":"instock","11":"sale","12":"shipping-taxable","13":"purchasable","14":"product-type-simple"},"_links":{"self":[{"href":"https:\/\/parapharmacieenligne.ma\/en\/wp-json\/wp\/v2\/product\/6460","targetHints":{"allow":["GET"]}}],"collection":[{"href":"https:\/\/parapharmacieenligne.ma\/en\/wp-json\/wp\/v2\/product"}],"about":[{"href":"https:\/\/parapharmacieenligne.ma\/en\/wp-json\/wp\/v2\/types\/product"}],"replies":[{"embeddable":true,"href":"https:\/\/parapharmacieenligne.ma\/en\/wp-json\/wp\/v2\/comments?post=6460"}],"version-history":[{"count":1,"href":"https:\/\/parapharmacieenligne.ma\/en\/wp-json\/wp\/v2\/product\/6460\/revisions"}],"predecessor-version":[{"id":6492,"href":"https:\/\/parapharmacieenligne.ma\/en\/wp-json\/wp\/v2\/product\/6460\/revisions\/6492"}],"wp:featuredmedia":[{"embeddable":true,"href":"https:\/\/parapharmacieenligne.ma\/en\/wp-json\/wp\/v2\/media\/6491"}],"wp:attachment":[{"href":"https:\/\/parapharmacieenligne.ma\/en\/wp-json\/wp\/v2\/media?parent=6460"}],"wp:term":[{"taxonomy":"product_cat","embeddable":true,"href":"https:\/\/parapharmacieenligne.ma\/en\/wp-json\/wp\/v2\/product_cat?post=6460"},{"taxonomy":"product_tag","embeddable":true,"href":"https:\/\/parapharmacieenligne.ma\/en\/wp-json\/wp\/v2\/product_tag?post=6460"},{"taxonomy":"yith_product_brand","embeddable":true,"href":"https:\/\/parapharmacieenligne.ma\/en\/wp-json\/wp\/v2\/yith_product_brand?post=6460"}],"curies":[{"name":"wp","href":"https:\/\/api.w.org\/{rel}","templated":true}]}}