{"id":6461,"date":"2026-01-25T20:52:18","date_gmt":"2026-01-25T19:52:18","guid":{"rendered":"https:\/\/parapharmacieenligne.ma\/?post_type=product&#038;p=6461"},"modified":"2026-01-25T20:52:31","modified_gmt":"2026-01-25T19:52:31","slug":"roge-cavailles-mousse-intime-extra-doux-100ml","status":"publish","type":"product","link":"https:\/\/parapharmacieenligne.ma\/en\/product\/roge-cavailles-mousse-intime-extra-doux-100ml\/","title":{"rendered":"Roge Cavailles Mousse Intime Extra-Doux 100ml"},"content":{"rendered":"<div aria-labelledby=\"tab-title-description\" class=\"woocommerce-Tabs-panel woocommerce-Tabs-panel--description panel entry-content wc-tab\" id=\"tab-description\" role=\"tabpanel\" style=\"\">\n<h2>Description<\/h2>\n<p>\u2022 Une zone INTIME respect\u00e9e et prot\u00e9g\u00e9e : Renfermant un pr\u00e9biotique, notre formule sans savon compos\u00e9e \u00e0 97%d\u2019ingr\u00e9dients d\u2019origine naturelle nettoie en douceur et aide \u00e0 prot\u00e9ger l\u2019\u00e9quilibre intime.<br \/>\n \u2022 Un moment de BIEN-\u00caTRE gr\u00e2ce au surgras v\u00e9g\u00e9tal pro-r\u00e9g\u00e9n\u00e9rant\u00ae et aux extraits de calendula apaisant pour un confort optimal.<br \/>\n \u2022 Un geste pour la PLAN\u00c8TE avec son flacon 100% en plastique recycl\u00e9 et recyclable*.<br \/>\n \u2022 Adapt\u00e9 \u00e0 TOUTES les muqueuses avec son pH physiologique.<\/p>\n<p>Test\u00e9 gyn\u00e9cologiquement. Usage externe.<\/p>\n<\/p><\/div>","protected":false},"excerpt":{"rendered":"<p>Highlights:Soin lavant Intime Extra-Doux<\/p>","protected":false},"featured_media":6493,"comment_status":"open","ping_status":"closed","template":"","meta":[],"product_cat":[85],"product_tag":[],"yith_product_brand":[109],"class_list":{"0":"post-6461","1":"product","2":"type-product","3":"status-publish","4":"has-post-thumbnail","6":"product_cat-soins-corps","7":"yith_product_brand-roge-cavailles","9":"first","10":"instock","11":"sale","12":"shipping-taxable","13":"purchasable","14":"product-type-simple"},"_links":{"self":[{"href":"https:\/\/parapharmacieenligne.ma\/en\/wp-json\/wp\/v2\/product\/6461","targetHints":{"allow":["GET"]}}],"collection":[{"href":"https:\/\/parapharmacieenligne.ma\/en\/wp-json\/wp\/v2\/product"}],"about":[{"href":"https:\/\/parapharmacieenligne.ma\/en\/wp-json\/wp\/v2\/types\/product"}],"replies":[{"embeddable":true,"href":"https:\/\/parapharmacieenligne.ma\/en\/wp-json\/wp\/v2\/comments?post=6461"}],"version-history":[{"count":1,"href":"https:\/\/parapharmacieenligne.ma\/en\/wp-json\/wp\/v2\/product\/6461\/revisions"}],"predecessor-version":[{"id":6494,"href":"https:\/\/parapharmacieenligne.ma\/en\/wp-json\/wp\/v2\/product\/6461\/revisions\/6494"}],"wp:featuredmedia":[{"embeddable":true,"href":"https:\/\/parapharmacieenligne.ma\/en\/wp-json\/wp\/v2\/media\/6493"}],"wp:attachment":[{"href":"https:\/\/parapharmacieenligne.ma\/en\/wp-json\/wp\/v2\/media?parent=6461"}],"wp:term":[{"taxonomy":"product_cat","embeddable":true,"href":"https:\/\/parapharmacieenligne.ma\/en\/wp-json\/wp\/v2\/product_cat?post=6461"},{"taxonomy":"product_tag","embeddable":true,"href":"https:\/\/parapharmacieenligne.ma\/en\/wp-json\/wp\/v2\/product_tag?post=6461"},{"taxonomy":"yith_product_brand","embeddable":true,"href":"https:\/\/parapharmacieenligne.ma\/en\/wp-json\/wp\/v2\/yith_product_brand?post=6461"}],"curies":[{"name":"wp","href":"https:\/\/api.w.org\/{rel}","templated":true}]}}