{"id":6463,"date":"2026-01-25T20:52:18","date_gmt":"2026-01-25T19:52:18","guid":{"rendered":"https:\/\/parapharmacieenligne.ma\/?post_type=product&#038;p=6463"},"modified":"2026-01-25T20:52:36","modified_gmt":"2026-01-25T19:52:36","slug":"roge-cavailles-mousse-intime-anti-bacterien-100ml","status":"publish","type":"product","link":"https:\/\/parapharmacieenligne.ma\/en\/product\/roge-cavailles-mousse-intime-anti-bacterien-100ml\/","title":{"rendered":"Roge Cavailles Mousse Intime Anti bacterien 100ml"},"content":{"rendered":"<div aria-labelledby=\"tab-title-description\" class=\"woocommerce-Tabs-panel woocommerce-Tabs-panel--description panel entry-content wc-tab\" id=\"tab-description\" role=\"tabpanel\" style=\"\">\n<h2>Description<\/h2>\n<div class=\"accordion collapse show\">\n<div class=\"accordion-header\">\n<p>\u2022 Une zone INTIME respect\u00e9e et prot\u00e9g\u00e9e : Renfermant un pr\u00e9biotique, notre formule sans savon \u00e0 97% d\u2019ingr\u00e9dients d\u2019origine naturelle nettoie en douceur et aide \u00e0 pr\u00e9venir les d\u00e9sagr\u00e9ments intimes (irritations, d\u00e9mangeaisons\u2026).<br \/>\n \u2022 Un moment de BIEN-\u00caTRE gr\u00e2ce au surgras v\u00e9g\u00e9tal pro-r\u00e9g\u00e9n\u00e9rant\u00ae et aux extraits de thym antibact\u00e9rien pour un confort optimal.<br \/>\n \u2022 Un geste pour la PLAN\u00c8TE avec son flacon 100% en plastique recycl\u00e9 et recyclable*.<br \/>\n \u2022 Adapt\u00e9 \u00e0 TOUTES les muqueuses d\u00e8s 3 ans avec son pH physiologique.<\/p>\n<p>Test\u00e9 gyn\u00e9cologiquement et p\u00e9diatriquement. Usage externe.<\/p>\n<h3 class=\"mb-0\">Ce produit est-il adapt\u00e9 \u00e0 votre peau<\/h3>\n<\/p><\/div>\n<div class=\"accordion-body\">\n<div class=\"wysiwyg\">\n<p>Id\u00e9al pour la toilette quotidienne des petits et des grands d\u00e8s 3 ans.<\/p>\n<\/p><\/div>\n<\/p><\/div>\n<\/p><\/div>\n<div class=\"accordion collapse show\">\n<div class=\"accordion-header\">\n<h3 class=\"mb-0\">Conseils d\u2019utilisation<\/h3>\n<\/p><\/div>\n<div class=\"accordion-body\">\n<div class=\"wysiwyg\">\n<p>Ce Soin Lavant Intime s\u2019utilise comme un savon liquide pour les muqueuses m\u00eame sensibles d\u00e8s 3 ans. Une \u00e0 deux fois par jour et au quotidien, usage externe uniquement. Pensez \u00e0 rincer soigneusement !<\/p>\n<\/p><\/div>\n<\/p><\/div>\n<\/p><\/div>\n<\/p><\/div>","protected":false},"excerpt":{"rendered":"<p>Highlights:Soin Lavant Intime avec Antibact\u00e9rien<\/p>","protected":false},"featured_media":6497,"comment_status":"open","ping_status":"closed","template":"","meta":[],"product_cat":[85],"product_tag":[],"yith_product_brand":[109],"class_list":{"0":"post-6463","1":"product","2":"type-product","3":"status-publish","4":"has-post-thumbnail","6":"product_cat-soins-corps","7":"yith_product_brand-roge-cavailles","9":"first","10":"instock","11":"sale","12":"shipping-taxable","13":"purchasable","14":"product-type-simple"},"_links":{"self":[{"href":"https:\/\/parapharmacieenligne.ma\/en\/wp-json\/wp\/v2\/product\/6463","targetHints":{"allow":["GET"]}}],"collection":[{"href":"https:\/\/parapharmacieenligne.ma\/en\/wp-json\/wp\/v2\/product"}],"about":[{"href":"https:\/\/parapharmacieenligne.ma\/en\/wp-json\/wp\/v2\/types\/product"}],"replies":[{"embeddable":true,"href":"https:\/\/parapharmacieenligne.ma\/en\/wp-json\/wp\/v2\/comments?post=6463"}],"version-history":[{"count":1,"href":"https:\/\/parapharmacieenligne.ma\/en\/wp-json\/wp\/v2\/product\/6463\/revisions"}],"predecessor-version":[{"id":6498,"href":"https:\/\/parapharmacieenligne.ma\/en\/wp-json\/wp\/v2\/product\/6463\/revisions\/6498"}],"wp:featuredmedia":[{"embeddable":true,"href":"https:\/\/parapharmacieenligne.ma\/en\/wp-json\/wp\/v2\/media\/6497"}],"wp:attachment":[{"href":"https:\/\/parapharmacieenligne.ma\/en\/wp-json\/wp\/v2\/media?parent=6463"}],"wp:term":[{"taxonomy":"product_cat","embeddable":true,"href":"https:\/\/parapharmacieenligne.ma\/en\/wp-json\/wp\/v2\/product_cat?post=6463"},{"taxonomy":"product_tag","embeddable":true,"href":"https:\/\/parapharmacieenligne.ma\/en\/wp-json\/wp\/v2\/product_tag?post=6463"},{"taxonomy":"yith_product_brand","embeddable":true,"href":"https:\/\/parapharmacieenligne.ma\/en\/wp-json\/wp\/v2\/yith_product_brand?post=6463"}],"curies":[{"name":"wp","href":"https:\/\/api.w.org\/{rel}","templated":true}]}}