{"id":6466,"date":"2026-01-25T20:52:19","date_gmt":"2026-01-25T19:52:19","guid":{"rendered":"https:\/\/parapharmacieenligne.ma\/?post_type=product&#038;p=6466"},"modified":"2026-01-25T20:52:45","modified_gmt":"2026-01-25T19:52:45","slug":"roge-cavailles-huile-de-douche-satinante-argan-rose-750ml","status":"publish","type":"product","link":"https:\/\/parapharmacieenligne.ma\/en\/product\/roge-cavailles-huile-de-douche-satinante-argan-rose-750ml\/","title":{"rendered":"Rog\u00e9 Cavaill\u00e8s Huile de Douche Satinante Argan &#038; Rose 750ml"},"content":{"rendered":"<div aria-labelledby=\"tab-title-description\" class=\"woocommerce-Tabs-panel woocommerce-Tabs-panel--description panel entry-content wc-tab\" id=\"tab-description\" role=\"tabpanel\" style=\"\">\n<h2>Description<\/h2>\n<div class=\"flex max-w-full flex-col flex-grow\">\n<div class=\"min-h-8 text-message flex w-full flex-col items-end gap-2 whitespace-normal break-words [.text-message+&amp;]:mt-5\" data-message-author-role=\"assistant\" data-message-id=\"e6447051-fc4c-4a46-b028-72fde951f1f2\" dir=\"auto\">\n<div class=\"flex w-full flex-col gap-1 empty:hidden first:pt-[3px]\">\n<div class=\"markdown prose w-full break-words dark:prose-invert light\">\n<p>Rog\u00e9 Cavaill\u00e8s Huile de Douche Satinante Argan &amp; Rose est enrichie en huiles naturelles d\u2019argan et de rose, reconnues pour leurs propri\u00e9t\u00e9s nourrissantes et r\u00e9g\u00e9n\u00e9rantes. Sa formule douce nettoie sans agresser la peau, la laissant hydrat\u00e9e et satin\u00e9e. Adapt\u00e9e aux peaux sensibles et s\u00e8ches, cette huile de douche prot\u00e8ge la barri\u00e8re cutan\u00e9e et pr\u00e9vient le dess\u00e8chement tout en offrant une sensation de confort et de douceur. Son parfum d\u00e9licat m\u00eale des notes d\u2019argan et de rose, pour un moment de bien-\u00eatre sous la douche. Le format g\u00e9n\u00e9reux de 750ml permet une utilisation prolong\u00e9e, id\u00e9al pour toute la famille.<\/p>\n<\/p><\/div>\n<\/p><\/div>\n<\/p><\/div>\n<\/p><\/div>\n<\/p><\/div>\n","protected":false},"excerpt":{"rendered":"<p>Highlights:Rog\u00e9 Cavaill\u00e8s Huile de Douche Satinante Argan &#038; Rose \u2013 750ml est une huile de douche nourrissante et apaisante qui nettoie d\u00e9licatement la peau tout en l\u2019hydratant et en la parfumant d\u2019une senteur subtile d\u2019argan et de rose.<\/p>","protected":false},"featured_media":6503,"comment_status":"open","ping_status":"closed","template":"","meta":[],"product_cat":[85],"product_tag":[],"yith_product_brand":[109],"class_list":{"0":"post-6466","1":"product","2":"type-product","3":"status-publish","4":"has-post-thumbnail","6":"product_cat-soins-corps","7":"yith_product_brand-roge-cavailles","9":"first","10":"instock","11":"sale","12":"shipping-taxable","13":"purchasable","14":"product-type-simple"},"_links":{"self":[{"href":"https:\/\/parapharmacieenligne.ma\/en\/wp-json\/wp\/v2\/product\/6466","targetHints":{"allow":["GET"]}}],"collection":[{"href":"https:\/\/parapharmacieenligne.ma\/en\/wp-json\/wp\/v2\/product"}],"about":[{"href":"https:\/\/parapharmacieenligne.ma\/en\/wp-json\/wp\/v2\/types\/product"}],"replies":[{"embeddable":true,"href":"https:\/\/parapharmacieenligne.ma\/en\/wp-json\/wp\/v2\/comments?post=6466"}],"version-history":[{"count":1,"href":"https:\/\/parapharmacieenligne.ma\/en\/wp-json\/wp\/v2\/product\/6466\/revisions"}],"predecessor-version":[{"id":6504,"href":"https:\/\/parapharmacieenligne.ma\/en\/wp-json\/wp\/v2\/product\/6466\/revisions\/6504"}],"wp:featuredmedia":[{"embeddable":true,"href":"https:\/\/parapharmacieenligne.ma\/en\/wp-json\/wp\/v2\/media\/6503"}],"wp:attachment":[{"href":"https:\/\/parapharmacieenligne.ma\/en\/wp-json\/wp\/v2\/media?parent=6466"}],"wp:term":[{"taxonomy":"product_cat","embeddable":true,"href":"https:\/\/parapharmacieenligne.ma\/en\/wp-json\/wp\/v2\/product_cat?post=6466"},{"taxonomy":"product_tag","embeddable":true,"href":"https:\/\/parapharmacieenligne.ma\/en\/wp-json\/wp\/v2\/product_tag?post=6466"},{"taxonomy":"yith_product_brand","embeddable":true,"href":"https:\/\/parapharmacieenligne.ma\/en\/wp-json\/wp\/v2\/yith_product_brand?post=6466"}],"curies":[{"name":"wp","href":"https:\/\/api.w.org\/{rel}","templated":true}]}}