{"id":6467,"date":"2026-01-25T20:52:19","date_gmt":"2026-01-25T19:52:19","guid":{"rendered":"https:\/\/parapharmacieenligne.ma\/?post_type=product&#038;p=6467"},"modified":"2026-01-25T20:52:52","modified_gmt":"2026-01-25T19:52:52","slug":"roge-cavailles-mon-1er-deodorant-frais-et-doux-75ml","status":"publish","type":"product","link":"https:\/\/parapharmacieenligne.ma\/en\/product\/roge-cavailles-mon-1er-deodorant-frais-et-doux-75ml\/","title":{"rendered":"Rog\u00e9 Cavaill\u00e8s Mon 1er Deodorant Frais et Doux 75ml"},"content":{"rendered":"<div aria-labelledby=\"tab-title-description\" class=\"woocommerce-Tabs-panel woocommerce-Tabs-panel--description panel entry-content wc-tab\" id=\"tab-description\" role=\"tabpanel\" style=\"\">\n<h2>Description<\/h2>\n<ul>\n<li><strong>Pour qui : <\/strong>Pour les enfants de plus de 8 ans<\/li>\n<li id=\"K8Q3364\"><strong>Les r\u00e9sultats : <\/strong>La peau est prot\u00e9g\u00e9e, fra\u00eeche et douce<\/li>\n<li><strong>Les actifs : <\/strong>Surgras v\u00e9g\u00e9tal pro-r\u00e9g\u00e9n\u00e9rant, extraits naturels de Th\u00e9 Vert<\/li>\n<li><strong>Le + : <\/strong>Compos\u00e9 \u00e0 96% d\u2019ingr\u00e9dients d\u2019origine naturelle<\/li>\n<\/ul>\n<p><strong>Mon 1er D\u00e9o Frais et Doux Rog\u00e9 Cavaill\u00e8s<\/strong> est un d\u00e9odorant en spray sp\u00e9cialement formul\u00e9 pour les enfants de plus de 8 ans.<\/p>\n<p>Sa formule est enrichie en<strong> surgras v\u00e9g\u00e9tale pro-r\u00e9g\u00e9n\u00e9rant<\/strong> et en <strong>extraits naturels de Th\u00e9 Vert<\/strong>.<\/p>\n<p>Ce d\u00e9odorant <strong>prot\u00e8ge<\/strong> et <strong>respecte<\/strong> la peau sensible des enfants gr\u00e2ce \u00e0 sa formule <strong>sans alcool.<\/strong><\/p>\n<p>Il offre \u00e9galement un <strong>moment<\/strong> <strong>de bien-\u00eatre<\/strong> gr\u00e2ce \u00e0 son parfum frais aux notes de <strong>Bergamote.<\/strong><\/p>\n<p>Son flacon est fabriqu\u00e9 \u00e0 partir de <strong>plastique recycl\u00e9<\/strong> et sa <strong>formule<\/strong> est <strong>vegan<\/strong> et test\u00e9e sous contr\u00f4le dermatologique.<\/p>\n<\/p><\/div>","protected":false},"excerpt":{"rendered":"<p>Highlights:Led\u00e9odorant Frais et Doux de Rog\u00e9 Cavaill\u00e8sest enrichi en surgras v\u00e9g\u00e9tal pro-r\u00e9g\u00e9n\u00e9rant et est adapt\u00e9 aux peaux sensibles des enfants de plus de 8 ans.<\/p>","protected":false},"featured_media":6513,"comment_status":"open","ping_status":"closed","template":"","meta":[],"product_cat":[85],"product_tag":[],"yith_product_brand":[109],"class_list":{"0":"post-6467","1":"product","2":"type-product","3":"status-publish","4":"has-post-thumbnail","6":"product_cat-soins-corps","7":"yith_product_brand-roge-cavailles","9":"first","10":"instock","11":"sale","12":"shipping-taxable","13":"purchasable","14":"product-type-simple"},"_links":{"self":[{"href":"https:\/\/parapharmacieenligne.ma\/en\/wp-json\/wp\/v2\/product\/6467","targetHints":{"allow":["GET"]}}],"collection":[{"href":"https:\/\/parapharmacieenligne.ma\/en\/wp-json\/wp\/v2\/product"}],"about":[{"href":"https:\/\/parapharmacieenligne.ma\/en\/wp-json\/wp\/v2\/types\/product"}],"replies":[{"embeddable":true,"href":"https:\/\/parapharmacieenligne.ma\/en\/wp-json\/wp\/v2\/comments?post=6467"}],"version-history":[{"count":1,"href":"https:\/\/parapharmacieenligne.ma\/en\/wp-json\/wp\/v2\/product\/6467\/revisions"}],"predecessor-version":[{"id":6514,"href":"https:\/\/parapharmacieenligne.ma\/en\/wp-json\/wp\/v2\/product\/6467\/revisions\/6514"}],"wp:featuredmedia":[{"embeddable":true,"href":"https:\/\/parapharmacieenligne.ma\/en\/wp-json\/wp\/v2\/media\/6513"}],"wp:attachment":[{"href":"https:\/\/parapharmacieenligne.ma\/en\/wp-json\/wp\/v2\/media?parent=6467"}],"wp:term":[{"taxonomy":"product_cat","embeddable":true,"href":"https:\/\/parapharmacieenligne.ma\/en\/wp-json\/wp\/v2\/product_cat?post=6467"},{"taxonomy":"product_tag","embeddable":true,"href":"https:\/\/parapharmacieenligne.ma\/en\/wp-json\/wp\/v2\/product_tag?post=6467"},{"taxonomy":"yith_product_brand","embeddable":true,"href":"https:\/\/parapharmacieenligne.ma\/en\/wp-json\/wp\/v2\/yith_product_brand?post=6467"}],"curies":[{"name":"wp","href":"https:\/\/api.w.org\/{rel}","templated":true}]}}