{"id":6468,"date":"2026-01-25T20:52:19","date_gmt":"2026-01-25T19:52:19","guid":{"rendered":"https:\/\/parapharmacieenligne.ma\/?post_type=product&#038;p=6468"},"modified":"2026-01-25T20:52:55","modified_gmt":"2026-01-25T19:52:55","slug":"roge-cavailles-dermo-uht-nettoyant-solide-surgras-peaux-a-tendance-atopique-100g","status":"publish","type":"product","link":"https:\/\/parapharmacieenligne.ma\/en\/product\/roge-cavailles-dermo-uht-nettoyant-solide-surgras-peaux-a-tendance-atopique-100g\/","title":{"rendered":"Rog\u00e9 Cavaill\u00e8s Dermo-Uht Nettoyant Solide Surgras Peaux \u00e0 Tendance Atopique 100g"},"content":{"rendered":"<div aria-labelledby=\"tab-title-description\" class=\"woocommerce-Tabs-panel woocommerce-Tabs-panel--description panel entry-content wc-tab\" id=\"tab-description\" role=\"tabpanel\" style=\"\">\n<h2>Description<\/h2>\n<p>\u2022 Une PEAU apais\u00e9e et prot\u00e9g\u00e9e : enrichie en Inuline, pr\u00e9biotique d\u2019origine naturelle, et en surgras v\u00e9g\u00e9tal pro-r\u00e9g\u00e9n\u00e9rant\u00ae, notre formule test\u00e9e dermatologiquement sur peaux sensibles \u00e0 tendance atopique nettoie la peau en douceur. Sans savon et au pH physiologique, elle respecte le microbiome cutan\u00e9 et aide \u00e0 r\u00e9duire les sensations de d\u00e9mangeaisons apr\u00e8s la douche. Elle aide \u00e0 pr\u00e9server le film hydrolipidique et ainsi le processus naturel de r\u00e9g\u00e9n\u00e9ration de la peau.<br \/>\n \u2022 Un moment de BIEN-\u00caTRE gr\u00e2ce \u00e0 texture cr\u00e8me qui se transforme en une mousse d\u00e9licate et son parfum doux ultra-respectueux.<br \/>\n \u2022 Un geste pour la PLAN\u00c8TE gr\u00e2ce \u00e0 sa forme solide et son emballage sans plastique.<br \/>\n \u2022 Pour toute la FAMILLE : visage et corps, petits et grands d\u00e8s 1 an.<br \/>\n 90% d\u2019ingr\u00e9dients d\u2019origine naturelle \u2013 Vegan* \u2013 Rincer et s\u00e9cher d\u00e9licatement<\/p>\n<p>*formul\u00e9 sans ingr\u00e9dient d\u2019origine animale<\/p>\n<\/p><\/div>","protected":false},"excerpt":{"rendered":"<p>Highlights:Nettoyant Solide Dermato SurgrasHaute Tol\u00e9ranceApaise et r\u00e9g\u00e9n\u00e8rePeaux \u00e0 tendance atopiqueRespect le microbiome<\/p>","protected":false},"featured_media":6515,"comment_status":"open","ping_status":"closed","template":"","meta":[],"product_cat":[85],"product_tag":[],"yith_product_brand":[109],"class_list":{"0":"post-6468","1":"product","2":"type-product","3":"status-publish","4":"has-post-thumbnail","6":"product_cat-soins-corps","7":"yith_product_brand-roge-cavailles","9":"first","10":"instock","11":"sale","12":"shipping-taxable","13":"purchasable","14":"product-type-simple"},"_links":{"self":[{"href":"https:\/\/parapharmacieenligne.ma\/en\/wp-json\/wp\/v2\/product\/6468","targetHints":{"allow":["GET"]}}],"collection":[{"href":"https:\/\/parapharmacieenligne.ma\/en\/wp-json\/wp\/v2\/product"}],"about":[{"href":"https:\/\/parapharmacieenligne.ma\/en\/wp-json\/wp\/v2\/types\/product"}],"replies":[{"embeddable":true,"href":"https:\/\/parapharmacieenligne.ma\/en\/wp-json\/wp\/v2\/comments?post=6468"}],"version-history":[{"count":1,"href":"https:\/\/parapharmacieenligne.ma\/en\/wp-json\/wp\/v2\/product\/6468\/revisions"}],"predecessor-version":[{"id":6516,"href":"https:\/\/parapharmacieenligne.ma\/en\/wp-json\/wp\/v2\/product\/6468\/revisions\/6516"}],"wp:featuredmedia":[{"embeddable":true,"href":"https:\/\/parapharmacieenligne.ma\/en\/wp-json\/wp\/v2\/media\/6515"}],"wp:attachment":[{"href":"https:\/\/parapharmacieenligne.ma\/en\/wp-json\/wp\/v2\/media?parent=6468"}],"wp:term":[{"taxonomy":"product_cat","embeddable":true,"href":"https:\/\/parapharmacieenligne.ma\/en\/wp-json\/wp\/v2\/product_cat?post=6468"},{"taxonomy":"product_tag","embeddable":true,"href":"https:\/\/parapharmacieenligne.ma\/en\/wp-json\/wp\/v2\/product_tag?post=6468"},{"taxonomy":"yith_product_brand","embeddable":true,"href":"https:\/\/parapharmacieenligne.ma\/en\/wp-json\/wp\/v2\/yith_product_brand?post=6468"}],"curies":[{"name":"wp","href":"https:\/\/api.w.org\/{rel}","templated":true}]}}