{"id":6474,"date":"2026-01-25T20:52:21","date_gmt":"2026-01-25T19:52:21","guid":{"rendered":"https:\/\/parapharmacieenligne.ma\/?post_type=product&#038;p=6474"},"modified":"2026-01-25T20:53:13","modified_gmt":"2026-01-25T19:53:13","slug":"roge-cavailles-gel-bain-douche-aloe-vera-bio-peau-seches-400ml","status":"publish","type":"product","link":"https:\/\/parapharmacieenligne.ma\/en\/product\/roge-cavailles-gel-bain-douche-aloe-vera-bio-peau-seches-400ml\/","title":{"rendered":"Rog\u00e9 Cavaill\u00e8s Gel bain Douche Aloe Vera Bio Peau S\u00e8ches 400ml"},"content":{"rendered":"<div aria-labelledby=\"tab-title-description\" class=\"woocommerce-Tabs-panel woocommerce-Tabs-panel--description panel entry-content wc-tab\" id=\"tab-description\" role=\"tabpanel\" style=\"\">\n<h2>Description<\/h2>\n<\/p>\n<p>Le gel bain douche Surgras Rog\u00e9 Cavaill\u00e8s est un soin original proposant une formule au <strong>surgras actif<\/strong> qui nettoie la peau tout en <strong>douceur<\/strong>. Il garantit une <strong>hydratation optimale<\/strong>, ainsi qu\u2019une <strong>protection <\/strong>contre le <strong>dess\u00e8chement <\/strong>en renfor\u00e7ant la <strong>barri\u00e8re naturelle<\/strong> de la peau. Le corps est intens\u00e9ment <strong>nourri <\/strong>gr\u00e2ce \u00e0 ses <strong>actifs relipidants<\/strong>.<\/p>\n<p>Pour votre plaisir, le gel bain douche Surgras Rog\u00e9 Cavaill\u00e8s est propos\u00e9 en diff\u00e9rents parfums au choix, de la formule originale aux notes plus florales de fleur de coton ou d\u2019aloe vera.<\/p>\n<\/p><\/div>","protected":false},"excerpt":{"rendered":"<p>Highlights:Pour nettoyer en douceur la peau d\u00e9licate et sensible de toute la famille., ne manquez pas legel bain douche Surgras Actifde Rog\u00e9 Cavaill\u00e8s<\/p>","protected":false},"featured_media":6527,"comment_status":"open","ping_status":"closed","template":"","meta":[],"product_cat":[85],"product_tag":[],"yith_product_brand":[109],"class_list":{"0":"post-6474","1":"product","2":"type-product","3":"status-publish","4":"has-post-thumbnail","6":"product_cat-soins-corps","7":"yith_product_brand-roge-cavailles","9":"first","10":"instock","11":"sale","12":"shipping-taxable","13":"purchasable","14":"product-type-simple"},"_links":{"self":[{"href":"https:\/\/parapharmacieenligne.ma\/en\/wp-json\/wp\/v2\/product\/6474","targetHints":{"allow":["GET"]}}],"collection":[{"href":"https:\/\/parapharmacieenligne.ma\/en\/wp-json\/wp\/v2\/product"}],"about":[{"href":"https:\/\/parapharmacieenligne.ma\/en\/wp-json\/wp\/v2\/types\/product"}],"replies":[{"embeddable":true,"href":"https:\/\/parapharmacieenligne.ma\/en\/wp-json\/wp\/v2\/comments?post=6474"}],"version-history":[{"count":1,"href":"https:\/\/parapharmacieenligne.ma\/en\/wp-json\/wp\/v2\/product\/6474\/revisions"}],"predecessor-version":[{"id":6528,"href":"https:\/\/parapharmacieenligne.ma\/en\/wp-json\/wp\/v2\/product\/6474\/revisions\/6528"}],"wp:featuredmedia":[{"embeddable":true,"href":"https:\/\/parapharmacieenligne.ma\/en\/wp-json\/wp\/v2\/media\/6527"}],"wp:attachment":[{"href":"https:\/\/parapharmacieenligne.ma\/en\/wp-json\/wp\/v2\/media?parent=6474"}],"wp:term":[{"taxonomy":"product_cat","embeddable":true,"href":"https:\/\/parapharmacieenligne.ma\/en\/wp-json\/wp\/v2\/product_cat?post=6474"},{"taxonomy":"product_tag","embeddable":true,"href":"https:\/\/parapharmacieenligne.ma\/en\/wp-json\/wp\/v2\/product_tag?post=6474"},{"taxonomy":"yith_product_brand","embeddable":true,"href":"https:\/\/parapharmacieenligne.ma\/en\/wp-json\/wp\/v2\/yith_product_brand?post=6474"}],"curies":[{"name":"wp","href":"https:\/\/api.w.org\/{rel}","templated":true}]}}