{"id":6475,"date":"2026-01-25T20:52:21","date_gmt":"2026-01-25T19:52:21","guid":{"rendered":"https:\/\/parapharmacieenligne.ma\/?post_type=product&#038;p=6475"},"modified":"2026-01-25T20:53:23","modified_gmt":"2026-01-25T19:53:23","slug":"roge-cavailles-huile-universelle-de-surgras-150ml","status":"publish","type":"product","link":"https:\/\/parapharmacieenligne.ma\/en\/product\/roge-cavailles-huile-universelle-de-surgras-150ml\/","title":{"rendered":"Rog\u00e9 Cavaill\u00e8s Huile Universelle De Surgras 150ml"},"content":{"rendered":"<div aria-labelledby=\"tab-title-description\" class=\"woocommerce-Tabs-panel woocommerce-Tabs-panel--description panel entry-content wc-tab\" id=\"tab-description\" role=\"tabpanel\" style=\"\">\n<h2>Description<\/h2>\n<div class=\"panel panel-prod\">\n<div aria-expanded=\"true\" aria-labelledby=\"prod-heading1\" class=\"panel-collapse collapse in\" id=\"prod-collapse1\" role=\"tabpanel\">\n<div class=\"panel-body\">\n<p>Sa texture soyeuse au fini non gras renferme un concentr\u00e9 de surgras unique : L\u2019huile d\u2019amande douce nourrit intens\u00e9ment.<\/p>\n<p>L\u2019huile de soja, puissant \u00e9mollient naturel, favorise son hydratation.<\/p>\n<p>L\u2019huile de graines de tournesol aide \u00e0 la r\u00e9paration des peaux ab\u00eem\u00e9es.<\/p>\n<p>L\u2019huile de carotte, antioxydant, soutient la peau face aux agressions ext\u00e9rieures.<\/p>\n<p>Quelques secondes suffisent pour l\u2019appliquer sur le corps ou le visage et retrouver une peau pleine de vie.<\/p>\n<\/p><\/div>\n<\/p><\/div>\n<\/p><\/div>\n<div class=\"panel panel-prod\">\n<div class=\"panel-heading\" id=\"prod-heading2\" role=\"tab\"><\/div>\n<\/p><\/div>\n<\/p><\/div>","protected":false},"excerpt":{"rendered":"<p>Highlights:L\u2019huile universelle de surgras aide au processus naturel de r\u00e9g\u00e9n\u00e9ration des peaux de toute la famille<\/p>","protected":false},"featured_media":6537,"comment_status":"open","ping_status":"closed","template":"","meta":[],"product_cat":[85],"product_tag":[],"yith_product_brand":[109],"class_list":{"0":"post-6475","1":"product","2":"type-product","3":"status-publish","4":"has-post-thumbnail","6":"product_cat-soins-corps","7":"yith_product_brand-roge-cavailles","9":"first","10":"instock","11":"sale","12":"shipping-taxable","13":"purchasable","14":"product-type-simple"},"_links":{"self":[{"href":"https:\/\/parapharmacieenligne.ma\/en\/wp-json\/wp\/v2\/product\/6475","targetHints":{"allow":["GET"]}}],"collection":[{"href":"https:\/\/parapharmacieenligne.ma\/en\/wp-json\/wp\/v2\/product"}],"about":[{"href":"https:\/\/parapharmacieenligne.ma\/en\/wp-json\/wp\/v2\/types\/product"}],"replies":[{"embeddable":true,"href":"https:\/\/parapharmacieenligne.ma\/en\/wp-json\/wp\/v2\/comments?post=6475"}],"version-history":[{"count":1,"href":"https:\/\/parapharmacieenligne.ma\/en\/wp-json\/wp\/v2\/product\/6475\/revisions"}],"predecessor-version":[{"id":6538,"href":"https:\/\/parapharmacieenligne.ma\/en\/wp-json\/wp\/v2\/product\/6475\/revisions\/6538"}],"wp:featuredmedia":[{"embeddable":true,"href":"https:\/\/parapharmacieenligne.ma\/en\/wp-json\/wp\/v2\/media\/6537"}],"wp:attachment":[{"href":"https:\/\/parapharmacieenligne.ma\/en\/wp-json\/wp\/v2\/media?parent=6475"}],"wp:term":[{"taxonomy":"product_cat","embeddable":true,"href":"https:\/\/parapharmacieenligne.ma\/en\/wp-json\/wp\/v2\/product_cat?post=6475"},{"taxonomy":"product_tag","embeddable":true,"href":"https:\/\/parapharmacieenligne.ma\/en\/wp-json\/wp\/v2\/product_tag?post=6475"},{"taxonomy":"yith_product_brand","embeddable":true,"href":"https:\/\/parapharmacieenligne.ma\/en\/wp-json\/wp\/v2\/yith_product_brand?post=6475"}],"curies":[{"name":"wp","href":"https:\/\/api.w.org\/{rel}","templated":true}]}}