{"id":6477,"date":"2026-01-25T20:52:21","date_gmt":"2026-01-25T19:52:21","guid":{"rendered":"https:\/\/parapharmacieenligne.ma\/?post_type=product&#038;p=6477"},"modified":"2026-01-25T20:53:28","modified_gmt":"2026-01-25T19:53:28","slug":"roge-cavailles-gel-bain-douche-aloe-vera-eco-recharge-1l","status":"publish","type":"product","link":"https:\/\/parapharmacieenligne.ma\/en\/product\/roge-cavailles-gel-bain-douche-aloe-vera-eco-recharge-1l\/","title":{"rendered":"Rog\u00e9 Cavaill\u00e8s Gel bain douche Aloe Vera Eco-Recharge 1L"},"content":{"rendered":"<div aria-labelledby=\"tab-title-description\" class=\"woocommerce-Tabs-panel woocommerce-Tabs-panel--description panel entry-content wc-tab\" id=\"tab-description\" role=\"tabpanel\" style=\"\">\n<h2>Description<\/h2>\n<p>Enrichie en surgras pro-r\u00e9g\u00e9n\u00e9rant\u00ae, sa formule nettoie la peau en douceur et aide \u00e0 pr\u00e9server le processus naturel de r\u00e9g\u00e9n\u00e9ration. Elle associe :<\/p>\n<ul>\n<li>L\u2019huile d\u2019amande douce, utilis\u00e9e pour son action apaisante et adoucissante sur les peaux d\u00e9licates et s\u00e8ches, dont elle calme les d\u00e9mangeaisons et irritations. \u00c9molliente, elle nourrit aussi la peau et la prot\u00e8ge du dess\u00e8chement. Assouplissante et fortifiante, elle active la r\u00e9paration de la peau.<\/li>\n<li>Le gel d\u2019aloe vera, un excellent hydratant cutan\u00e9 qui apporte \u00e0 la peau vitamines et oligo-\u00e9l\u00e9ments. Il limite la perte en eau et prot\u00e8ge des agresseurs ext\u00e9rieurs en formant \u00e0 la surface de la peau un film protecteur. Apaisant, il soulage aussi les peaux sujettes aux irritations et d\u00e9mangeaisons.<\/li>\n<\/ul>\n<p>Sa texture fra\u00eeche offre un v\u00e9ritable moment de bien-\u00eatre et laisse un doux parfum 100% d\u2019origine naturelle.<\/p>\n<p>\u00c9cologique, cette \u00e9co-recharge permet de conserver et r\u00e9utiliser le flacon-pompe en \u00e9conomisant 72% de plastique.<\/p>\n<p>Sans savon.<br \/>\n Test\u00e9 dermatologiquement.<\/p>\n<p>98,3% des ingr\u00e9dients sont d\u2019origine naturelle.<br \/>\n 10% du total des ingr\u00e9dients sont issus de l\u2019Agriculture Biologique.<br \/>\n Cosmos Organic certifi\u00e9 par Cosm\u00e9cert selon le r\u00e9f\u00e9rentiel Cosmos.<\/p>\n<\/p><\/div>","protected":false},"excerpt":{"rendered":"<p>Highlights:Rog\u00e9 Cavaill\u00e8s Gel Bain Douche Peaux Sensibles Aloe Vera Bio \u00c9co-Recharge 1 L est un gel lavant visage et corps \u00e9labor\u00e9 pour prot\u00e9ger et r\u00e9g\u00e9n\u00e9rer les peaux sensibles de toute la famille<\/p>","protected":false},"featured_media":6541,"comment_status":"open","ping_status":"closed","template":"","meta":[],"product_cat":[85],"product_tag":[],"yith_product_brand":[109],"class_list":{"0":"post-6477","1":"product","2":"type-product","3":"status-publish","4":"has-post-thumbnail","6":"product_cat-soins-corps","7":"yith_product_brand-roge-cavailles","9":"first","10":"instock","11":"sale","12":"shipping-taxable","13":"purchasable","14":"product-type-simple"},"_links":{"self":[{"href":"https:\/\/parapharmacieenligne.ma\/en\/wp-json\/wp\/v2\/product\/6477","targetHints":{"allow":["GET"]}}],"collection":[{"href":"https:\/\/parapharmacieenligne.ma\/en\/wp-json\/wp\/v2\/product"}],"about":[{"href":"https:\/\/parapharmacieenligne.ma\/en\/wp-json\/wp\/v2\/types\/product"}],"replies":[{"embeddable":true,"href":"https:\/\/parapharmacieenligne.ma\/en\/wp-json\/wp\/v2\/comments?post=6477"}],"version-history":[{"count":1,"href":"https:\/\/parapharmacieenligne.ma\/en\/wp-json\/wp\/v2\/product\/6477\/revisions"}],"predecessor-version":[{"id":6542,"href":"https:\/\/parapharmacieenligne.ma\/en\/wp-json\/wp\/v2\/product\/6477\/revisions\/6542"}],"wp:featuredmedia":[{"embeddable":true,"href":"https:\/\/parapharmacieenligne.ma\/en\/wp-json\/wp\/v2\/media\/6541"}],"wp:attachment":[{"href":"https:\/\/parapharmacieenligne.ma\/en\/wp-json\/wp\/v2\/media?parent=6477"}],"wp:term":[{"taxonomy":"product_cat","embeddable":true,"href":"https:\/\/parapharmacieenligne.ma\/en\/wp-json\/wp\/v2\/product_cat?post=6477"},{"taxonomy":"product_tag","embeddable":true,"href":"https:\/\/parapharmacieenligne.ma\/en\/wp-json\/wp\/v2\/product_tag?post=6477"},{"taxonomy":"yith_product_brand","embeddable":true,"href":"https:\/\/parapharmacieenligne.ma\/en\/wp-json\/wp\/v2\/yith_product_brand?post=6477"}],"curies":[{"name":"wp","href":"https:\/\/api.w.org\/{rel}","templated":true}]}}