{"id":6478,"date":"2026-01-25T20:52:22","date_gmt":"2026-01-25T19:52:22","guid":{"rendered":"https:\/\/parapharmacieenligne.ma\/?post_type=product&#038;p=6478"},"modified":"2026-01-25T20:53:31","modified_gmt":"2026-01-25T19:53:31","slug":"roge-cavailles-gel-bain-douche-macadamia-eco-recharge-1l","status":"publish","type":"product","link":"https:\/\/parapharmacieenligne.ma\/en\/product\/roge-cavailles-gel-bain-douche-macadamia-eco-recharge-1l\/","title":{"rendered":"Rog\u00e9 Cavaill\u00e8s Gel Bain Douche Macadamia Eco-Recharge 1L"},"content":{"rendered":"<div aria-labelledby=\"tab-title-description\" class=\"woocommerce-Tabs-panel woocommerce-Tabs-panel--description panel entry-content wc-tab\" id=\"tab-description\" role=\"tabpanel\" style=\"\">\n<h2>Description<\/h2>\n<p>Enrichie en surgras pro-r\u00e9g\u00e9n\u00e9rant\u00ae, sa formule nettoie la peau en douceur et aide \u00e0 pr\u00e9server le processus naturel de r\u00e9g\u00e9n\u00e9ration. Elle associe :<\/p>\n<p>L\u2019huile d\u2019amande douce, utilis\u00e9e pour son action apaisante et adoucissante sur les peaux d\u00e9licates et s\u00e8ches, dont elle calme les d\u00e9mangeaisons et irritations. \u00c9molliente, elle nourrit aussi la peau et la prot\u00e8ge du dess\u00e8chement. Assouplissante et fortifiante, elle active la r\u00e9paration de la peau.<br \/>\n L\u2019huile de noix de macadamia, riche en vitamine E et en insaponifiable, r\u00e9put\u00e9e pour ses propri\u00e9t\u00e9s nourrissantes, r\u00e9g\u00e9n\u00e9rantes et restructurantes. Sa teneur en antioxydants en fait un actif indiqu pour lutter contre les signes du vieillissement cutan\u00e9, et ses acides gras redonnent souplesse et douceur aux peaux s\u00e8ches et d\u00e9nutries. Elle prot\u00e8ge aussi la peau contre les agressions ext\u00e9rieures (froid \u2026).<\/p>\n<p>Sa texture fra\u00eeche offre un v\u00e9ritable moment de bien-\u00eatre et laisse un doux parfum 100% d\u2019origine naturelle.<\/p>\n<p>\u00c9cologique, cette \u00e9co-recharge permet de conserver et r\u00e9utiliser le flacon-pompe en \u00e9conomisant 72% de plastique.<\/p>\n<p>Sans savon.<br \/>\n Test\u00e9 dermatologiquement.<\/p>\n<p>98,3% des ingr\u00e9dients sont d\u2019origine naturelle.<br \/>\n 10% du total des ingr\u00e9dients sont issus de l\u2019Agriculture Biologique.<br \/>\n Cosmos Organic certifi\u00e9 par Cosm\u00e9cert selon le r\u00e9f\u00e9rentiel Cosmos.<\/p>\n<\/p><\/div>","protected":false},"excerpt":{"rendered":"<p>Highlights:Rog\u00e9 Cavaill\u00e8s Gel Bain Douche Peaux S\u00e8ches Macadamia Bio \u00c9co-Recharge 1 L est un gel lavant visage et corps \u00e9labor\u00e9 pour hydrater et r\u00e9g\u00e9n\u00e9rer les peaux s\u00e8ches de toute la famille (<\/p>","protected":false},"featured_media":6543,"comment_status":"open","ping_status":"closed","template":"","meta":[],"product_cat":[85],"product_tag":[],"yith_product_brand":[109],"class_list":{"0":"post-6478","1":"product","2":"type-product","3":"status-publish","4":"has-post-thumbnail","6":"product_cat-soins-corps","7":"yith_product_brand-roge-cavailles","9":"first","10":"instock","11":"sale","12":"shipping-taxable","13":"purchasable","14":"product-type-simple"},"_links":{"self":[{"href":"https:\/\/parapharmacieenligne.ma\/en\/wp-json\/wp\/v2\/product\/6478","targetHints":{"allow":["GET"]}}],"collection":[{"href":"https:\/\/parapharmacieenligne.ma\/en\/wp-json\/wp\/v2\/product"}],"about":[{"href":"https:\/\/parapharmacieenligne.ma\/en\/wp-json\/wp\/v2\/types\/product"}],"replies":[{"embeddable":true,"href":"https:\/\/parapharmacieenligne.ma\/en\/wp-json\/wp\/v2\/comments?post=6478"}],"version-history":[{"count":1,"href":"https:\/\/parapharmacieenligne.ma\/en\/wp-json\/wp\/v2\/product\/6478\/revisions"}],"predecessor-version":[{"id":6544,"href":"https:\/\/parapharmacieenligne.ma\/en\/wp-json\/wp\/v2\/product\/6478\/revisions\/6544"}],"wp:featuredmedia":[{"embeddable":true,"href":"https:\/\/parapharmacieenligne.ma\/en\/wp-json\/wp\/v2\/media\/6543"}],"wp:attachment":[{"href":"https:\/\/parapharmacieenligne.ma\/en\/wp-json\/wp\/v2\/media?parent=6478"}],"wp:term":[{"taxonomy":"product_cat","embeddable":true,"href":"https:\/\/parapharmacieenligne.ma\/en\/wp-json\/wp\/v2\/product_cat?post=6478"},{"taxonomy":"product_tag","embeddable":true,"href":"https:\/\/parapharmacieenligne.ma\/en\/wp-json\/wp\/v2\/product_tag?post=6478"},{"taxonomy":"yith_product_brand","embeddable":true,"href":"https:\/\/parapharmacieenligne.ma\/en\/wp-json\/wp\/v2\/yith_product_brand?post=6478"}],"curies":[{"name":"wp","href":"https:\/\/api.w.org\/{rel}","templated":true}]}}