{"id":6479,"date":"2026-01-25T20:52:22","date_gmt":"2026-01-25T19:52:22","guid":{"rendered":"https:\/\/parapharmacieenligne.ma\/?post_type=product&#038;p=6479"},"modified":"2026-01-25T20:53:34","modified_gmt":"2026-01-25T19:53:34","slug":"roge-cavailles-creme-hydratante-ultra-confort-100ml","status":"publish","type":"product","link":"https:\/\/parapharmacieenligne.ma\/en\/product\/roge-cavailles-creme-hydratante-ultra-confort-100ml\/","title":{"rendered":"Rog\u00e9 Cavaill\u00e8s Cr\u00e8me Hydratante Ultra Confort 100ml"},"content":{"rendered":"<div aria-labelledby=\"tab-title-description\" class=\"woocommerce-Tabs-panel woocommerce-Tabs-panel--description panel entry-content wc-tab\" id=\"tab-description\" role=\"tabpanel\" style=\"\">\n<h2>Description<\/h2>\n<p>Avec 97 % d\u2019actifs d\u2019origine naturelle, cette Cr\u00e8me Hydratante est sp\u00e9cialement con\u00e7ue pour nourrir les peaux s\u00e8ches et sensibles de toute votre famille.<br \/>\n Gr\u00e2ce \u00e0 sa formule enrichie en surgras (huile d\u2019amande douce et de jojoba) et en vitamines, cette Cr\u00e8me Hydratante pour le Corps prot\u00e8ge du dess\u00e8chement afin d\u2019assurer une hydratation en continue, m\u00eame 48h apr\u00e8s utilisation.<br \/>\n Avec une haute concentration en beurre de Karit\u00e9 (5 %), cette cr\u00e8me nourrit intens\u00e9ment votre peau et lui apporte douceur et confort. Cette Cr\u00e8me Nourrissante Corps est id\u00e9ale en hiver pour prot\u00e9ger les peaux de votre famille face aux agressions climatiques.<\/p>\n<p><strong>Conseils d\u2019utilisation :<\/strong><\/p>\n<p>La Cr\u00e8me hydratante Ultra-Confort s\u2019applique sur une peau pr\u00e9alablement nettoy\u00e9e, aussi souvent que vous en avez besoin.<\/p>\n<\/p><\/div>","protected":false},"excerpt":{"rendered":"<p>Highlights:Gr\u00e2ce \u00e0 sa formule ultra-douce, elle peut \u00eatre utilis\u00e9e par toute la famille.<\/p>","protected":false},"featured_media":6545,"comment_status":"open","ping_status":"closed","template":"","meta":[],"product_cat":[85],"product_tag":[],"yith_product_brand":[109],"class_list":{"0":"post-6479","1":"product","2":"type-product","3":"status-publish","4":"has-post-thumbnail","6":"product_cat-soins-corps","7":"yith_product_brand-roge-cavailles","9":"first","10":"instock","11":"sale","12":"shipping-taxable","13":"purchasable","14":"product-type-simple"},"_links":{"self":[{"href":"https:\/\/parapharmacieenligne.ma\/en\/wp-json\/wp\/v2\/product\/6479","targetHints":{"allow":["GET"]}}],"collection":[{"href":"https:\/\/parapharmacieenligne.ma\/en\/wp-json\/wp\/v2\/product"}],"about":[{"href":"https:\/\/parapharmacieenligne.ma\/en\/wp-json\/wp\/v2\/types\/product"}],"replies":[{"embeddable":true,"href":"https:\/\/parapharmacieenligne.ma\/en\/wp-json\/wp\/v2\/comments?post=6479"}],"version-history":[{"count":1,"href":"https:\/\/parapharmacieenligne.ma\/en\/wp-json\/wp\/v2\/product\/6479\/revisions"}],"predecessor-version":[{"id":6546,"href":"https:\/\/parapharmacieenligne.ma\/en\/wp-json\/wp\/v2\/product\/6479\/revisions\/6546"}],"wp:featuredmedia":[{"embeddable":true,"href":"https:\/\/parapharmacieenligne.ma\/en\/wp-json\/wp\/v2\/media\/6545"}],"wp:attachment":[{"href":"https:\/\/parapharmacieenligne.ma\/en\/wp-json\/wp\/v2\/media?parent=6479"}],"wp:term":[{"taxonomy":"product_cat","embeddable":true,"href":"https:\/\/parapharmacieenligne.ma\/en\/wp-json\/wp\/v2\/product_cat?post=6479"},{"taxonomy":"product_tag","embeddable":true,"href":"https:\/\/parapharmacieenligne.ma\/en\/wp-json\/wp\/v2\/product_tag?post=6479"},{"taxonomy":"yith_product_brand","embeddable":true,"href":"https:\/\/parapharmacieenligne.ma\/en\/wp-json\/wp\/v2\/yith_product_brand?post=6479"}],"curies":[{"name":"wp","href":"https:\/\/api.w.org\/{rel}","templated":true}]}}