{"id":6480,"date":"2026-01-25T20:52:22","date_gmt":"2026-01-25T19:52:22","guid":{"rendered":"https:\/\/parapharmacieenligne.ma\/?post_type=product&#038;p=6480"},"modified":"2026-01-25T20:53:36","modified_gmt":"2026-01-25T19:53:36","slug":"roge-cavailles-deodorant-dermato-48h-vaporisateur-80ml","status":"publish","type":"product","link":"https:\/\/parapharmacieenligne.ma\/en\/product\/roge-cavailles-deodorant-dermato-48h-vaporisateur-80ml\/","title":{"rendered":"ROGE CAVAILLES D\u00e9odorant Dermato 48h Vaporisateur 80ml"},"content":{"rendered":"<div aria-labelledby=\"tab-title-description\" class=\"woocommerce-Tabs-panel woocommerce-Tabs-panel--description panel entry-content wc-tab\" id=\"tab-description\" role=\"tabpanel\" style=\"\">\n<h2>Description<\/h2>\n<div class=\"container\">\n<div id=\"content-wrapper\">\n<section id=\"main\">\n<div class=\"ttproductpagetab\">\n<div class=\"tabs\">\n<div class=\"tab-content\" id=\"tab-content\">\n<div class=\"tab-pane fade in active\" id=\"description\" role=\"tabpanel\">\n<div class=\"product-description\">\n<p>\u2013 Sp\u00e9cialement con\u00e7u pour les peaux les plus sensibles, sa formule unique au surgras v\u00e9g\u00e9tal pro-r\u00e9g\u00e9n\u00e9rant\u00ae, enrichie en huile de riz vous garantit protection et douceur.<br \/>\n \u2013 Tr\u00e8s efficace, il vous assure un confort durable et une efficacit\u00e9 48h contre les mauvaises odeurs et vous procure une sensation de fra\u00eecheur longue dur\u00e9e.<\/p>\n<p>96% d\u2019ingr\u00e9dients d\u2019origine naturelle<\/p>\n<h3>Conseils d\u2019utilisation :<\/h3>\n<p>Ce d\u00e9odorant s\u2019utilise au quotidien sur des aisselles propres et s\u00e8ches. Agitez et vaporisez en respectant une distance de 15 cm.<\/p>\n<\/p><\/div>\n<\/p><\/div>\n<\/p><\/div>\n<\/p><\/div>\n<\/p><\/div>\n<footer class=\"page-footer\"><\/footer>\n<\/section><\/div>\n<\/p><\/div>\n<div class=\"kb-related-pro-container\"><\/div>\n<\/p><\/div>","protected":false},"excerpt":{"rendered":"<p>Highlights:Ce d\u00e9odorant spray sans gaz allie efficacit\u00e9 et douceur, sans compromis.<\/p>","protected":false},"featured_media":6547,"comment_status":"open","ping_status":"closed","template":"","meta":[],"product_cat":[85],"product_tag":[],"yith_product_brand":[109],"class_list":{"0":"post-6480","1":"product","2":"type-product","3":"status-publish","4":"has-post-thumbnail","6":"product_cat-soins-corps","7":"yith_product_brand-roge-cavailles","9":"first","10":"instock","11":"sale","12":"shipping-taxable","13":"purchasable","14":"product-type-simple"},"_links":{"self":[{"href":"https:\/\/parapharmacieenligne.ma\/en\/wp-json\/wp\/v2\/product\/6480","targetHints":{"allow":["GET"]}}],"collection":[{"href":"https:\/\/parapharmacieenligne.ma\/en\/wp-json\/wp\/v2\/product"}],"about":[{"href":"https:\/\/parapharmacieenligne.ma\/en\/wp-json\/wp\/v2\/types\/product"}],"replies":[{"embeddable":true,"href":"https:\/\/parapharmacieenligne.ma\/en\/wp-json\/wp\/v2\/comments?post=6480"}],"version-history":[{"count":1,"href":"https:\/\/parapharmacieenligne.ma\/en\/wp-json\/wp\/v2\/product\/6480\/revisions"}],"predecessor-version":[{"id":6548,"href":"https:\/\/parapharmacieenligne.ma\/en\/wp-json\/wp\/v2\/product\/6480\/revisions\/6548"}],"wp:featuredmedia":[{"embeddable":true,"href":"https:\/\/parapharmacieenligne.ma\/en\/wp-json\/wp\/v2\/media\/6547"}],"wp:attachment":[{"href":"https:\/\/parapharmacieenligne.ma\/en\/wp-json\/wp\/v2\/media?parent=6480"}],"wp:term":[{"taxonomy":"product_cat","embeddable":true,"href":"https:\/\/parapharmacieenligne.ma\/en\/wp-json\/wp\/v2\/product_cat?post=6480"},{"taxonomy":"product_tag","embeddable":true,"href":"https:\/\/parapharmacieenligne.ma\/en\/wp-json\/wp\/v2\/product_tag?post=6480"},{"taxonomy":"yith_product_brand","embeddable":true,"href":"https:\/\/parapharmacieenligne.ma\/en\/wp-json\/wp\/v2\/yith_product_brand?post=6480"}],"curies":[{"name":"wp","href":"https:\/\/api.w.org\/{rel}","templated":true}]}}