{"id":6481,"date":"2026-01-25T20:52:22","date_gmt":"2026-01-25T19:52:22","guid":{"rendered":"https:\/\/parapharmacieenligne.ma\/?post_type=product&#038;p=6481"},"modified":"2026-01-25T20:53:39","modified_gmt":"2026-01-25T19:53:39","slug":"roge-cavailles-savon-surgras-extra-doux-amande-verte","status":"publish","type":"product","link":"https:\/\/parapharmacieenligne.ma\/en\/product\/roge-cavailles-savon-surgras-extra-doux-amande-verte\/","title":{"rendered":"Rog\u00e9 Cavaill\u00e8s Savon surgras Extra-Doux \u2013 Amande verte"},"content":{"rendered":"<div aria-labelledby=\"tab-title-description\" class=\"woocommerce-Tabs-panel woocommerce-Tabs-panel--description panel entry-content wc-tab\" id=\"tab-description\" role=\"tabpanel\">\n<h2>Description<\/h2>\n<p>Reconnu historiquement pour ses nombreuses vertus, le Savon Surgras est un produit phare de la marque Rog\u00e9 Cavaill\u00e8s. Le Savon Extra-Doux Surgras \u00e0 l\u2019Amande Verte pour Peaux Sensibles est sp\u00e9cialement formul\u00e9 pour nettoyer les peaux sensibles de toute votre famille.<br \/>\n Enrichi en agents surgras, ce Savon pour Peau Sensible aide \u00e0 prot\u00e9ger votre peau des agressions ext\u00e9rieures et \u00e0 renforcer son film hydrolipidique afin de lui procurer douceur et souplesse au quotidien.<br \/>\n Ce Savon Doux pour le Corps associe les vertus nourrissantes et adoucissantes de l\u2019huile d\u2019amande douce et de l\u2019huile de noyau de p\u00eache. Il apporte \u00e0 votre peau tout le confort n\u00e9cessaire et l\u2019aide \u00e0 maintenir son hydratation naturelle.<br \/>\n Appliquez le Savon surgras extra-doux \u00e0 l\u2019Amande verte apr\u00e8s avoir pr\u00e9alablement mouill\u00e9 votre peau, puis rincez \u00e0 l\u2019eau ti\u00e8de.<br \/>\n Gr\u00e2ce \u00e0 son extr\u00eame douceur, vous pouvez l\u2019utiliser quotidiennement sur le visage comme sur le corps.<\/p>\n<\/p><\/div>","protected":false},"excerpt":{"rendered":"<p>Highlights:Hydrate la peau en continu 24h et restaure la barri\u00e8re cutan\u00e9e. Pour toute la famille.\u2022 Besoin :Hydrater | Peau s\u00e8che \u00e0 tr\u00e8s s\u00e8che | Peau sensible.\u2022 Ingr\u00e9dients Cl\u00e9s :C\u00e9ramides (1, 3 et 6-II) pour prot\u00e9ger et nourrir | Acide Hyaluronique pour maintenir la peau hydrat\u00e9e | Glyc\u00e9rine pour adoucir et prot\u00e9ger.\u2022S\u00e9curit\u00e9 :Sans Parfum | Sans Parab\u00e8ne | Hypoallerg\u00e9nique | Non-Com\u00e9dog\u00e8ne.\u2022 Utilisation :Appliquer matin et soir. Visage et Corps.<\/p>","protected":false},"featured_media":6549,"comment_status":"open","ping_status":"closed","template":"","meta":[],"product_cat":[85],"product_tag":[],"yith_product_brand":[109],"class_list":{"0":"post-6481","1":"product","2":"type-product","3":"status-publish","4":"has-post-thumbnail","6":"product_cat-soins-corps","7":"yith_product_brand-roge-cavailles","9":"first","10":"instock","11":"sale","12":"shipping-taxable","13":"purchasable","14":"product-type-simple"},"_links":{"self":[{"href":"https:\/\/parapharmacieenligne.ma\/en\/wp-json\/wp\/v2\/product\/6481","targetHints":{"allow":["GET"]}}],"collection":[{"href":"https:\/\/parapharmacieenligne.ma\/en\/wp-json\/wp\/v2\/product"}],"about":[{"href":"https:\/\/parapharmacieenligne.ma\/en\/wp-json\/wp\/v2\/types\/product"}],"replies":[{"embeddable":true,"href":"https:\/\/parapharmacieenligne.ma\/en\/wp-json\/wp\/v2\/comments?post=6481"}],"version-history":[{"count":1,"href":"https:\/\/parapharmacieenligne.ma\/en\/wp-json\/wp\/v2\/product\/6481\/revisions"}],"predecessor-version":[{"id":6550,"href":"https:\/\/parapharmacieenligne.ma\/en\/wp-json\/wp\/v2\/product\/6481\/revisions\/6550"}],"wp:featuredmedia":[{"embeddable":true,"href":"https:\/\/parapharmacieenligne.ma\/en\/wp-json\/wp\/v2\/media\/6549"}],"wp:attachment":[{"href":"https:\/\/parapharmacieenligne.ma\/en\/wp-json\/wp\/v2\/media?parent=6481"}],"wp:term":[{"taxonomy":"product_cat","embeddable":true,"href":"https:\/\/parapharmacieenligne.ma\/en\/wp-json\/wp\/v2\/product_cat?post=6481"},{"taxonomy":"product_tag","embeddable":true,"href":"https:\/\/parapharmacieenligne.ma\/en\/wp-json\/wp\/v2\/product_tag?post=6481"},{"taxonomy":"yith_product_brand","embeddable":true,"href":"https:\/\/parapharmacieenligne.ma\/en\/wp-json\/wp\/v2\/yith_product_brand?post=6481"}],"curies":[{"name":"wp","href":"https:\/\/api.w.org\/{rel}","templated":true}]}}