{"id":6483,"date":"2026-01-25T20:52:23","date_gmt":"2026-01-25T19:52:23","guid":{"rendered":"https:\/\/parapharmacieenligne.ma\/?post_type=product&#038;p=6483"},"modified":"2026-01-25T20:53:48","modified_gmt":"2026-01-25T19:53:48","slug":"roge-cavailles-dermo-uht-pain-surgras-100g","status":"publish","type":"product","link":"https:\/\/parapharmacieenligne.ma\/en\/product\/roge-cavailles-dermo-uht-pain-surgras-100g\/","title":{"rendered":"ROGE CAVAILLES DERMO UHT PAIN SURGRAS 100G"},"content":{"rendered":"<div aria-labelledby=\"tab-title-description\" class=\"woocommerce-Tabs-panel woocommerce-Tabs-panel--description panel entry-content wc-tab\" id=\"tab-description\" role=\"tabpanel\">\n<h2>Description<\/h2>\n<p>Sp\u00e9cialement formul\u00e9 pour les peaux sensibles \u00e0 s\u00e8ches, ce Pain Surgras assure un respect et une protection optimale.<br \/>\n D\u00e9velopp\u00e9 avec des dermatologues, ce Pain Dermatologique pour Peaux Sensibles ne contient que des ingr\u00e9dients s\u00e9lectionn\u00e9s avec attention, notamment une base lavante v\u00e9g\u00e9tale choisie pour sa douceur. Gr\u00e2ce au complexe Dermo-U.H.T. associ\u00e9 au Beurre de Karit\u00e9, connu pour ses propri\u00e9t\u00e9s nourrissantes et relipidantes, le Pain Ultra Haute Tol\u00e9rance Dermo-U.H.T aide \u00e0 pr\u00e9server la barri\u00e8re hydrolipidique.<br \/>\n Ce complexe garantit une hydratation imm\u00e9diate et de longue dur\u00e9e.(1) Jour apr\u00e8s jour, la peau est hydrat\u00e9e et plus confortable.<\/p>\n<p><strong><strong>Conseils d\u2019Utilisation : <\/strong> <\/strong><\/p>\n<p>Sous la douche ou dans le bain, frottez le Pain Surgras dans le creux de votre main. Faites mousser sur tout le corps puis rincez d\u00e9licatement \u00e0 l\u2019eau claire. S\u00e9chez votre peau sans frotter pour \u00e9viter de l\u2019irriter.<\/p>\n<p>(1) Hydratation imm\u00e9diate\u2013\u00e9tude clinique de l\u2019hydratation (par corn\u00e9om\u00e9trie ) sur 20 volontaires \u2013 mesure \u00e0 5 min, 1h et 2h apr\u00e8s application et rin\u00e7age.<\/p>\n<\/p><\/div>","protected":false},"excerpt":{"rendered":"<p>Highlights:Nettoie et hydrate en douceur, sans alt\u00e9rer la barri\u00e8re protectrice de la peau. Texture cr\u00e9meuse moussante et hydratante.\u2022 Besoin :Nettoyer | Hydrater | Peau normale \u00e0 s\u00e8che | Peau sensible.\u2022 Ingr\u00e9dients Cl\u00e9s :C\u00e9ramides (1, 3 et 6-II) pour prot\u00e9ger et nourrir | Acide Hyaluronique pour maintenir la peau hydrat\u00e9e.\u2022S\u00e9curit\u00e9 :Doux pour la peau | Sans Parfum | Hypoallerg\u00e9nique | Non-Com\u00e9dog\u00e8ne.\u2022 Utilisation :Appliquer sur peau mouill\u00e9e. Masser puis rincer. Visage et Corps.<\/p>","protected":false},"featured_media":6561,"comment_status":"open","ping_status":"closed","template":"","meta":[],"product_cat":[85],"product_tag":[],"yith_product_brand":[109],"class_list":{"0":"post-6483","1":"product","2":"type-product","3":"status-publish","4":"has-post-thumbnail","6":"product_cat-soins-corps","7":"yith_product_brand-roge-cavailles","9":"first","10":"instock","11":"sale","12":"shipping-taxable","13":"purchasable","14":"product-type-simple"},"_links":{"self":[{"href":"https:\/\/parapharmacieenligne.ma\/en\/wp-json\/wp\/v2\/product\/6483","targetHints":{"allow":["GET"]}}],"collection":[{"href":"https:\/\/parapharmacieenligne.ma\/en\/wp-json\/wp\/v2\/product"}],"about":[{"href":"https:\/\/parapharmacieenligne.ma\/en\/wp-json\/wp\/v2\/types\/product"}],"replies":[{"embeddable":true,"href":"https:\/\/parapharmacieenligne.ma\/en\/wp-json\/wp\/v2\/comments?post=6483"}],"version-history":[{"count":1,"href":"https:\/\/parapharmacieenligne.ma\/en\/wp-json\/wp\/v2\/product\/6483\/revisions"}],"predecessor-version":[{"id":6562,"href":"https:\/\/parapharmacieenligne.ma\/en\/wp-json\/wp\/v2\/product\/6483\/revisions\/6562"}],"wp:featuredmedia":[{"embeddable":true,"href":"https:\/\/parapharmacieenligne.ma\/en\/wp-json\/wp\/v2\/media\/6561"}],"wp:attachment":[{"href":"https:\/\/parapharmacieenligne.ma\/en\/wp-json\/wp\/v2\/media?parent=6483"}],"wp:term":[{"taxonomy":"product_cat","embeddable":true,"href":"https:\/\/parapharmacieenligne.ma\/en\/wp-json\/wp\/v2\/product_cat?post=6483"},{"taxonomy":"product_tag","embeddable":true,"href":"https:\/\/parapharmacieenligne.ma\/en\/wp-json\/wp\/v2\/product_tag?post=6483"},{"taxonomy":"yith_product_brand","embeddable":true,"href":"https:\/\/parapharmacieenligne.ma\/en\/wp-json\/wp\/v2\/yith_product_brand?post=6483"}],"curies":[{"name":"wp","href":"https:\/\/api.w.org\/{rel}","templated":true}]}}