{"id":6484,"date":"2026-01-25T20:52:23","date_gmt":"2026-01-25T19:52:23","guid":{"rendered":"https:\/\/parapharmacieenligne.ma\/?post_type=product&#038;p=6484"},"modified":"2026-01-25T20:53:50","modified_gmt":"2026-01-25T19:53:50","slug":"roge-cavailles-gel-bain-douche-surgras-300ml","status":"publish","type":"product","link":"https:\/\/parapharmacieenligne.ma\/en\/product\/roge-cavailles-gel-bain-douche-surgras-300ml\/","title":{"rendered":"Rog\u00e9 Cavaill\u00e8s Gel Bain &#038; Douche surgras 300ml"},"content":{"rendered":"<div aria-labelledby=\"tab-title-description\" class=\"woocommerce-Tabs-panel woocommerce-Tabs-panel--description panel entry-content wc-tab\" id=\"tab-description\" role=\"tabpanel\">\n<h2>Description<\/h2>\n<p>e gel bain &amp; douche surgras actif discount de ROGE CAVAILLES, le soin de toilette pour nettoyer au quotidien et prot\u00e9ger les peaux sensibles normales \u00e0 s\u00e8ches du visage et du corps, pour un instant de douche ou de bain en toute s\u00e9r\u00e9nit\u00e9 dans votre parapharmacie en ligne \u00e0 prix discount.<\/p>\n<p>Toute la famille<\/p>\n<\/p><\/div>","protected":false},"excerpt":{"rendered":"<p>Highlights:Exfolie, adoucit et lisse les rugosit\u00e9s. Aide \u00e0 restaurer la barri\u00e8re cutan\u00e9e.\u2022 Besoin :Hydrater | Apaiser | Lisser | Peaux s\u00e8ches, rugueuses et squameuses.\u2022 Ingr\u00e9dients Cl\u00e9s :C\u00e9ramides (1, 3 et 6-II) pour prot\u00e9ger et nourrir | Acide Salicylique pour exfolier en douceur | Ur\u00e9e 10% pour hydrater.\u2022S\u00e9curit\u00e9 :Sans Parfum | Hypoallerg\u00e9nique | Non-Com\u00e9dog\u00e8ne.\u2022 Utilisation :Appliquer g\u00e9n\u00e9reusement aussi souvent que n\u00e9cessaire. Corps.<\/p>","protected":false},"featured_media":6563,"comment_status":"open","ping_status":"closed","template":"","meta":[],"product_cat":[85],"product_tag":[],"yith_product_brand":[109],"class_list":{"0":"post-6484","1":"product","2":"type-product","3":"status-publish","4":"has-post-thumbnail","6":"product_cat-soins-corps","7":"yith_product_brand-roge-cavailles","9":"first","10":"instock","11":"sale","12":"shipping-taxable","13":"purchasable","14":"product-type-simple"},"_links":{"self":[{"href":"https:\/\/parapharmacieenligne.ma\/en\/wp-json\/wp\/v2\/product\/6484","targetHints":{"allow":["GET"]}}],"collection":[{"href":"https:\/\/parapharmacieenligne.ma\/en\/wp-json\/wp\/v2\/product"}],"about":[{"href":"https:\/\/parapharmacieenligne.ma\/en\/wp-json\/wp\/v2\/types\/product"}],"replies":[{"embeddable":true,"href":"https:\/\/parapharmacieenligne.ma\/en\/wp-json\/wp\/v2\/comments?post=6484"}],"version-history":[{"count":1,"href":"https:\/\/parapharmacieenligne.ma\/en\/wp-json\/wp\/v2\/product\/6484\/revisions"}],"predecessor-version":[{"id":6564,"href":"https:\/\/parapharmacieenligne.ma\/en\/wp-json\/wp\/v2\/product\/6484\/revisions\/6564"}],"wp:featuredmedia":[{"embeddable":true,"href":"https:\/\/parapharmacieenligne.ma\/en\/wp-json\/wp\/v2\/media\/6563"}],"wp:attachment":[{"href":"https:\/\/parapharmacieenligne.ma\/en\/wp-json\/wp\/v2\/media?parent=6484"}],"wp:term":[{"taxonomy":"product_cat","embeddable":true,"href":"https:\/\/parapharmacieenligne.ma\/en\/wp-json\/wp\/v2\/product_cat?post=6484"},{"taxonomy":"product_tag","embeddable":true,"href":"https:\/\/parapharmacieenligne.ma\/en\/wp-json\/wp\/v2\/product_tag?post=6484"},{"taxonomy":"yith_product_brand","embeddable":true,"href":"https:\/\/parapharmacieenligne.ma\/en\/wp-json\/wp\/v2\/yith_product_brand?post=6484"}],"curies":[{"name":"wp","href":"https:\/\/api.w.org\/{rel}","templated":true}]}}