{"id":6486,"date":"2026-01-25T20:52:23","date_gmt":"2026-01-25T19:52:23","guid":{"rendered":"https:\/\/parapharmacieenligne.ma\/?post_type=product&#038;p=6486"},"modified":"2026-01-25T20:53:55","modified_gmt":"2026-01-25T19:53:55","slug":"roge-cavailles-creme-miraculeuse-multi-usages-100ml","status":"publish","type":"product","link":"https:\/\/parapharmacieenligne.ma\/en\/product\/roge-cavailles-creme-miraculeuse-multi-usages-100ml\/","title":{"rendered":"Rog\u00e9 Cavailles Cr\u00e8me miraculeuse Multi-usages 100ml"},"content":{"rendered":"<div aria-labelledby=\"tab-title-description\" class=\"woocommerce-Tabs-panel woocommerce-Tabs-panel--description panel entry-content wc-tab\" id=\"tab-description\" role=\"tabpanel\" style=\"\">\n<h2>Description<\/h2>\n<p>\u2022 Pour les PEAUX S\u00c8CHES : enrichie en surgras v\u00e9g\u00e9tal pro-r\u00e9g\u00e9n\u00e9rant\u00ae et en centella asiatica bio, notre formule concentr\u00e9e aide \u00e0 pr\u00e9server le processus naturel de r\u00e9g\u00e9n\u00e9ration de la peau. Elle peut s\u2019utiliser sur le corps et le visage en soin quotidien et aussi en d\u00e9maquillant, en masque hydratant, en apr\u00e8s-rasage, etc.<br \/>\n \u2022 Un moment de BIEN-\u00caTRE gr\u00e2ce \u00e0 sa texture soyeuse et son parfum d\u00e9licat.<br \/>\n \u2022 Un geste pour la PLAN\u00c8TE avec son tube qui contient -22% de plastique par rapport \u00e0 l\u2019ancien tube 100ml.<br \/>\n \u2022 Adapt\u00e9e \u00e0 toute la FAMILLE : pour les petits et grands d\u00e8s 3 mois.<br \/>\n 97% d\u2019ingr\u00e9dients d\u2019origine naturelle \u2013 Vegan* \u2013 Test\u00e9e dermatologiquement et ophtalmologiquement *formul\u00e9e sans ingr\u00e9dient d\u2019origine animale<\/p>\n<p><strong>CONSEILS D\u2019UTILISATION :<\/strong><br \/>\n Cette Cr\u00e8me Miraculeuse Multi-usages peut s\u2019utiliser sur le corps et le visage en soin quotidien, en d\u00e9maquillant, en masque hydratant, en apr\u00e8s-rasage etc.<\/p>\n<\/p><\/div>","protected":false},"excerpt":{"rendered":"<p>Highlights:Cette Cr\u00e8me Miraculeuse Multi-usages est adapt\u00e9e aux peaux s\u00e8ches de toute la famille.<\/p>","protected":false},"featured_media":6567,"comment_status":"open","ping_status":"closed","template":"","meta":[],"product_cat":[85],"product_tag":[],"yith_product_brand":[109],"class_list":{"0":"post-6486","1":"product","2":"type-product","3":"status-publish","4":"has-post-thumbnail","6":"product_cat-soins-corps","7":"yith_product_brand-roge-cavailles","9":"first","10":"instock","11":"sale","12":"shipping-taxable","13":"purchasable","14":"product-type-simple"},"_links":{"self":[{"href":"https:\/\/parapharmacieenligne.ma\/en\/wp-json\/wp\/v2\/product\/6486","targetHints":{"allow":["GET"]}}],"collection":[{"href":"https:\/\/parapharmacieenligne.ma\/en\/wp-json\/wp\/v2\/product"}],"about":[{"href":"https:\/\/parapharmacieenligne.ma\/en\/wp-json\/wp\/v2\/types\/product"}],"replies":[{"embeddable":true,"href":"https:\/\/parapharmacieenligne.ma\/en\/wp-json\/wp\/v2\/comments?post=6486"}],"version-history":[{"count":1,"href":"https:\/\/parapharmacieenligne.ma\/en\/wp-json\/wp\/v2\/product\/6486\/revisions"}],"predecessor-version":[{"id":6568,"href":"https:\/\/parapharmacieenligne.ma\/en\/wp-json\/wp\/v2\/product\/6486\/revisions\/6568"}],"wp:featuredmedia":[{"embeddable":true,"href":"https:\/\/parapharmacieenligne.ma\/en\/wp-json\/wp\/v2\/media\/6567"}],"wp:attachment":[{"href":"https:\/\/parapharmacieenligne.ma\/en\/wp-json\/wp\/v2\/media?parent=6486"}],"wp:term":[{"taxonomy":"product_cat","embeddable":true,"href":"https:\/\/parapharmacieenligne.ma\/en\/wp-json\/wp\/v2\/product_cat?post=6486"},{"taxonomy":"product_tag","embeddable":true,"href":"https:\/\/parapharmacieenligne.ma\/en\/wp-json\/wp\/v2\/product_tag?post=6486"},{"taxonomy":"yith_product_brand","embeddable":true,"href":"https:\/\/parapharmacieenligne.ma\/en\/wp-json\/wp\/v2\/yith_product_brand?post=6486"}],"curies":[{"name":"wp","href":"https:\/\/api.w.org\/{rel}","templated":true}]}}