{"id":6487,"date":"2026-01-25T20:52:23","date_gmt":"2026-01-25T19:52:23","guid":{"rendered":"https:\/\/parapharmacieenligne.ma\/?post_type=product&#038;p=6487"},"modified":"2026-01-25T20:53:57","modified_gmt":"2026-01-25T19:53:57","slug":"roge-cavailles-lait-onctueux-douceur-500ml","status":"publish","type":"product","link":"https:\/\/parapharmacieenligne.ma\/en\/product\/roge-cavailles-lait-onctueux-douceur-500ml\/","title":{"rendered":"Rog\u00e9 Cavailles Lait Onctueux Douceur 500ml"},"content":{"rendered":"<div aria-labelledby=\"tab-title-description\" class=\"woocommerce-Tabs-panel woocommerce-Tabs-panel--description panel entry-content wc-tab\" id=\"tab-description\" role=\"tabpanel\" style=\"\">\n<h2>Description<\/h2>\n<p><strong>Pour TOUTES LES PEAUX :<\/strong> enrichie en surgras v\u00e9g\u00e9tal pro-r\u00e9g\u00e9n\u00e9rant\u00ae et en huile d\u2019amande douce bio, notre formule aide \u00e0 maintenir l\u2019\u00e9quilibre et \u00e0 pr\u00e9server le processus naturel de r\u00e9g\u00e9n\u00e9ration de la peau. Un moment de BIEN-\u00caTRE gr\u00e2ce \u00e0 sa texture l\u00e9g\u00e8re et son parfum doux. Un geste pour la PLAN\u00c8TE avec son flacon 100% en plastique recycl\u00e9 et recyclable*. Adapt\u00e9 \u00e0 toute la FAMILLE : pour Les petits et grands d\u00e8s 1 an.<\/p>\n<p><strong>Composition :<\/strong><\/p>\n<p>Aqua,Caprylic\/CapricTriglyceride,Polyglyceryl-6Stearate, Glycerin,C15-19 Alkane,Coco-Caprylate\/Caprate, Prunus Amygdalus Dulcis Oil, Isodecyl Neopentanoate, Behenyl Alcohol, Butyrospermum Parkii Butter, Parfum, Caprylyl Glycol, Tocopheryl Acetate, Erythritol, Glyceryl Oleate, Polyglyceryl-6 Behenate, Aloe Barbadensis Leaf Juice, Sodium Benzoate, Xanthan Gum, Acrylates\/C10-30 Alkyl Acrylate Crosspolymer, Levulinic Acid, Ammonium Polyacryloyldimethyl Taurate, Sodium Levulinate, Sodium Gluconate, Sodium Hydroxide<\/p>\n<section class=\"main-wrapper\" id=\"wrapper\">\n<div class=\"page-wrapper\">\n<div class=\"content-wrapper\" id=\"content-wrapper\">\n<section id=\"main\">\n<div class=\"page-content\">\n<div class=\"product-tabs\">\n<div class=\"container\">\n<div class=\"row gx-5 gx-md-6 gx-xxl-8 justify-content-center\">\n<div class=\"col-xl-10\">\n<div class=\"product-tabs__tab-content tab-content\">\n<div aria-labelledby=\"product-tips-tab\" class=\"product-tabs__tab-pane tab-pane active show\" id=\"product-tips-tab-pane\" role=\"tabpanel\" tabindex=\"0\">\n<div class=\"product-tabs__collapse collapse\" id=\"product-tips-collapse\">\n<p><strong>Conseils d\u2019utilisation :<\/strong><\/p>\n<p>Appliquer sur le corps une \u00e0 deux fois par jour. Id\u00e9al apr\u00e8s la douche.<\/p>\n<\/p><\/div>\n<\/p><\/div>\n<\/p><\/div>\n<\/p><\/div>\n<\/p><\/div>\n<\/p><\/div>\n<\/p><\/div>\n<\/p><\/div>\n<\/section><\/div>\n<\/p><\/div>\n<\/section>\n<footer class=\"main-footer\" id=\"footer\">\n<div class=\"main-footer__before\">\n<div class=\"crea-reassurance-wrapper crea-reassurance-wrapper--footer\">\n<div class=\"container\"><\/div>\n<\/p><\/div>\n<\/p><\/div>\n<\/footer><\/div>","protected":false},"excerpt":{"rendered":"<p>Highlights:97% d\u2019ingr\u00e9dients d\u2019origine naturelle \u2013 Vegan \u2013 Test\u00e9 dermatologiquement<\/p>","protected":false},"featured_media":6569,"comment_status":"open","ping_status":"closed","template":"","meta":[],"product_cat":[85],"product_tag":[],"yith_product_brand":[109],"class_list":{"0":"post-6487","1":"product","2":"type-product","3":"status-publish","4":"has-post-thumbnail","6":"product_cat-soins-corps","7":"yith_product_brand-roge-cavailles","9":"first","10":"instock","11":"sale","12":"shipping-taxable","13":"purchasable","14":"product-type-simple"},"_links":{"self":[{"href":"https:\/\/parapharmacieenligne.ma\/en\/wp-json\/wp\/v2\/product\/6487","targetHints":{"allow":["GET"]}}],"collection":[{"href":"https:\/\/parapharmacieenligne.ma\/en\/wp-json\/wp\/v2\/product"}],"about":[{"href":"https:\/\/parapharmacieenligne.ma\/en\/wp-json\/wp\/v2\/types\/product"}],"replies":[{"embeddable":true,"href":"https:\/\/parapharmacieenligne.ma\/en\/wp-json\/wp\/v2\/comments?post=6487"}],"version-history":[{"count":1,"href":"https:\/\/parapharmacieenligne.ma\/en\/wp-json\/wp\/v2\/product\/6487\/revisions"}],"predecessor-version":[{"id":6570,"href":"https:\/\/parapharmacieenligne.ma\/en\/wp-json\/wp\/v2\/product\/6487\/revisions\/6570"}],"wp:featuredmedia":[{"embeddable":true,"href":"https:\/\/parapharmacieenligne.ma\/en\/wp-json\/wp\/v2\/media\/6569"}],"wp:attachment":[{"href":"https:\/\/parapharmacieenligne.ma\/en\/wp-json\/wp\/v2\/media?parent=6487"}],"wp:term":[{"taxonomy":"product_cat","embeddable":true,"href":"https:\/\/parapharmacieenligne.ma\/en\/wp-json\/wp\/v2\/product_cat?post=6487"},{"taxonomy":"product_tag","embeddable":true,"href":"https:\/\/parapharmacieenligne.ma\/en\/wp-json\/wp\/v2\/product_tag?post=6487"},{"taxonomy":"yith_product_brand","embeddable":true,"href":"https:\/\/parapharmacieenligne.ma\/en\/wp-json\/wp\/v2\/yith_product_brand?post=6487"}],"curies":[{"name":"wp","href":"https:\/\/api.w.org\/{rel}","templated":true}]}}