{"id":6488,"date":"2026-01-25T20:52:24","date_gmt":"2026-01-25T19:52:24","guid":{"rendered":"https:\/\/parapharmacieenligne.ma\/?post_type=product&#038;p=6488"},"modified":"2026-01-25T20:53:59","modified_gmt":"2026-01-25T19:53:59","slug":"roge-cavailles-creme-perlee-ultra-hydratante-400ml","status":"publish","type":"product","link":"https:\/\/parapharmacieenligne.ma\/en\/product\/roge-cavailles-creme-perlee-ultra-hydratante-400ml\/","title":{"rendered":"Rog\u00e9 Cavailles Cr\u00e8me perl\u00e9e Ultra-Hydratante 400ml"},"content":{"rendered":"<div aria-labelledby=\"tab-title-description\" class=\"woocommerce-Tabs-panel woocommerce-Tabs-panel--description panel entry-content wc-tab\" id=\"tab-description\" role=\"tabpanel\" style=\"\">\n<h2>Description<\/h2>\n<p>\u2022 Pour les PEAUX S\u00c8CHES : enrichie en billes de surgras v\u00e9g\u00e9tal pro-r\u00e9g\u00e9n\u00e9rant\u00ae et en aloe vera bio, notre formule hydrate imm\u00e9diatement et pendant 48h et aide \u00e0 pr\u00e9server le processus naturel de r\u00e9g\u00e9n\u00e9ration de la peau.<br \/>\n \u2022 Un moment de BIEN-\u00caTRE gr\u00e2ce \u00e0 sa texture a\u00e9rienne et son parfum doux.<br \/>\n \u2022 Un geste pour la PLAN\u00c8TE avec son pot 100% en plastique recycl\u00e9 et recyclable*.<br \/>\n \u2022 Adapt\u00e9e \u00e0 toute la FAMILLE : pour les petits et grands d\u00e8s 1 an.<br \/>\n 97% d\u2019ingr\u00e9dients d\u2019origine naturelle \u2013 Vegan** \u2013 Test\u00e9e dermatologiquement *sauf pigments colorants **formul\u00e9e sans ingr\u00e9dient d\u2019origine animale<\/p>\n<p><strong>Conseils d\u2019utilisation :<\/strong><\/p>\n<p>Une \u00e0 deux fois par jour, appliquez la Cr\u00e8me Perl\u00e9e Ultra-hydratante sur une peau propre. Profitez d\u2019un moment de bien-\u00eatre gr\u00e2ce \u00e0 sa texture a\u00e9rienne qui hydrate imm\u00e9diatement et pendant 48h.Une \u00e0 deux fois par jour, appliquez la Cr\u00e8me Perl\u00e9e Ultra-hydratante sur une peau propre. Profitez d\u2019un moment de bien-\u00eatre gr\u00e2ce \u00e0 sa texture a\u00e9rienne qui hydrate imm\u00e9diatement et pendant 48h.<\/p>\n<\/p><\/div>","protected":false},"excerpt":{"rendered":"<p>Highlights:Cette Cr\u00e8me Perl\u00e9e Ultra-hydratante est adapt\u00e9e aux peaux s\u00e8ches de toute la famille.<\/p>","protected":false},"featured_media":6571,"comment_status":"open","ping_status":"closed","template":"","meta":[],"product_cat":[85],"product_tag":[],"yith_product_brand":[109],"class_list":{"0":"post-6488","1":"product","2":"type-product","3":"status-publish","4":"has-post-thumbnail","6":"product_cat-soins-corps","7":"yith_product_brand-roge-cavailles","9":"first","10":"instock","11":"sale","12":"shipping-taxable","13":"purchasable","14":"product-type-simple"},"_links":{"self":[{"href":"https:\/\/parapharmacieenligne.ma\/en\/wp-json\/wp\/v2\/product\/6488","targetHints":{"allow":["GET"]}}],"collection":[{"href":"https:\/\/parapharmacieenligne.ma\/en\/wp-json\/wp\/v2\/product"}],"about":[{"href":"https:\/\/parapharmacieenligne.ma\/en\/wp-json\/wp\/v2\/types\/product"}],"replies":[{"embeddable":true,"href":"https:\/\/parapharmacieenligne.ma\/en\/wp-json\/wp\/v2\/comments?post=6488"}],"version-history":[{"count":1,"href":"https:\/\/parapharmacieenligne.ma\/en\/wp-json\/wp\/v2\/product\/6488\/revisions"}],"predecessor-version":[{"id":6572,"href":"https:\/\/parapharmacieenligne.ma\/en\/wp-json\/wp\/v2\/product\/6488\/revisions\/6572"}],"wp:featuredmedia":[{"embeddable":true,"href":"https:\/\/parapharmacieenligne.ma\/en\/wp-json\/wp\/v2\/media\/6571"}],"wp:attachment":[{"href":"https:\/\/parapharmacieenligne.ma\/en\/wp-json\/wp\/v2\/media?parent=6488"}],"wp:term":[{"taxonomy":"product_cat","embeddable":true,"href":"https:\/\/parapharmacieenligne.ma\/en\/wp-json\/wp\/v2\/product_cat?post=6488"},{"taxonomy":"product_tag","embeddable":true,"href":"https:\/\/parapharmacieenligne.ma\/en\/wp-json\/wp\/v2\/product_tag?post=6488"},{"taxonomy":"yith_product_brand","embeddable":true,"href":"https:\/\/parapharmacieenligne.ma\/en\/wp-json\/wp\/v2\/yith_product_brand?post=6488"}],"curies":[{"name":"wp","href":"https:\/\/api.w.org\/{rel}","templated":true}]}}