{"id":6510,"date":"2026-01-25T20:52:49","date_gmt":"2026-01-25T19:52:49","guid":{"rendered":"https:\/\/parapharmacieenligne.ma\/?post_type=product&#038;p=6510"},"modified":"2026-01-25T20:54:21","modified_gmt":"2026-01-25T19:54:21","slug":"roge-cavailles-dermo-uht-huile-lavante-surgras-500ml","status":"publish","type":"product","link":"https:\/\/parapharmacieenligne.ma\/en\/product\/roge-cavailles-dermo-uht-huile-lavante-surgras-500ml\/","title":{"rendered":"ROGE CAVAILLES DERMO UHT HUILE LAVANTE SURGRAS 500ML"},"content":{"rendered":"<div aria-labelledby=\"tab-title-description\" class=\"woocommerce-Tabs-panel woocommerce-Tabs-panel--description panel entry-content wc-tab\" id=\"tab-description\" role=\"tabpanel\" style=\"\">\n<h2>Description<\/h2>\n<p>Sp\u00e9cialement formul\u00e9e pour les peaux tr\u00e8s s\u00e8ches \u00e0 atopiques, cette Huile Lavante Surgras pour Peaux Atopiques assure un respect et une protection optimale.<br \/>\n D\u00e9velopp\u00e9e avec des dermatologues, cette Huile Lavante Peaux Atopiques ne contient que des ingr\u00e9dients s\u00e9lectionn\u00e9s avec attention, notamment des agents lavants choisis pour leur douceur. Gr\u00e2ce aux ingr\u00e9dients du complexe Dermo-U.H.T. concentr\u00e9s \u00e0 15% et \u00e0 des actifs apaisants puissants, cette Huile de Douche pour Peaux Atopiques aide \u00e0 restaurer et \u00e0 soulager la peau des d\u00e9mangeaisons.<br \/>\n Des actifs apaisants puissants : -50% des rougeurs d\u00e8s 2 jours(1) ! Jour apr\u00e8s jour, la peau est apais\u00e9e et plus confortable.<\/p>\n<p><strong><strong>Conseils d\u2019Utilisation : <\/strong> <\/strong><\/p>\n<p>Appliquez l\u2019Huile Lavante Peau Atopique sur votre peau pr\u00e9alablement mouill\u00e9e puis rincez d\u00e9licatement. S\u00e9chez votre peau sans frotter pour \u00e9viter de l\u2019irriter.(1) Action des actifs apaisants pr\u00e9sents dans l\u2019Huile lavante surgras. \u00c9tude in vivo sur 20 patients. R\u00e9duction de l\u2019\u00e9ryth\u00e8me suite au traitement au SDS, apr\u00e8s 2 jours d\u2019application, 2 applications par jour.<\/p>\n<\/p><\/div>","protected":false},"excerpt":{"rendered":"<p>Highlights:Hydrate la peau en continu 24h et restaure la barri\u00e8re cutan\u00e9e. Pour toute la famille.\u2022 Besoin :Hydrater | Peau s\u00e8che \u00e0 tr\u00e8s s\u00e8che | Peau sensible.\u2022 Ingr\u00e9dients Cl\u00e9s :C\u00e9ramides (1, 3 et 6-II) pour prot\u00e9ger et nourrir | Acide Hyaluronique pour maintenir la peau hydrat\u00e9e | Glyc\u00e9rine pour adoucir et prot\u00e9ger.\u2022S\u00e9curit\u00e9 :Sans Parfum | Sans Parab\u00e8ne | Hypoallerg\u00e9nique | Non-Com\u00e9dog\u00e8ne.\u2022 Utilisation :Appliquer matin et soir. Visage et Corps.<\/p>","protected":false},"featured_media":6592,"comment_status":"open","ping_status":"closed","template":"","meta":[],"product_cat":[85],"product_tag":[],"yith_product_brand":[109],"class_list":{"0":"post-6510","1":"product","2":"type-product","3":"status-publish","4":"has-post-thumbnail","6":"product_cat-soins-corps","7":"yith_product_brand-roge-cavailles","9":"first","10":"instock","11":"sale","12":"shipping-taxable","13":"purchasable","14":"product-type-simple"},"_links":{"self":[{"href":"https:\/\/parapharmacieenligne.ma\/en\/wp-json\/wp\/v2\/product\/6510","targetHints":{"allow":["GET"]}}],"collection":[{"href":"https:\/\/parapharmacieenligne.ma\/en\/wp-json\/wp\/v2\/product"}],"about":[{"href":"https:\/\/parapharmacieenligne.ma\/en\/wp-json\/wp\/v2\/types\/product"}],"replies":[{"embeddable":true,"href":"https:\/\/parapharmacieenligne.ma\/en\/wp-json\/wp\/v2\/comments?post=6510"}],"version-history":[{"count":1,"href":"https:\/\/parapharmacieenligne.ma\/en\/wp-json\/wp\/v2\/product\/6510\/revisions"}],"predecessor-version":[{"id":6593,"href":"https:\/\/parapharmacieenligne.ma\/en\/wp-json\/wp\/v2\/product\/6510\/revisions\/6593"}],"wp:featuredmedia":[{"embeddable":true,"href":"https:\/\/parapharmacieenligne.ma\/en\/wp-json\/wp\/v2\/media\/6592"}],"wp:attachment":[{"href":"https:\/\/parapharmacieenligne.ma\/en\/wp-json\/wp\/v2\/media?parent=6510"}],"wp:term":[{"taxonomy":"product_cat","embeddable":true,"href":"https:\/\/parapharmacieenligne.ma\/en\/wp-json\/wp\/v2\/product_cat?post=6510"},{"taxonomy":"product_tag","embeddable":true,"href":"https:\/\/parapharmacieenligne.ma\/en\/wp-json\/wp\/v2\/product_tag?post=6510"},{"taxonomy":"yith_product_brand","embeddable":true,"href":"https:\/\/parapharmacieenligne.ma\/en\/wp-json\/wp\/v2\/yith_product_brand?post=6510"}],"curies":[{"name":"wp","href":"https:\/\/api.w.org\/{rel}","templated":true}]}}