{"id":6512,"date":"2026-01-25T20:52:49","date_gmt":"2026-01-25T19:52:49","guid":{"rendered":"https:\/\/parapharmacieenligne.ma\/?post_type=product&#038;p=6512"},"modified":"2026-01-25T20:54:25","modified_gmt":"2026-01-25T19:54:25","slug":"roge-cavailles-deo-absorb-efficacite-48h-spray-150ml","status":"publish","type":"product","link":"https:\/\/parapharmacieenligne.ma\/en\/product\/roge-cavailles-deo-absorb-efficacite-48h-spray-150ml\/","title":{"rendered":"ROGE CAVAILLES D\u00c9O ABSORB+ EFFICACIT\u00c9 48H SPRAY 150ML"},"content":{"rendered":"<div aria-labelledby=\"tab-title-description\" class=\"woocommerce-Tabs-panel woocommerce-Tabs-panel--description panel entry-content wc-tab\" id=\"tab-description\" role=\"tabpanel\" style=\"\">\n<h2>Description<\/h2>\n<p>Cet Anti-Transpirant Spray agit durablement contre les pics de transpiration et neutralise les mauvaises odeurs. Il laisse sur votre peau un parfum frais et agr\u00e9able tout au long de la journ\u00e9e.<br \/>\n Gr\u00e2ce \u00e0 sa formule enrichie en actifs 5x plus absorbants que le talc, ce D\u00e9odorant Sans Alcool agit en profondeur afin de pr\u00e9venir l\u2019apparition d\u2019aur\u00e9oles et de mauvaises odeurs lors des pics de transpiration.<br \/>\n Cet Anti-Transpirant Spray est respectueux des peaux sensibles et laisse vos aisselles douces tout au long de la journ\u00e9e.<br \/>\n \u00c0 vaporiser quotidiennement sur des aisselles propres et s\u00e8ches en respectant une distance de 15cm.<br \/>\n Bien agiter avant utilisation.<\/p>\n<\/p><\/div>","protected":false},"excerpt":{"rendered":"<p>Highlights:Le nettoyant doux sans savon qui respecte la peau des b\u00e9b\u00e9s<\/p>","protected":false},"featured_media":6596,"comment_status":"open","ping_status":"closed","template":"","meta":[],"product_cat":[85],"product_tag":[],"yith_product_brand":[109],"class_list":{"0":"post-6512","1":"product","2":"type-product","3":"status-publish","4":"has-post-thumbnail","6":"product_cat-soins-corps","7":"yith_product_brand-roge-cavailles","9":"first","10":"instock","11":"sale","12":"shipping-taxable","13":"purchasable","14":"product-type-simple"},"_links":{"self":[{"href":"https:\/\/parapharmacieenligne.ma\/en\/wp-json\/wp\/v2\/product\/6512","targetHints":{"allow":["GET"]}}],"collection":[{"href":"https:\/\/parapharmacieenligne.ma\/en\/wp-json\/wp\/v2\/product"}],"about":[{"href":"https:\/\/parapharmacieenligne.ma\/en\/wp-json\/wp\/v2\/types\/product"}],"replies":[{"embeddable":true,"href":"https:\/\/parapharmacieenligne.ma\/en\/wp-json\/wp\/v2\/comments?post=6512"}],"version-history":[{"count":1,"href":"https:\/\/parapharmacieenligne.ma\/en\/wp-json\/wp\/v2\/product\/6512\/revisions"}],"predecessor-version":[{"id":6597,"href":"https:\/\/parapharmacieenligne.ma\/en\/wp-json\/wp\/v2\/product\/6512\/revisions\/6597"}],"wp:featuredmedia":[{"embeddable":true,"href":"https:\/\/parapharmacieenligne.ma\/en\/wp-json\/wp\/v2\/media\/6596"}],"wp:attachment":[{"href":"https:\/\/parapharmacieenligne.ma\/en\/wp-json\/wp\/v2\/media?parent=6512"}],"wp:term":[{"taxonomy":"product_cat","embeddable":true,"href":"https:\/\/parapharmacieenligne.ma\/en\/wp-json\/wp\/v2\/product_cat?post=6512"},{"taxonomy":"product_tag","embeddable":true,"href":"https:\/\/parapharmacieenligne.ma\/en\/wp-json\/wp\/v2\/product_tag?post=6512"},{"taxonomy":"yith_product_brand","embeddable":true,"href":"https:\/\/parapharmacieenligne.ma\/en\/wp-json\/wp\/v2\/yith_product_brand?post=6512"}],"curies":[{"name":"wp","href":"https:\/\/api.w.org\/{rel}","templated":true}]}}