{"id":6530,"date":"2026-01-25T20:53:19","date_gmt":"2026-01-25T19:53:19","guid":{"rendered":"https:\/\/parapharmacieenligne.ma\/?post_type=product&#038;p=6530"},"modified":"2026-01-25T20:54:30","modified_gmt":"2026-01-25T19:54:30","slug":"roge-cavailles-soin-toillette-intime-secheresse-250ml","status":"publish","type":"product","link":"https:\/\/parapharmacieenligne.ma\/en\/product\/roge-cavailles-soin-toillette-intime-secheresse-250ml\/","title":{"rendered":"Rog\u00e9 Cavailles Soin Toillette Intime Secheresse 250ml"},"content":{"rendered":"<div aria-labelledby=\"tab-title-description\" class=\"woocommerce-Tabs-panel woocommerce-Tabs-panel--description panel entry-content wc-tab\" id=\"tab-description\" role=\"tabpanel\" style=\"\">\n<h2>Description<\/h2>\n<p>Ultra-respectueuses et 97% d\u2019origine naturelle, les formules intimes Rog\u00e9 Cavaill\u00e8s, enrichies en pr\u00e9biotiques, respectent et prot\u00e8gent l\u2019\u00e9quilibre intime. Ce Gel Intime pour Femme lib\u00e8re en continu des extraits hydratants de feuilles d\u2019olivier pour hydrater et aide \u00e0 diminuer les sensations de tiraillements et de s\u00e9cheresse.<\/p>\n<p>Le Savon Hygi\u00e8ne Intime est \u00e0 pH physiologique et recommand\u00e9 par les gyn\u00e9cologues pour un bien-\u00eatre continu des muqueuses.<\/p>\n<p>Ce Gel Intime pour Femme s\u2019utilise comme un savon liquide, en usage externe au quotidien, une \u00e0 deux fois par jour, pour les muqueuses m\u00eame sensibles. Appliquez une noix de Savon Hygi\u00e8ne Intime puis rincez soigneusement \u00e0 l\u2019eau ti\u00e8de.<\/p>\n<\/p><\/div>","protected":false},"excerpt":{"rendered":"<p>Highlights:Exfolie, adoucit et lisse les rugosit\u00e9s. Aide \u00e0 restaurer la barri\u00e8re cutan\u00e9e.\u2022 Besoin :Nettoyer | Exfolier | Hydrater | Peaux s\u00e8ches, rugueuses et squameuses.\u2022 Ingr\u00e9dients Cl\u00e9s :C\u00e9ramides (1, 3 et 6-II) pour prot\u00e9ger et nourrir | Acide Salicylique pour exfolier en douceur.\u2022S\u00e9curit\u00e9 :Non-Irritant | Sans Parfum | Hypoallerg\u00e9nique | Non-Com\u00e9dog\u00e8ne.\u2022 Utilisation :Appliquer sur une peau humidifi\u00e9e, puis rincer. Visage.<\/p>","protected":false},"featured_media":6600,"comment_status":"open","ping_status":"closed","template":"","meta":[],"product_cat":[85],"product_tag":[],"yith_product_brand":[109],"class_list":{"0":"post-6530","1":"product","2":"type-product","3":"status-publish","4":"has-post-thumbnail","6":"product_cat-soins-corps","7":"yith_product_brand-roge-cavailles","9":"first","10":"instock","11":"sale","12":"shipping-taxable","13":"purchasable","14":"product-type-simple"},"_links":{"self":[{"href":"https:\/\/parapharmacieenligne.ma\/en\/wp-json\/wp\/v2\/product\/6530","targetHints":{"allow":["GET"]}}],"collection":[{"href":"https:\/\/parapharmacieenligne.ma\/en\/wp-json\/wp\/v2\/product"}],"about":[{"href":"https:\/\/parapharmacieenligne.ma\/en\/wp-json\/wp\/v2\/types\/product"}],"replies":[{"embeddable":true,"href":"https:\/\/parapharmacieenligne.ma\/en\/wp-json\/wp\/v2\/comments?post=6530"}],"version-history":[{"count":1,"href":"https:\/\/parapharmacieenligne.ma\/en\/wp-json\/wp\/v2\/product\/6530\/revisions"}],"predecessor-version":[{"id":6601,"href":"https:\/\/parapharmacieenligne.ma\/en\/wp-json\/wp\/v2\/product\/6530\/revisions\/6601"}],"wp:featuredmedia":[{"embeddable":true,"href":"https:\/\/parapharmacieenligne.ma\/en\/wp-json\/wp\/v2\/media\/6600"}],"wp:attachment":[{"href":"https:\/\/parapharmacieenligne.ma\/en\/wp-json\/wp\/v2\/media?parent=6530"}],"wp:term":[{"taxonomy":"product_cat","embeddable":true,"href":"https:\/\/parapharmacieenligne.ma\/en\/wp-json\/wp\/v2\/product_cat?post=6530"},{"taxonomy":"product_tag","embeddable":true,"href":"https:\/\/parapharmacieenligne.ma\/en\/wp-json\/wp\/v2\/product_tag?post=6530"},{"taxonomy":"yith_product_brand","embeddable":true,"href":"https:\/\/parapharmacieenligne.ma\/en\/wp-json\/wp\/v2\/yith_product_brand?post=6530"}],"curies":[{"name":"wp","href":"https:\/\/api.w.org\/{rel}","templated":true}]}}