{"id":6553,"date":"2026-01-25T20:53:44","date_gmt":"2026-01-25T19:53:44","guid":{"rendered":"https:\/\/parapharmacieenligne.ma\/?post_type=product&#038;p=6553"},"modified":"2026-01-25T20:54:52","modified_gmt":"2026-01-25T19:54:52","slug":"roge-cavailles-deo-absorb-homme-48h-spray-150ml","status":"publish","type":"product","link":"https:\/\/parapharmacieenligne.ma\/en\/product\/roge-cavailles-deo-absorb-homme-48h-spray-150ml\/","title":{"rendered":"ROGE CAVAILLES D\u00c9O ABSORB+ HOMME 48H SPRAY 150ML"},"content":{"rendered":"<div aria-labelledby=\"tab-title-description\" class=\"woocommerce-Tabs-panel woocommerce-Tabs-panel--description panel entry-content wc-tab\" id=\"tab-description\" role=\"tabpanel\" style=\"\">\n<h2>Description<\/h2>\n<p>Cet Anti-Transpirant Homme conjugue efficacit\u00e9 et respect des peaux sensibles. Gr\u00e2ce \u00e0 ses actifs 5 fois plus absorbants que le talc , ce D\u00e9odorant Homme Sans Alcool garantit 48H d\u2019action contre les mauvaises odeurs et l\u2019apparition d\u2019aur\u00e9oles lors des pics de transpiration.<br \/>\n Sa formule sans alcool est sp\u00e9cialement con\u00e7ue pour respecter les peaux les plus sensibles. Subtilement parfum\u00e9, cet Anti Transpirant Homme vous dispense un parfum frais et masculin efficace tout au long de la journ\u00e9e.<br \/>\n \u00c0 vaporiser quotidiennement sur des aisselles propres et s\u00e8ches en respectant une distance de 15cm.<br \/>\n Bien agiter avant utilisation.<\/p>\n<\/p><\/div>","protected":false},"excerpt":{"rendered":"<p>Highlights:VICHY HOMME Hydra Mag C+ Soin Hydratant Anti-Fatigue recharge votre peau en \u00e9nergie, att\u00e9nue poches et cernes et aide votre \u00e9piderme \u00e0 lutter contre les agressions.\u2022 Besoin :Peau d\u00e9shydrat\u00e9e, teint terne, traits tir\u00e9s, cernes et poches.\u2022 Ingr\u00e9dients Cl\u00e9s :Vitamine C pour raffermir et donner de l\u2019\u00e9clat au teint | Magn\u00e9sium pour une action anti-fatigue | Dextran pour apaiser.\u2022S\u00e9curit\u00e9 :Hypoallerg\u00e9nique | Sans Parab\u00e8ne.\u2022 Utilisation :Appliquez matin et\/ou soir sur une peau nettoy\u00e9e. Visage.<\/p>","protected":false},"featured_media":0,"comment_status":"open","ping_status":"closed","template":"","meta":[],"product_cat":[85],"product_tag":[],"yith_product_brand":[109],"class_list":{"0":"post-6553","1":"product","2":"type-product","3":"status-publish","5":"product_cat-soins-corps","6":"yith_product_brand-roge-cavailles","8":"first","9":"instock","10":"sale","11":"shipping-taxable","12":"purchasable","13":"product-type-simple"},"_links":{"self":[{"href":"https:\/\/parapharmacieenligne.ma\/en\/wp-json\/wp\/v2\/product\/6553","targetHints":{"allow":["GET"]}}],"collection":[{"href":"https:\/\/parapharmacieenligne.ma\/en\/wp-json\/wp\/v2\/product"}],"about":[{"href":"https:\/\/parapharmacieenligne.ma\/en\/wp-json\/wp\/v2\/types\/product"}],"replies":[{"embeddable":true,"href":"https:\/\/parapharmacieenligne.ma\/en\/wp-json\/wp\/v2\/comments?post=6553"}],"version-history":[{"count":1,"href":"https:\/\/parapharmacieenligne.ma\/en\/wp-json\/wp\/v2\/product\/6553\/revisions"}],"predecessor-version":[{"id":6622,"href":"https:\/\/parapharmacieenligne.ma\/en\/wp-json\/wp\/v2\/product\/6553\/revisions\/6622"}],"wp:attachment":[{"href":"https:\/\/parapharmacieenligne.ma\/en\/wp-json\/wp\/v2\/media?parent=6553"}],"wp:term":[{"taxonomy":"product_cat","embeddable":true,"href":"https:\/\/parapharmacieenligne.ma\/en\/wp-json\/wp\/v2\/product_cat?post=6553"},{"taxonomy":"product_tag","embeddable":true,"href":"https:\/\/parapharmacieenligne.ma\/en\/wp-json\/wp\/v2\/product_tag?post=6553"},{"taxonomy":"yith_product_brand","embeddable":true,"href":"https:\/\/parapharmacieenligne.ma\/en\/wp-json\/wp\/v2\/yith_product_brand?post=6553"}],"curies":[{"name":"wp","href":"https:\/\/api.w.org\/{rel}","templated":true}]}}