{"id":6556,"date":"2026-01-25T20:53:45","date_gmt":"2026-01-25T19:53:45","guid":{"rendered":"https:\/\/parapharmacieenligne.ma\/?post_type=product&#038;p=6556"},"modified":"2026-01-25T20:55:11","modified_gmt":"2026-01-25T19:55:11","slug":"roge-cavailles-soin-naturel-toilette-intime-anti-bacterien-500ml","status":"publish","type":"product","link":"https:\/\/parapharmacieenligne.ma\/en\/product\/roge-cavailles-soin-naturel-toilette-intime-anti-bacterien-500ml\/","title":{"rendered":"ROGE CAVAILLES SOIN NATUREL TOILETTE INTIME ANTI BACT\u00c9RIEN 500ML"},"content":{"rendered":"<div aria-labelledby=\"tab-title-description\" class=\"woocommerce-Tabs-panel woocommerce-Tabs-panel--description panel entry-content wc-tab\" id=\"tab-description\" role=\"tabpanel\" style=\"\">\n<h2>Description<\/h2>\n<p>Ultra-respectueuses et 97% d\u2019origine naturelle, les formules intimes Rog\u00e9 Cavaill\u00e8s, enrichies en pr\u00e9biotiques, respectent et prot\u00e8gent l\u2019\u00e9quilibre intime. Ce Gel Intime Anti Bact\u00e9rien contient une technologie de lib\u00e9ration en continu des extraits de thym antibact\u00e9rien pour une protection renforc\u00e9e contre les d\u00e9sagr\u00e9ments intimes (irritations, d\u00e9mangeaisons \u2026). Le Gel Intime Anti Bact\u00e9rien est \u00e0 pH physiologique et recommand\u00e9 par les gyn\u00e9cologues pour un bien-\u00eatre continu des muqueuses. Le soin de toilette antibact\u00e9rien est test\u00e9 sur les enfants d\u00e8s 3 ans et peut donc \u00eatre utilis\u00e9 par toute la famille pour la toilette quotidienne.<\/p>\n<p>Ce Gel Intime Anti Bact\u00e9rien s\u2019utilise comme un savon liquide, en usage externe au quotidien, une \u00e0 deux fois par jour, pour les muqueuses m\u00eame sensibles. Appliquez une noix de ce Gel Nettoyant Intime puis rincez soigneusement \u00e0 l\u2019eau ti\u00e8de.<\/p>\n<\/p><\/div>","protected":false},"excerpt":{"rendered":"<p>Highlights:Hydrate la peau en continu et aide \u00e0 restaurer la barri\u00e8re protectrice de la peau.\u2022 Besoin :Hydrater | Nourrir | Peau s\u00e8che \u00e0 tr\u00e8s s\u00e8che | Peau sensible.\u2022 Ingr\u00e9dients Cl\u00e9s :C\u00e9ramides (1, 3 et 6-II) pour prot\u00e9ger et nourrir | Acide Hyaluronique pour maintenir la peau hydrat\u00e9e | Glyc\u00e9rine pour adoucir et prot\u00e9ger.\u2022S\u00e9curit\u00e9 :Sans Parfum | Hypoallerg\u00e9nique | Non-Com\u00e9dog\u00e8ne.\u2022 Utilisation :Appliquer aussi souvent que n\u00e9cessaire. Visage, corps et mains.Approuv\u00e9 par les membres de l\u2019Association Fran\u00e7aise de l\u2019Ecz\u00e9ma.<\/p>","protected":false},"featured_media":6635,"comment_status":"open","ping_status":"closed","template":"","meta":[],"product_cat":[85],"product_tag":[],"yith_product_brand":[109],"class_list":{"0":"post-6556","1":"product","2":"type-product","3":"status-publish","4":"has-post-thumbnail","6":"product_cat-soins-corps","7":"yith_product_brand-roge-cavailles","9":"first","10":"instock","11":"sale","12":"shipping-taxable","13":"purchasable","14":"product-type-simple"},"_links":{"self":[{"href":"https:\/\/parapharmacieenligne.ma\/en\/wp-json\/wp\/v2\/product\/6556","targetHints":{"allow":["GET"]}}],"collection":[{"href":"https:\/\/parapharmacieenligne.ma\/en\/wp-json\/wp\/v2\/product"}],"about":[{"href":"https:\/\/parapharmacieenligne.ma\/en\/wp-json\/wp\/v2\/types\/product"}],"replies":[{"embeddable":true,"href":"https:\/\/parapharmacieenligne.ma\/en\/wp-json\/wp\/v2\/comments?post=6556"}],"version-history":[{"count":1,"href":"https:\/\/parapharmacieenligne.ma\/en\/wp-json\/wp\/v2\/product\/6556\/revisions"}],"predecessor-version":[{"id":6636,"href":"https:\/\/parapharmacieenligne.ma\/en\/wp-json\/wp\/v2\/product\/6556\/revisions\/6636"}],"wp:featuredmedia":[{"embeddable":true,"href":"https:\/\/parapharmacieenligne.ma\/en\/wp-json\/wp\/v2\/media\/6635"}],"wp:attachment":[{"href":"https:\/\/parapharmacieenligne.ma\/en\/wp-json\/wp\/v2\/media?parent=6556"}],"wp:term":[{"taxonomy":"product_cat","embeddable":true,"href":"https:\/\/parapharmacieenligne.ma\/en\/wp-json\/wp\/v2\/product_cat?post=6556"},{"taxonomy":"product_tag","embeddable":true,"href":"https:\/\/parapharmacieenligne.ma\/en\/wp-json\/wp\/v2\/product_tag?post=6556"},{"taxonomy":"yith_product_brand","embeddable":true,"href":"https:\/\/parapharmacieenligne.ma\/en\/wp-json\/wp\/v2\/yith_product_brand?post=6556"}],"curies":[{"name":"wp","href":"https:\/\/api.w.org\/{rel}","templated":true}]}}