{"id":6587,"date":"2026-01-25T20:54:12","date_gmt":"2026-01-25T19:54:12","guid":{"rendered":"https:\/\/parapharmacieenligne.ma\/?post_type=product&#038;p=6587"},"modified":"2026-01-25T20:55:53","modified_gmt":"2026-01-25T19:55:53","slug":"roge-cavailles-lingettes-extra-doux-15unites","status":"publish","type":"product","link":"https:\/\/parapharmacieenligne.ma\/en\/product\/roge-cavailles-lingettes-extra-doux-15unites\/","title":{"rendered":"Rog\u00e9 Cavailles Lingettes Extra Doux 15unit\u00e9s"},"content":{"rendered":"","protected":false},"excerpt":{"rendered":"<p>Highlights:Cette lime \u00e0 ongles en verre est une lime professionnelle, inusable et tr\u00e8s hygi\u00e9nique. Limant de fa\u00e7on tr\u00e8s douce et \u00e9vitant le d\u00e9doublement, elle est munie d\u2019une fine structure qui referme parfaitement le bout de l\u2019ongle.Adapt\u00e9e \u00e0 tous types d\u2019ongles, elle est compos\u00e9e d\u2019un mat\u00e9riau de tr\u00e8s haute qualit\u00e9 et lavable pour assurer une meilleure hygi\u00e8ne.<\/p>","protected":false},"featured_media":6668,"comment_status":"open","ping_status":"closed","template":"","meta":[],"product_cat":[85],"product_tag":[],"yith_product_brand":[109],"class_list":{"0":"post-6587","1":"product","2":"type-product","3":"status-publish","4":"has-post-thumbnail","6":"product_cat-soins-corps","7":"yith_product_brand-roge-cavailles","9":"first","10":"instock","11":"sale","12":"shipping-taxable","13":"purchasable","14":"product-type-simple"},"_links":{"self":[{"href":"https:\/\/parapharmacieenligne.ma\/en\/wp-json\/wp\/v2\/product\/6587","targetHints":{"allow":["GET"]}}],"collection":[{"href":"https:\/\/parapharmacieenligne.ma\/en\/wp-json\/wp\/v2\/product"}],"about":[{"href":"https:\/\/parapharmacieenligne.ma\/en\/wp-json\/wp\/v2\/types\/product"}],"replies":[{"embeddable":true,"href":"https:\/\/parapharmacieenligne.ma\/en\/wp-json\/wp\/v2\/comments?post=6587"}],"version-history":[{"count":1,"href":"https:\/\/parapharmacieenligne.ma\/en\/wp-json\/wp\/v2\/product\/6587\/revisions"}],"predecessor-version":[{"id":6669,"href":"https:\/\/parapharmacieenligne.ma\/en\/wp-json\/wp\/v2\/product\/6587\/revisions\/6669"}],"wp:featuredmedia":[{"embeddable":true,"href":"https:\/\/parapharmacieenligne.ma\/en\/wp-json\/wp\/v2\/media\/6668"}],"wp:attachment":[{"href":"https:\/\/parapharmacieenligne.ma\/en\/wp-json\/wp\/v2\/media?parent=6587"}],"wp:term":[{"taxonomy":"product_cat","embeddable":true,"href":"https:\/\/parapharmacieenligne.ma\/en\/wp-json\/wp\/v2\/product_cat?post=6587"},{"taxonomy":"product_tag","embeddable":true,"href":"https:\/\/parapharmacieenligne.ma\/en\/wp-json\/wp\/v2\/product_tag?post=6587"},{"taxonomy":"yith_product_brand","embeddable":true,"href":"https:\/\/parapharmacieenligne.ma\/en\/wp-json\/wp\/v2\/yith_product_brand?post=6587"}],"curies":[{"name":"wp","href":"https:\/\/api.w.org\/{rel}","templated":true}]}}