{"id":6604,"date":"2026-01-25T20:54:36","date_gmt":"2026-01-25T19:54:36","guid":{"rendered":"https:\/\/parapharmacieenligne.ma\/?post_type=product&#038;p=6604"},"modified":"2026-01-25T20:55:55","modified_gmt":"2026-01-25T19:55:55","slug":"roge-cavailles-gel-surgras-bain-douche-classique-1l","status":"publish","type":"product","link":"https:\/\/parapharmacieenligne.ma\/en\/product\/roge-cavailles-gel-surgras-bain-douche-classique-1l\/","title":{"rendered":"Rog\u00e9 Cavaill\u00e9s gel surgras bain &#038; douche classique 1L"},"content":{"rendered":"<div aria-labelledby=\"tab-title-description\" class=\"woocommerce-Tabs-panel woocommerce-Tabs-panel--description panel entry-content wc-tab\" id=\"tab-description\" role=\"tabpanel\" style=\"\">\n<h2>Description<\/h2>\n<p>Rog\u00e9 Cavaill\u00e8s Gel Surgras Bain et Douche L\u2019Original Peaux Sensibles 1 L est un gel douche et bain surgras sp\u00e9cialement d\u00e9di\u00e9 aux peaux sensibles.<\/p>\n<p>La formule originelle du Gel Surgras Bain et Douche L\u2019Original Peaux Sensibles de Rog\u00e9 Cavaill\u00e8s est sp\u00e9cialement d\u00e9velopp\u00e9e pour nettoyer les peaux d\u00e9licates et sensibles tout en respectant leur int\u00e9grit\u00e9 cutan\u00e9e.<\/p>\n<p>Enrichi en agents surgraissants et en hydrolysat de Collag\u00e8ne, ce gel douche d\u00e9pose sur la peau un film protecteur, procurant confort et souplesse aux peaux d\u00e9licates et sensibles.<\/p>\n<p>Test\u00e9 dermatologiquement.<\/p>\n<p>Sans savon.<\/p>\n<\/p><\/div>","protected":false},"excerpt":{"rendered":"<p>Highlights:L\u2019huile lavant \u00e9molliente, nettoie et soulage les peaux fragiles s\u00e8ches \u00e0 tendance \u00e0 l\u2019\u00e9cz\u00e9ma atopique<\/p>","protected":false},"featured_media":6670,"comment_status":"open","ping_status":"closed","template":"","meta":[],"product_cat":[85],"product_tag":[],"yith_product_brand":[109],"class_list":{"0":"post-6604","1":"product","2":"type-product","3":"status-publish","4":"has-post-thumbnail","6":"product_cat-soins-corps","7":"yith_product_brand-roge-cavailles","9":"first","10":"instock","11":"sale","12":"shipping-taxable","13":"purchasable","14":"product-type-simple"},"_links":{"self":[{"href":"https:\/\/parapharmacieenligne.ma\/en\/wp-json\/wp\/v2\/product\/6604","targetHints":{"allow":["GET"]}}],"collection":[{"href":"https:\/\/parapharmacieenligne.ma\/en\/wp-json\/wp\/v2\/product"}],"about":[{"href":"https:\/\/parapharmacieenligne.ma\/en\/wp-json\/wp\/v2\/types\/product"}],"replies":[{"embeddable":true,"href":"https:\/\/parapharmacieenligne.ma\/en\/wp-json\/wp\/v2\/comments?post=6604"}],"version-history":[{"count":1,"href":"https:\/\/parapharmacieenligne.ma\/en\/wp-json\/wp\/v2\/product\/6604\/revisions"}],"predecessor-version":[{"id":6671,"href":"https:\/\/parapharmacieenligne.ma\/en\/wp-json\/wp\/v2\/product\/6604\/revisions\/6671"}],"wp:featuredmedia":[{"embeddable":true,"href":"https:\/\/parapharmacieenligne.ma\/en\/wp-json\/wp\/v2\/media\/6670"}],"wp:attachment":[{"href":"https:\/\/parapharmacieenligne.ma\/en\/wp-json\/wp\/v2\/media?parent=6604"}],"wp:term":[{"taxonomy":"product_cat","embeddable":true,"href":"https:\/\/parapharmacieenligne.ma\/en\/wp-json\/wp\/v2\/product_cat?post=6604"},{"taxonomy":"product_tag","embeddable":true,"href":"https:\/\/parapharmacieenligne.ma\/en\/wp-json\/wp\/v2\/product_tag?post=6604"},{"taxonomy":"yith_product_brand","embeddable":true,"href":"https:\/\/parapharmacieenligne.ma\/en\/wp-json\/wp\/v2\/yith_product_brand?post=6604"}],"curies":[{"name":"wp","href":"https:\/\/api.w.org\/{rel}","templated":true}]}}