{"id":6606,"date":"2026-01-25T20:54:36","date_gmt":"2026-01-25T19:54:36","guid":{"rendered":"https:\/\/parapharmacieenligne.ma\/?post_type=product&#038;p=6606"},"modified":"2026-01-25T20:56:04","modified_gmt":"2026-01-25T19:56:04","slug":"roge-cavailles-gel-douche-et-lait-hydratant-incorpore-200ml","status":"publish","type":"product","link":"https:\/\/parapharmacieenligne.ma\/en\/product\/roge-cavailles-gel-douche-et-lait-hydratant-incorpore-200ml\/","title":{"rendered":"Rog\u00e9 Cavaill\u00e8s Gel Douche Et Lait Hydratant Incorpore 200Ml"},"content":{"rendered":"<div aria-labelledby=\"tab-title-description\" class=\"woocommerce-Tabs-panel woocommerce-Tabs-panel--description panel entry-content wc-tab\" id=\"tab-description\" role=\"tabpanel\" style=\"\">\n<h2>Description<\/h2>\n<p>Nettoie en douceur et r\u00e9hydrate les peaux s\u00e8ches et sensibles.<\/p>\n<p><strong>Rog\u00e9 Cavaill\u00e8s douche lait hydratant<\/strong> nettoie, <strong>r\u00e9hydrate intens\u00e9ment<\/strong> et r\u00e9g\u00e9n\u00e8re les <strong>peaux s\u00e8ches \u00e0 tr\u00e8s s\u00e8ches<\/strong> gr\u00e2ce \u00e0 son complexe lact\u00e9 concentr\u00e9.<\/p>\n<p><strong>Sans savon et sans paraben<\/strong>, ce soin lavant <strong>hypoallerg\u00e9nique<\/strong> respecte la peau et apporte une <strong>hydratation<\/strong> optimale pendant et apr\u00e8s la douche.<\/p>\n<p>Une sensation cocooining et de douceur envahi votre coprs.<\/p>\n<\/p><\/div>","protected":false},"excerpt":{"rendered":"<p>Highlights:Hydrate la peau en continu 24h et restaure la barri\u00e8re cutan\u00e9e. Pour toute la famille.\u2022 Besoin :Hydrater | Peau s\u00e8che \u00e0 tr\u00e8s s\u00e8che | Peau sensible.\u2022 Ingr\u00e9dients Cl\u00e9s :C\u00e9ramides (1, 3 et 6-II) pour prot\u00e9ger et nourrir | Acide Hyaluronique pour maintenir la peau hydrat\u00e9e | Glyc\u00e9rine pour adoucir et prot\u00e9ger.\u2022S\u00e9curit\u00e9 :Sans Parfum | Sans Parab\u00e8ne | Hypoallerg\u00e9nique | Non-Com\u00e9dog\u00e8ne.\u2022 Utilisation :Appliquer matin et soir. Visage et Corps.<\/p>","protected":false},"featured_media":6682,"comment_status":"open","ping_status":"closed","template":"","meta":[],"product_cat":[85],"product_tag":[],"yith_product_brand":[109],"class_list":{"0":"post-6606","1":"product","2":"type-product","3":"status-publish","4":"has-post-thumbnail","6":"product_cat-soins-corps","7":"yith_product_brand-roge-cavailles","9":"first","10":"instock","11":"sale","12":"shipping-taxable","13":"purchasable","14":"product-type-simple"},"_links":{"self":[{"href":"https:\/\/parapharmacieenligne.ma\/en\/wp-json\/wp\/v2\/product\/6606","targetHints":{"allow":["GET"]}}],"collection":[{"href":"https:\/\/parapharmacieenligne.ma\/en\/wp-json\/wp\/v2\/product"}],"about":[{"href":"https:\/\/parapharmacieenligne.ma\/en\/wp-json\/wp\/v2\/types\/product"}],"replies":[{"embeddable":true,"href":"https:\/\/parapharmacieenligne.ma\/en\/wp-json\/wp\/v2\/comments?post=6606"}],"version-history":[{"count":1,"href":"https:\/\/parapharmacieenligne.ma\/en\/wp-json\/wp\/v2\/product\/6606\/revisions"}],"predecessor-version":[{"id":6683,"href":"https:\/\/parapharmacieenligne.ma\/en\/wp-json\/wp\/v2\/product\/6606\/revisions\/6683"}],"wp:featuredmedia":[{"embeddable":true,"href":"https:\/\/parapharmacieenligne.ma\/en\/wp-json\/wp\/v2\/media\/6682"}],"wp:attachment":[{"href":"https:\/\/parapharmacieenligne.ma\/en\/wp-json\/wp\/v2\/media?parent=6606"}],"wp:term":[{"taxonomy":"product_cat","embeddable":true,"href":"https:\/\/parapharmacieenligne.ma\/en\/wp-json\/wp\/v2\/product_cat?post=6606"},{"taxonomy":"product_tag","embeddable":true,"href":"https:\/\/parapharmacieenligne.ma\/en\/wp-json\/wp\/v2\/product_tag?post=6606"},{"taxonomy":"yith_product_brand","embeddable":true,"href":"https:\/\/parapharmacieenligne.ma\/en\/wp-json\/wp\/v2\/yith_product_brand?post=6606"}],"curies":[{"name":"wp","href":"https:\/\/api.w.org\/{rel}","templated":true}]}}