{"id":6610,"date":"2026-01-25T20:54:37","date_gmt":"2026-01-25T19:54:37","guid":{"rendered":"https:\/\/parapharmacieenligne.ma\/?post_type=product&#038;p=6610"},"modified":"2026-01-25T20:56:20","modified_gmt":"2026-01-25T19:56:20","slug":"roge-cavailles-gel-bain-douche-aloe-vera-1l","status":"publish","type":"product","link":"https:\/\/parapharmacieenligne.ma\/en\/product\/roge-cavailles-gel-bain-douche-aloe-vera-1l\/","title":{"rendered":"Rog\u00e9 Cavaill\u00e8s Gel Bain Douche \u2013 Alo\u00e9 V\u00e9ra 1L"},"content":{"rendered":"<div aria-labelledby=\"tab-title-description\" class=\"woocommerce-Tabs-panel woocommerce-Tabs-panel--description panel entry-content wc-tab\" id=\"tab-description\" role=\"tabpanel\" style=\"\">\n<h2>Description<\/h2>\n<p>Ce Gel Bain et Douche \u00e0 l\u2019Alo\u00e9 V\u00e9ra bio est sp\u00e9cifiquement formul\u00e9 pour nettoyer les peaux d\u00e9licates et sensibles de toute votre famille.<br \/>\n Enrichi en surgras v\u00e9g\u00e9tal, il aide \u00e0 assouplir et adoucir votre peau au quotidien en renfor\u00e7ant son film hydrolipidique.<\/p>\n<p>Avec une formule compos\u00e9e \u00e0 98,3% d\u2019ingr\u00e9dients d\u2019origine naturelle, ce Gel Bain et Douche met la naturalit\u00e9 au service de votre peau. Son complexe m\u00ealant l\u2019Alo\u00e9 V\u00e9ra Bio, un actif riche en nutriments et oligo-\u00e9l\u00e9ments, et l\u2019huile d\u2019Amande bio, la prot\u00e8ge et la nourrit naturellement.<\/p>\n<p>Sa mousse onctueuse r\u00e9v\u00e8le un parfum 100% d\u2019origine naturelle et vous procure un v\u00e9ritable moment de plaisir dans le bain ou sous la douche. Appliquez-le sur votre peau pr\u00e9alablement mouill\u00e9e puis faites mousser. Le Gel Bain et Douche au surgras v\u00e9g\u00e9tal se rince facilement \u00e0 l\u2019eau ti\u00e8de.<\/p>\n<\/p><\/div>","protected":false},"excerpt":{"rendered":"<p>Highlights:Exfolie, adoucit et lisse les rugosit\u00e9s. Aide \u00e0 restaurer la barri\u00e8re cutan\u00e9e.\u2022 Besoin :Hydrater | Apaiser | Lisser | Peaux s\u00e8ches, rugueuses et squameuses.\u2022 Ingr\u00e9dients Cl\u00e9s :C\u00e9ramides (1, 3 et 6-II) pour prot\u00e9ger et nourrir | Acide Salicylique pour exfolier en douceur | Ur\u00e9e 10% pour hydrater.\u2022S\u00e9curit\u00e9 :Sans Parfum | Hypoallerg\u00e9nique | Non-Com\u00e9dog\u00e8ne.\u2022 Utilisation :Appliquer g\u00e9n\u00e9reusement aussi souvent que n\u00e9cessaire. Corps.<\/p>","protected":false},"featured_media":6690,"comment_status":"open","ping_status":"closed","template":"","meta":[],"product_cat":[85],"product_tag":[],"yith_product_brand":[109],"class_list":{"0":"post-6610","1":"product","2":"type-product","3":"status-publish","4":"has-post-thumbnail","6":"product_cat-soins-corps","7":"yith_product_brand-roge-cavailles","9":"first","10":"instock","11":"sale","12":"shipping-taxable","13":"purchasable","14":"product-type-simple"},"_links":{"self":[{"href":"https:\/\/parapharmacieenligne.ma\/en\/wp-json\/wp\/v2\/product\/6610","targetHints":{"allow":["GET"]}}],"collection":[{"href":"https:\/\/parapharmacieenligne.ma\/en\/wp-json\/wp\/v2\/product"}],"about":[{"href":"https:\/\/parapharmacieenligne.ma\/en\/wp-json\/wp\/v2\/types\/product"}],"replies":[{"embeddable":true,"href":"https:\/\/parapharmacieenligne.ma\/en\/wp-json\/wp\/v2\/comments?post=6610"}],"version-history":[{"count":1,"href":"https:\/\/parapharmacieenligne.ma\/en\/wp-json\/wp\/v2\/product\/6610\/revisions"}],"predecessor-version":[{"id":6691,"href":"https:\/\/parapharmacieenligne.ma\/en\/wp-json\/wp\/v2\/product\/6610\/revisions\/6691"}],"wp:featuredmedia":[{"embeddable":true,"href":"https:\/\/parapharmacieenligne.ma\/en\/wp-json\/wp\/v2\/media\/6690"}],"wp:attachment":[{"href":"https:\/\/parapharmacieenligne.ma\/en\/wp-json\/wp\/v2\/media?parent=6610"}],"wp:term":[{"taxonomy":"product_cat","embeddable":true,"href":"https:\/\/parapharmacieenligne.ma\/en\/wp-json\/wp\/v2\/product_cat?post=6610"},{"taxonomy":"product_tag","embeddable":true,"href":"https:\/\/parapharmacieenligne.ma\/en\/wp-json\/wp\/v2\/product_tag?post=6610"},{"taxonomy":"yith_product_brand","embeddable":true,"href":"https:\/\/parapharmacieenligne.ma\/en\/wp-json\/wp\/v2\/yith_product_brand?post=6610"}],"curies":[{"name":"wp","href":"https:\/\/api.w.org\/{rel}","templated":true}]}}