{"id":6611,"date":"2026-01-25T20:54:38","date_gmt":"2026-01-25T19:54:38","guid":{"rendered":"https:\/\/parapharmacieenligne.ma\/?post_type=product&#038;p=6611"},"modified":"2026-01-25T20:56:26","modified_gmt":"2026-01-25T19:56:26","slug":"roge-cavailles-lingettes-intimes-secheresse-15-lingettes","status":"publish","type":"product","link":"https:\/\/parapharmacieenligne.ma\/en\/product\/roge-cavailles-lingettes-intimes-secheresse-15-lingettes\/","title":{"rendered":"Rog\u00e9 Cavaill\u00e8s Lingettes Intimes S\u00e9cheresse 15 Lingettes"},"content":{"rendered":"<div aria-labelledby=\"tab-title-description\" class=\"woocommerce-Tabs-panel woocommerce-Tabs-panel--description panel entry-content wc-tab\" id=\"tab-description\" role=\"tabpanel\" style=\"\">\n<h2>Description<\/h2>\n<p>Rog\u00e9 Cavaill\u00e8s Lingettes Intimes S\u00e9cheresse 15 Lingettes sont des lingettes en tissu 100% d\u2019origine naturelle qui apportent hydratation et confort durable.<br \/>\n Pratiques et efficaces, ces lingettes sp\u00e9cial s\u00e9cheresse enrichies en extrait de feuilles d\u2019olivier assurent une hydratation renforc\u00e9e des muqueuses, une hygi\u00e8ne parfaite et une protection renforc\u00e9e contre les odeurs. Sans rin\u00e7age.<\/p>\n<\/p><\/div>","protected":false},"excerpt":{"rendered":"<p>Highlights:pH physiologique.Test\u00e9 sous contr\u00f4le gyn\u00e9cologique. Test\u00e9 cliniquement sur muqueuses \u00e0 tendance s\u00e8ches.Sans savon ni alcool.<\/p>","protected":false},"featured_media":6698,"comment_status":"open","ping_status":"closed","template":"","meta":[],"product_cat":[85],"product_tag":[],"yith_product_brand":[109],"class_list":{"0":"post-6611","1":"product","2":"type-product","3":"status-publish","4":"has-post-thumbnail","6":"product_cat-soins-corps","7":"yith_product_brand-roge-cavailles","9":"first","10":"instock","11":"sale","12":"shipping-taxable","13":"purchasable","14":"product-type-simple"},"_links":{"self":[{"href":"https:\/\/parapharmacieenligne.ma\/en\/wp-json\/wp\/v2\/product\/6611","targetHints":{"allow":["GET"]}}],"collection":[{"href":"https:\/\/parapharmacieenligne.ma\/en\/wp-json\/wp\/v2\/product"}],"about":[{"href":"https:\/\/parapharmacieenligne.ma\/en\/wp-json\/wp\/v2\/types\/product"}],"replies":[{"embeddable":true,"href":"https:\/\/parapharmacieenligne.ma\/en\/wp-json\/wp\/v2\/comments?post=6611"}],"version-history":[{"count":1,"href":"https:\/\/parapharmacieenligne.ma\/en\/wp-json\/wp\/v2\/product\/6611\/revisions"}],"predecessor-version":[{"id":6699,"href":"https:\/\/parapharmacieenligne.ma\/en\/wp-json\/wp\/v2\/product\/6611\/revisions\/6699"}],"wp:featuredmedia":[{"embeddable":true,"href":"https:\/\/parapharmacieenligne.ma\/en\/wp-json\/wp\/v2\/media\/6698"}],"wp:attachment":[{"href":"https:\/\/parapharmacieenligne.ma\/en\/wp-json\/wp\/v2\/media?parent=6611"}],"wp:term":[{"taxonomy":"product_cat","embeddable":true,"href":"https:\/\/parapharmacieenligne.ma\/en\/wp-json\/wp\/v2\/product_cat?post=6611"},{"taxonomy":"product_tag","embeddable":true,"href":"https:\/\/parapharmacieenligne.ma\/en\/wp-json\/wp\/v2\/product_tag?post=6611"},{"taxonomy":"yith_product_brand","embeddable":true,"href":"https:\/\/parapharmacieenligne.ma\/en\/wp-json\/wp\/v2\/yith_product_brand?post=6611"}],"curies":[{"name":"wp","href":"https:\/\/api.w.org\/{rel}","templated":true}]}}